{"id":1332,"date":"2011-10-12T15:04:14","date_gmt":"2011-10-12T15:04:14","guid":{"rendered":"http:\/\/www.kenderfono.hu\/?page_id=1332"},"modified":"2015-10-13T15:35:40","modified_gmt":"2015-10-13T15:35:40","slug":"cegunkrol","status":"publish","type":"page","link":"https:\/\/www.kenderfono.hu\/de\/cegunkrol\/cegunkrol\/","title":{"rendered":"Unsere Firma"},"content":{"rendered":"<p>The history of the FIRST HUNGARIAN HEMP SPINNING COMPANY goes back\u00a0 135 years in the past. Its predecessor the Szegedi Kendergy\u00e1r was found by Mr. N\u00e1ndor Bakay in 1877\u00a0 for manufacturing hemp twine, cordage, rope and fabrics.<\/p>\n<p>The factory offers a wide assortment of yarns, twines and ropes. Our products are sold throughout North America and Europe.<\/p>\n<p>The company&#8217;s primary goal is to produce top quality cordage from natural and environmentally friendly raw materials for the agricultural sector, craft industry, furniture manufacturing and many other uses.<\/p>\n<p>The Plastic Division of ELS\u0150 MAGYAR KENDERFON\u00d3 ZRT. (First Hungarian Hemp Spinning Co.) has an almost 40 years&#8216; professional experience in the field of Raschel production. As one of the greatest Raschel producer in Central Europe, we can offer a wide variety of Raschel bags, hoses and Raschel nets to our customers. Our product range includes several types of polypropylene string and baler twine to suit the many different needs in households as well as in the agricultural sector.<\/p>\n<p>Our company deals primarily with wholesale and retail trade, which is realized mainly in the home market, while the rest of the production\u00a0 is exported to European countries.<\/p>\n<p>Due to the specific nature of our products our\u00a0 main customers are middlemen and end-users who are engaged in agricultural activities.<br \/>\nOur company tries to form the\u00a0 assortment of products according to the needs of the customers. As soon as the Sales Department learns about a customer need it decides on the products to be produced and on the manufacturing schedule.<\/p>\n<p>We are striving to establish solid and long term business relationship with our business partners, including our customers and our suppliers bearing in mind mutual respect and mutual satisfaction. Our traders and technicians are always at the disposal of our partners to solve any special demands. The dynamic development of the company is assured by the increase of the satisfaction of the customers, and strengthening our position by increasing our share in the market.<\/p>\n<p>During the summer in 2009 our company moved from Szeged to a new location \u2013 to H\u00f3dmez\u0151v\u00e1s\u00e1rhely where the production continues under much modern circumstances.We are hopeful that after studying our product catalogs you get an overview on our company and our products to enable you to choose the most appropriate goods for your purposes.<\/p>\n<p><!--more--><\/p>","protected":false},"excerpt":{"rendered":"<p>Leider ist der Eintrag nur auf Magyar verf\u00fcgbar.Az Els\u0151 Magyar Kenderfon\u00f3 Zrt. k\u00f6zel 135 \u00e9ves m\u00faltra tekint vissza. El\u0151dj\u00e9t, a Szegedi Kendergy\u00e1rat, Bakay N\u00e1ndor alap\u00edtotta 1877-ben, kenderb\u0151l k\u00e9sz\u00fclt zsinegek, k\u00f6t\u00f6z\u0151k, k\u00f6telek \u00e9s sz\u00f6vetek gy\u00e1rt\u00e1s\u00e1ra. K\u00f6z\u00e9p-Eur\u00f3pa legnagyobb kenderfeldolgoz\u00f3 \u00fczemek\u00e9nt, kenderzsinegek zsinegek, k\u00f6telek, fonalak sz\u00e9les v\u00e1laszt\u00e9k\u00e1t k\u00edn\u00e1ljuk. Term\u00e9keinket az Egyes\u00fclt \u00c1llamokba, illetve Eur\u00f3pa sz\u00e1mos orsz\u00e1g\u00e1ba export\u00e1ljuk. Legfontosabb [&hellip;]<\/p>\n","protected":false},"author":8,"featured_media":0,"parent":661,"menu_order":0,"comment_status":"open","ping_status":"open","template":"","meta":{"ngg_post_thumbnail":0,"footnotes":""},"class_list":["post-1332","page","type-page","status-publish","hentry"],"aioseo_notices":[],"_links":{"self":[{"href":"https:\/\/www.kenderfono.hu\/de\/wp-json\/wp\/v2\/pages\/1332","targetHints":{"allow":["GET"]}}],"collection":[{"href":"https:\/\/www.kenderfono.hu\/de\/wp-json\/wp\/v2\/pages"}],"about":[{"href":"https:\/\/www.kenderfono.hu\/de\/wp-json\/wp\/v2\/types\/page"}],"author":[{"embeddable":true,"href":"https:\/\/www.kenderfono.hu\/de\/wp-json\/wp\/v2\/users\/8"}],"replies":[{"embeddable":true,"href":"https:\/\/www.kenderfono.hu\/de\/wp-json\/wp\/v2\/comments?post=1332"}],"version-history":[{"count":6,"href":"https:\/\/www.kenderfono.hu\/de\/wp-json\/wp\/v2\/pages\/1332\/revisions"}],"predecessor-version":[{"id":2218,"href":"https:\/\/www.kenderfono.hu\/de\/wp-json\/wp\/v2\/pages\/1332\/revisions\/2218"}],"up":[{"embeddable":true,"href":"https:\/\/www.kenderfono.hu\/de\/wp-json\/wp\/v2\/pages\/661"}],"wp:attachment":[{"href":"https:\/\/www.kenderfono.hu\/de\/wp-json\/wp\/v2\/media?parent=1332"}],"curies":[{"name":"wp","href":"https:\/\/api.w.org\/{rel}","templated":true}]}}