{"id":1346,"date":"2011-10-13T08:47:27","date_gmt":"2011-10-13T08:47:27","guid":{"rendered":"http:\/\/www.kenderfono.hu\/?page_id=1346"},"modified":"2012-02-13T12:02:37","modified_gmt":"2012-02-13T12:02:37","slug":"minosegpolitika","status":"publish","type":"page","link":"https:\/\/www.kenderfono.hu\/de\/cegunkrol\/minosegpolitika\/","title":{"rendered":"Qualit\u00e4tspolitik"},"content":{"rendered":"<p>Unser Ziel ist eine in Europa anerkannte und im Inland dominierende Firma zu sein, die die Kundenanspr\u00fcche v\u00f6llig befriedigt, und vor allem Bind- und Verpackungsstoffe nat\u00fcrlichen und umweltfreundlichen Grundstoffes herstellt, bzw. das moderne Firmenimage auf jahrhundertlangen Unternehmenstraditionen zu schaffen und aufrechtzuerhalten.<\/p>\n<p>Wir haben Verantwortung f\u00fcr unsere Mitarbeiter, wir st\u00fctzen uns auf ihr Fachwissen und ihre Kreativit\u00e4t. Wir sichern f\u00fcr uns alle gleiche Chance zu Entwicklung, Selbstverwirklichung und Fortschritt.<\/p>\n<p>Der zu unserer Entwicklung n\u00f6tige und von den Aktion\u00e4ren erwartete Gewinn wird durch die bessere Ausnutzung der vorhandenen Quellen, und durch st\u00e4ndige Innovation gesichert.<\/p>\n<p><img loading=\"lazy\" decoding=\"async\" class=\"aligncenter\" title=\"Qualit\u00e4tspolitik\" src=\"http:\/\/www.kenderfono.hu\/wp-content\/uploads\/2011\/10\/minosegpolitika-300x233.jpg\" alt=\"\" width=\"300\" height=\"233\" \/><\/p>\n<p>Der qualifizierte, mit seiner Arbeit zufriedene, motivierte Mitarbeiter wird von uns f\u00fcr die wichtigste Produktionsquelle gehalten, dessen Engagiertheit von uns gefordert und auch anerkannt wird. Wir sind der Absicht, das in der Firma konzentrierende Wissen hohen Niveaus zu bewahren. Wir erwarten von unseren Mitarbeitern die Entwicklung ihrer fachlichen F\u00e4higkeiten, und dazu haben wir alle M\u00f6glichkeiten zu bieten.<\/p>\n<p>Unser Unternehmen entwickelt st\u00e4ndig in allen seiner T\u00e4tigkeitsbereichen die Bedingungen des langfristigen Wertschaffens. Die Erforderung den selbstverrechnenden Einheiten entgegen ist eine selbstlernende, auf die \u00c4nderungen gut reagierende, neue Kenntnisse konstruktiv integrierende, Innovation und Kreativit\u00e4t f\u00fcr positiv haltende und hohes Einkommen produzierende Organisation schaffen zu k\u00f6nnen.<\/p>\n<p>Wir versuchen stabile und langfristige Beziehungen mit unseren Gesch\u00e4ftspartnern zu schlie\u00dfen, sowohl mit den Kunden als auch unseren Lieferanten &#8211; auf Grund des Prinzips des Nutzes und Verehrens. Unseren dynamischen Zuwachs garantieren neben der Steigerung der Kundenzufriedenheit die Verst\u00e4rkung der Marktpositionen und das Vermehren der Marktanteile.<\/p>\n<p>Die hohe Unternehmenskultur ergibt den Erfolg unserer Firma. Im Zentrum unseres Wertsystems steht die anspruchsvolle und hochwertige Arbeit.<\/p>\n<p>Wir haben die Absicht, Vertrauen und Zufriedenheit unserer Partner und Mitarbeiter als f\u00fcr das Neue empf\u00e4ngliches, stabil und sich dynamisch entwickelndes Unternehmen zu gewinnen und zu behalten.<\/p>\n<p><\/p>","protected":false},"excerpt":{"rendered":"<p>Unser Ziel ist eine in Europa anerkannte und im Inland dominierende Firma zu sein, die die Kundenanspr\u00fcche v\u00f6llig befriedigt, und vor allem Bind- und Verpackungsstoffe nat\u00fcrlichen und umweltfreundlichen Grundstoffes herstellt, bzw. das moderne Firmenimage auf jahrhundertlangen Unternehmenstraditionen zu schaffen und aufrechtzuerhalten. Wir haben Verantwortung f\u00fcr unsere Mitarbeiter, wir st\u00fctzen uns auf ihr Fachwissen und ihre [&hellip;]<\/p>\n","protected":false},"author":8,"featured_media":0,"parent":661,"menu_order":0,"comment_status":"open","ping_status":"open","template":"","meta":{"ngg_post_thumbnail":0,"footnotes":""},"class_list":["post-1346","page","type-page","status-publish","hentry"],"aioseo_notices":[],"_links":{"self":[{"href":"https:\/\/www.kenderfono.hu\/de\/wp-json\/wp\/v2\/pages\/1346","targetHints":{"allow":["GET"]}}],"collection":[{"href":"https:\/\/www.kenderfono.hu\/de\/wp-json\/wp\/v2\/pages"}],"about":[{"href":"https:\/\/www.kenderfono.hu\/de\/wp-json\/wp\/v2\/types\/page"}],"author":[{"embeddable":true,"href":"https:\/\/www.kenderfono.hu\/de\/wp-json\/wp\/v2\/users\/8"}],"replies":[{"embeddable":true,"href":"https:\/\/www.kenderfono.hu\/de\/wp-json\/wp\/v2\/comments?post=1346"}],"version-history":[{"count":5,"href":"https:\/\/www.kenderfono.hu\/de\/wp-json\/wp\/v2\/pages\/1346\/revisions"}],"predecessor-version":[{"id":1367,"href":"https:\/\/www.kenderfono.hu\/de\/wp-json\/wp\/v2\/pages\/1346\/revisions\/1367"}],"up":[{"embeddable":true,"href":"https:\/\/www.kenderfono.hu\/de\/wp-json\/wp\/v2\/pages\/661"}],"wp:attachment":[{"href":"https:\/\/www.kenderfono.hu\/de\/wp-json\/wp\/v2\/media?parent=1346"}],"curies":[{"name":"wp","href":"https:\/\/api.w.org\/{rel}","templated":true}]}}