{"id":2644,"date":"2024-04-03T21:53:33","date_gmt":"2024-04-03T20:53:33","guid":{"rendered":"https:\/\/www.kenderfono.hu\/?page_id=2644"},"modified":"2024-04-04T12:50:15","modified_gmt":"2024-04-04T11:50:15","slug":"balahalo","status":"publish","type":"page","link":"https:\/\/www.kenderfono.hu\/de\/termekeink\/balahalo\/","title":{"rendered":"(Magyar) B\u00e1lah\u00e1l\u00f3"},"content":{"rendered":"<p class=\"qtranxs-available-languages-message qtranxs-available-languages-message-de\">Leider ist der Eintrag nur auf <a href=\"https:\/\/www.kenderfono.hu\/hu\/wp-json\/wp\/v2\/pages\/2644\" class=\"qtranxs-available-language-link qtranxs-available-language-link-hu\" title=\"Magyar\">Magyar<\/a> verf\u00fcgbar.<\/p><p>\n\t\t<style type=\"text\/css\">\n\t\t\t#gallery-1 {\n\t\t\t\tmargin: auto;\n\t\t\t}\n\t\t\t#gallery-1 .gallery-item {\n\t\t\t\tfloat: left;\n\t\t\t\tmargin-top: 10px;\n\t\t\t\ttext-align: center;\n\t\t\t\twidth: 33%;\n\t\t\t}\n\t\t\t#gallery-1 img {\n\t\t\t\tborder: 2px solid #cfcfcf;\n\t\t\t}\n\t\t\t#gallery-1 .gallery-caption {\n\t\t\t\tmargin-left: 0;\n\t\t\t}\n\t\t\t\/* see gallery_shortcode() in wp-includes\/media.php *\/\n\t\t<\/style>\n\t\t<div id='gallery-1' class='gallery galleryid-2644 gallery-columns-3 gallery-size-thumbnail'><dl class='gallery-item'>\n\t\t\t<dt class='gallery-icon landscape'>\n\t\t\t\t<a href='https:\/\/www.kenderfono.hu\/wp-content\/uploads\/2024\/04\/balak.jpg'><img loading=\"lazy\" decoding=\"async\" width=\"200\" height=\"184\" src=\"https:\/\/www.kenderfono.hu\/wp-content\/uploads\/2024\/04\/balak-200x184.jpg\" class=\"attachment-thumbnail size-thumbnail\" alt=\"\" \/><\/a>\n\t\t\t<\/dt><\/dl><dl class='gallery-item'>\n\t\t\t<dt class='gallery-icon landscape'>\n\t\t\t\t<a href='https:\/\/www.kenderfono.hu\/wp-content\/uploads\/2024\/04\/traktorbalahalo.jpg'><img loading=\"lazy\" decoding=\"async\" width=\"200\" height=\"200\" src=\"https:\/\/www.kenderfono.hu\/wp-content\/uploads\/2024\/04\/traktorbalahalo-200x200.jpg\" class=\"attachment-thumbnail size-thumbnail\" alt=\"\" \/><\/a>\n\t\t\t<\/dt><\/dl><dl class='gallery-item'>\n\t\t\t<dt class='gallery-icon landscape'>\n\t\t\t\t<a href='https:\/\/www.kenderfono.hu\/wp-content\/uploads\/2024\/04\/foldon-halo.jpg'><img loading=\"lazy\" decoding=\"async\" width=\"200\" height=\"200\" src=\"https:\/\/www.kenderfono.hu\/wp-content\/uploads\/2024\/04\/foldon-halo-200x200.jpg\" class=\"attachment-thumbnail size-thumbnail\" alt=\"\" \/><\/a>\n\t\t\t<\/dt><\/dl><br style=\"clear: both\" \/>\n\t\t<\/div>\n<\/p>\n<p>Kiemelked\u0151 szak\u00edt\u00f3szil\u00e1rds\u00e1g, t\u00f6k\u00e9letes v\u00e1llfed\u00e9s, remek UV stabilit\u00e1s.<\/p>\n<table border=\"0\" width=\"600px\" cellspacing=\"0\" cellpadding=\"0\">\n<tbody>\n<tr class=\"odd\">\n<td style=\"width: 30%;\">Sz\u00e9less\u00e9g:<\/td>\n<td class=\"num\" style=\"width: 70%;\">123 cm (+\/-1 cm)<\/td>\n<\/tr>\n<tr>\n<td style=\"width: 30%;\">Hossz\u00fas\u00e1g:<\/td>\n<td class=\"num\" style=\"width: 70%;\">3000 m<\/td>\n<\/tr>\n<tr class=\"odd\">\n<td style=\"width: 30%;\">S\u00faly:<\/td>\n<td class=\"num\" style=\"width: 70%;\">11 g\/m (+\/- 5%)<\/td>\n<\/tr>\n<tr>\n<td style=\"width: 30%;\">Tekercs s\u00faly:<\/td>\n<td class=\"num\" style=\"width: 70%;\">35 kg (+\/-5%)<\/td>\n<\/tr>\n<tr class=\"odd\">\n<td style=\"width: 30%;\">Szak\u00edt\u00f3szil\u00e1rds\u00e1g:<\/td>\n<td class=\"num\" style=\"width: 70%;\">26-28 kg.<\/td>\n<\/tr>\n<tr>\n<td style=\"width: 30%;\">Uv stabilit\u00e1s:<\/td>\n<td class=\"num\" style=\"width: 70%;\">kiv\u00e1l\u00f3<\/td>\n<\/tr>\n<tr class=\"odd\">\n<td style=\"width: 30%;\">Fonals\u0171r\u0171s\u00e9g:<\/td>\n<td class=\"num\" style=\"width: 70%;\">50<\/td>\n<\/tr>\n<tr>\n<td style=\"width: 30%;\">Ny\u00fal\u00e1s:<\/td>\n<td class=\"num\" style=\"width: 70%;\">19-21 %<\/td>\n<\/tr>\n<tr class=\"odd\">\n<td style=\"width: 30%;\">Tekercs \u00e1tm\u00e9r\u0151:<\/td>\n<td class=\"num\" style=\"width: 70%;\">26-28 cm<\/td>\n<\/tr>\n<\/tbody>\n<\/table>\n<p><\/p>","protected":false},"excerpt":{"rendered":"<p>Leider ist der Eintrag nur auf Magyar verf\u00fcgbar. Kiemelked\u0151 szak\u00edt\u00f3szil\u00e1rds\u00e1g, t\u00f6k\u00e9letes v\u00e1llfed\u00e9s, remek UV stabilit\u00e1s. Sz\u00e9less\u00e9g: 123 cm (+\/-1 cm) Hossz\u00fas\u00e1g: 3000 m S\u00faly: 11 g\/m (+\/- 5%) Tekercs s\u00faly: 35 kg (+\/-5%) Szak\u00edt\u00f3szil\u00e1rds\u00e1g: 26-28 kg. Uv stabilit\u00e1s: kiv\u00e1l\u00f3 Fonals\u0171r\u0171s\u00e9g: 50 Ny\u00fal\u00e1s: 19-21 % Tekercs \u00e1tm\u00e9r\u0151: 26-28 cm<\/p>\n","protected":false},"author":8,"featured_media":0,"parent":663,"menu_order":0,"comment_status":"closed","ping_status":"closed","template":"","meta":{"ngg_post_thumbnail":0,"footnotes":""},"class_list":["post-2644","page","type-page","status-publish","hentry"],"aioseo_notices":[],"_links":{"self":[{"href":"https:\/\/www.kenderfono.hu\/de\/wp-json\/wp\/v2\/pages\/2644","targetHints":{"allow":["GET"]}}],"collection":[{"href":"https:\/\/www.kenderfono.hu\/de\/wp-json\/wp\/v2\/pages"}],"about":[{"href":"https:\/\/www.kenderfono.hu\/de\/wp-json\/wp\/v2\/types\/page"}],"author":[{"embeddable":true,"href":"https:\/\/www.kenderfono.hu\/de\/wp-json\/wp\/v2\/users\/8"}],"replies":[{"embeddable":true,"href":"https:\/\/www.kenderfono.hu\/de\/wp-json\/wp\/v2\/comments?post=2644"}],"version-history":[{"count":6,"href":"https:\/\/www.kenderfono.hu\/de\/wp-json\/wp\/v2\/pages\/2644\/revisions"}],"predecessor-version":[{"id":2664,"href":"https:\/\/www.kenderfono.hu\/de\/wp-json\/wp\/v2\/pages\/2644\/revisions\/2664"}],"up":[{"embeddable":true,"href":"https:\/\/www.kenderfono.hu\/de\/wp-json\/wp\/v2\/pages\/663"}],"wp:attachment":[{"href":"https:\/\/www.kenderfono.hu\/de\/wp-json\/wp\/v2\/media?parent=2644"}],"curies":[{"name":"wp","href":"https:\/\/api.w.org\/{rel}","templated":true}]}}