{"id":665,"date":"2011-07-26T08:58:02","date_gmt":"2011-07-26T08:58:02","guid":{"rendered":"http:\/\/kenderfono.flornatura.hu\/?page_id=665"},"modified":"2011-10-03T20:43:17","modified_gmt":"2011-10-03T20:43:17","slug":"felhasznalas","status":"publish","type":"page","link":"https:\/\/www.kenderfono.hu\/de\/felhasznalas\/","title":{"rendered":"Anwendung"},"content":{"rendered":"<p><\/p>\n<h2>Mez\u0151gazdas\u00e1g<\/h2>\n<p>A PP k\u00f6t\u00f6z\u0151zsineg sz\u00e9lesk\u00f6r\u0171 felhaszn\u00e1l\u00e1sa ismert. A mez\u0151gazdas\u00e1gi k\u00f6t\u00f6z\u00e9s, futtat\u00e1s fontos seg\u00e9deszk\u00f6ze, a b\u00e1l\u00e1z\u00e1si folyamat elengedhetetlen kell\u00e9ke. A csomagol\u00e1s ter\u00fclet\u00e9n \u00e9s a h\u00e1ztart\u00e1sokban is sok seg\u00edts\u00e9get jelent.<\/p>\n<h2>Csomagol\u00e1s<\/h2>\n<p>A raschel zs\u00e1k mindm\u00e1ig a legkorszer\u0171bb csomagol\u00f3anyag z\u00f6lds\u00e9gek, gy\u00fcm\u00f6lcs\u00f6k csomagol\u00e1s\u00e1ra, t\u00e1rol\u00e1s\u00e1ra \u00e9s sz\u00e1ll\u00edt\u00e1s\u00e1ra. A g\u00f6ngy\u00f6leg s\u00falya csup\u00e1n ezredr\u00e9sze a t\u00f6lt\u0151s\u00falynak, emellett t\u00f6k\u00e9letesen biztos\u00edtja az \u00e1ru szell\u0151z\u00e9s\u00e9t. A h\u00e1l\u00f3szer\u0171 konstrukci\u00f3 \u00e9s a megfelel\u0151en kiv\u00e1lasztott sz\u00edn, eszt\u00e9tikus megjelen\u00e9st k\u00f6lcs\u00f6n\u00f6z a term\u00e9nynek. A zs\u00e1kok 2,5-30 kg t\u00f6lt\u0151s\u00faly tartom\u00e1nyban, sz\u00e9les sz\u00ednsk\u00e1l\u00e1n v\u00e1laszthat\u00f3ak. Ig\u00e9ny szerint lehet\u0151s\u00e9g van k\u00fcl\u00f6nleges sz\u00edn\u00f6ssze\u00e1ll\u00edt\u00e1sra is, mint pl. p\u00f3r\u00e9hagyma eset\u00e9ben z\u00f6ld-feh\u00e9r kombin\u00e1ci\u00f3ra, vagy a fenek\u00e9n\/sz\u00e1j\u00e1n elt\u00e9r\u0151 sz\u00edn\u0171 h\u00e1l\u00f3ra. A zs\u00e1k felhaszn\u00e1l\u00e1s\u00e1t k\u00e9nyelmesebb\u00e9 \u00e9s egyszer\u0171bb\u00e9 teszi a gy\u00e1rt\u00e1s sor\u00e1n a zs\u00e1kokba r\u00f6gz\u00edtett sz\u00e1jbek\u00f6t\u0151 sz\u00e1l.<\/p>\n<h2>Doh\u00e1nyipar<\/h2>\n<p>A kenderzsinegek vastagabb 2\/0,40 valamint 4\/0,70-es fajt\u00e1it sz\u00e9lesk\u00f6r\u0171en haszn\u00e1lj\u00e1k a doh\u00e1nyfeldolgoz\u00e1s sor\u00e1n. A zsineg fel\u00fclete egyenletes, szak\u00edt\u00f3ereje magas, valamint ellen\u00e1ll\u00f3 a doh\u00e1nylev\u00e9l sz\u00e1r\u00e1ban tal\u00e1lhat\u00f3, mar\u00f3 hat\u00e1s\u00fa vegy\u00fcletekkel szemben. Magyarorsz\u00e1gon els\u0151sorban az Alf\u00f6ld keleti r\u00e9szen termesztenek nemzetk\u00f6zi szinten is elismert min\u0151s\u00e9g\u0171 doh\u00e1nyt.<\/p>\n<h2>H\u00fasipar<\/h2>\n<p>A h\u00fasiparban k\u00f6t\u00f6z\u0151anyagk\u00e9nt m\u00e1r \u00e9vsz\u00e1zadok \u00f3ta haszn\u00e1lj\u00e1k a kenderzsineget. A kolb\u00e1szok, szalonn\u00e1k, felv\u00e1gottak \u00e9s egy\u00e9b h\u00fasipari k\u00e9sz\u00edtm\u00e9nyek el\u0151\u00e1ll\u00edt\u00e1s\u00e1ban, f\u00fcst\u00f6l\u00e9skor, sz\u00e1r\u00edt\u00e1skor nagyon fontos a megfelel\u0151 szak\u00edt\u00f3er\u0151, ez\u00e9rt a 2\/1,75-\u00f6s, 2\/1,25-\u00f6s \u00e9s a 3\/3,5-es nat\u00far zsinegeket haszn\u00e1lj\u00e1k k\u00f6t\u00f6z\u00e9sre, valamint a nemzetisz\u00edn\u0171 zsineget dekor\u00e1ci\u00f3s c\u00e9lokra.<\/p>\n<h2>K\u00e9zm\u0171vess\u00e9g<\/h2>\n<p>A hazai \u00e9s az eur\u00f3pai k\u00e9zm\u0171vesek is \u00fajra felfedezt\u00e9k ezt az \u0151si term\u00e9szetes anyagot, mely j\u00f3l alkalmazhat\u00f3 nemcsak a hagyom\u00e1nyos k\u00e9zm\u0171ves technik\u00e1khoz, hanem a mai kor modern kreat\u00edv \u00e9s hobbi technik\u00e1inak kieg\u00e9sz\u00edt\u00e9sek\u00e9nt is.<\/p>","protected":false},"excerpt":{"rendered":"<p>Mez\u0151gazdas\u00e1g A PP k\u00f6t\u00f6z\u0151zsineg sz\u00e9lesk\u00f6r\u0171 felhaszn\u00e1l\u00e1sa ismert. A mez\u0151gazdas\u00e1gi k\u00f6t\u00f6z\u00e9s, futtat\u00e1s fontos seg\u00e9deszk\u00f6ze, a b\u00e1l\u00e1z\u00e1si folyamat elengedhetetlen kell\u00e9ke. A csomagol\u00e1s ter\u00fclet\u00e9n \u00e9s a h\u00e1ztart\u00e1sokban is sok seg\u00edts\u00e9get jelent. Csomagol\u00e1s A raschel zs\u00e1k mindm\u00e1ig a legkorszer\u0171bb csomagol\u00f3anyag z\u00f6lds\u00e9gek, gy\u00fcm\u00f6lcs\u00f6k csomagol\u00e1s\u00e1ra, t\u00e1rol\u00e1s\u00e1ra \u00e9s sz\u00e1ll\u00edt\u00e1s\u00e1ra. A g\u00f6ngy\u00f6leg s\u00falya csup\u00e1n ezredr\u00e9sze a t\u00f6lt\u0151s\u00falynak, emellett t\u00f6k\u00e9letesen biztos\u00edtja az \u00e1ru szell\u0151z\u00e9s\u00e9t. [&hellip;]<\/p>\n","protected":false},"author":8,"featured_media":0,"parent":0,"menu_order":0,"comment_status":"open","ping_status":"open","template":"","meta":{"ngg_post_thumbnail":0,"footnotes":""},"class_list":["post-665","page","type-page","status-publish","hentry"],"aioseo_notices":[],"_links":{"self":[{"href":"https:\/\/www.kenderfono.hu\/de\/wp-json\/wp\/v2\/pages\/665","targetHints":{"allow":["GET"]}}],"collection":[{"href":"https:\/\/www.kenderfono.hu\/de\/wp-json\/wp\/v2\/pages"}],"about":[{"href":"https:\/\/www.kenderfono.hu\/de\/wp-json\/wp\/v2\/types\/page"}],"author":[{"embeddable":true,"href":"https:\/\/www.kenderfono.hu\/de\/wp-json\/wp\/v2\/users\/8"}],"replies":[{"embeddable":true,"href":"https:\/\/www.kenderfono.hu\/de\/wp-json\/wp\/v2\/comments?post=665"}],"version-history":[{"count":9,"href":"https:\/\/www.kenderfono.hu\/de\/wp-json\/wp\/v2\/pages\/665\/revisions"}],"predecessor-version":[{"id":694,"href":"https:\/\/www.kenderfono.hu\/de\/wp-json\/wp\/v2\/pages\/665\/revisions\/694"}],"wp:attachment":[{"href":"https:\/\/www.kenderfono.hu\/de\/wp-json\/wp\/v2\/media?parent=665"}],"curies":[{"name":"wp","href":"https:\/\/api.w.org\/{rel}","templated":true}]}}