{"id":767,"date":"2011-08-08T09:06:42","date_gmt":"2011-08-08T09:06:42","guid":{"rendered":"http:\/\/kenderfono.flornatura.hu\/?page_id=767"},"modified":"2023-09-15T15:29:50","modified_gmt":"2023-09-15T14:29:50","slug":"pp-balazo","status":"publish","type":"page","link":"https:\/\/www.kenderfono.hu\/de\/termekeink\/pp-balazo\/","title":{"rendered":"PP Ballenpresse"},"content":{"rendered":"<p>Our company manufactures high quality baler twines. The product labelled with &#8222;Szegedi B\u00e1l\u00e1z\u00f3&#8220; is a flagship in Hungary, and when comparing with similar products in the world it is always considered as a reference. The product of excellent quality has been offered to our customers many years. ngg_shortcode_4_placeholder The different kinds of baler twines-with high breaking strength are suitable for all types of agricuktural baler machines and are produced as follows:<\/p>\n<ul>\n<li>From polypropilene granules and coloured master-batch we produce PP film strip, and as a next step the film strip undergo a fibrillization process that ensures the fineness and high breaking strength of twine<\/li>\n<li>The rolled up materials are twisted twines are finished into different forms on cross-wound reeling machines.<\/li>\n<li>The end-products are packed and labelled according to our customer&#8217;s requirements.<\/li>\n<\/ul>\n<h2>&nbsp;<\/h2>\n<h2><span style=\"color: #d4000b;\">Nm 0,14 baler twine:<\/span><\/h2>\n<hr>\n<div id=\"tabla\">\n<p><a href=\"http:\/\/www.kenderfono.hu\/wp-content\/gallery\/pp_balazo-01\/szegedi_balazo_05_svedkek.jpg\" rel=\"lightbox\"><img loading=\"lazy\" decoding=\"async\" src=\"http:\/\/www.kenderfono.hu\/wp-content\/gallery\/pp_balazo-01\/szegedi_balazo_05_svedkek.jpg\" alt=\"\" width=\"180\" height=\"135\"><\/a><\/p>\n<table border=\"0\" cellspacing=\"0\" cellpadding=\"0\">\n<tbody>\n<tr class=\"odd\">\n<td style=\"width: 30%;\">Type\/Thickness:<\/td>\n<td class=\"num\" style=\"width: 70%;\">Nm&nbsp;0,14<\/td>\n<\/tr>\n<tr>\n<td style=\"width: 30%;\">Runnage:<\/td>\n<td class=\"num\" style=\"width: 70%;\">140 m\/kg<\/td>\n<\/tr>\n<tr class=\"odd\">\n<td style=\"width: 30%;\">Colour:<\/td>\n<td class=\"num\" style=\"width: 70%;\">&nbsp;swedish blue<\/td>\n<\/tr>\n<tr>\n<td style=\"width: 30%;\">Put-up:<\/td>\n<td class=\"num\" style=\"width: 70%;\">5 kg spool<\/td>\n<\/tr>\n<tr class=\"odd\">\n<td style=\"width: 30%;\">Breaking strendth:<\/td>\n<td class=\"num\" style=\"width: 70%;\">2320 N<\/td>\n<\/tr>\n<\/tbody>\n<\/table>\n<\/div>\n<h2><span style=\"color: #d4000b;\">Nm 0,36&nbsp; baler&nbsp; mixed colours:<\/span><\/h2>\n<hr>\n<div id=\"tabla\">\n<p><a href=\"http:\/\/www.kenderfono.hu\/wp-content\/gallery\/pp_balazo-01\/szegedi_balazo_04_vegyes.jpg\" rel=\"lightbox\"><img loading=\"lazy\" decoding=\"async\" src=\"http:\/\/www.kenderfono.hu\/wp-content\/gallery\/pp_balazo-01\/szegedi_balazo_04_vegyes.jpg\" alt=\"\" width=\"180\" height=\"135\"><\/a><\/p>\n<table border=\"0\" cellspacing=\"0\" cellpadding=\"0\">\n<tbody>\n<tr class=\"odd\">\n<td style=\"width: 30%;\">Type\/thickness:<\/td>\n<td class=\"num\" style=\"width: 70%;\">Nm&nbsp;0,36<\/td>\n<\/tr>\n<tr>\n<td style=\"width: 30%;\">Runnage:<\/td>\n<td class=\"num\" style=\"width: 70%;\">360 m\/kg<\/td>\n<\/tr>\n<tr class=\"odd\">\n<td style=\"width: 30%;\">Colour:<\/td>\n<td class=\"num\" style=\"width: 70%;\">mixed<\/td>\n<\/tr>\n<tr>\n<td style=\"width: 30%;\">Put-up:<\/td>\n<td class=\"num\" style=\"width: 70%;\">4,2 kg spool<\/td>\n<\/tr>\n<tr class=\"odd\">\n<td style=\"width: 30%;\">Breaking strength:<\/td>\n<td class=\"num\" style=\"width: 70%;\">900 N<\/td>\n<\/tr>\n<\/tbody>\n<\/table>\n<\/div>\n<h2><span style=\"color: #d4000b;\">Nm 0,36 coloured baler twine:<\/span><\/h2>\n<hr>\n<div id=\"tabla\">\n<p><a href=\"http:\/\/www.kenderfono.hu\/wp-content\/gallery\/pp_balazo-01\/szegedi_balazo_06_7szin.jpg\" rel=\"lightbox\"><img loading=\"lazy\" decoding=\"async\" src=\"http:\/\/www.kenderfono.hu\/wp-content\/gallery\/pp_balazo-01\/szegedi_balazo_06_7szin.jpg\" alt=\"\" width=\"180\" height=\"135\"><\/a><\/p>\n<table border=\"0\" cellspacing=\"0\" cellpadding=\"0\">\n<tbody>\n<tr class=\"odd\">\n<td style=\"width: 30%;\">Type\/thickness:<\/td>\n<td class=\"num\" style=\"width: 70%;\">Nm&nbsp;0,36<\/td>\n<\/tr>\n<tr>\n<td style=\"width: 30%;\">Runnage:<\/td>\n<td class=\"num\" style=\"width: 70%;\">360&nbsp;m\/kg<\/td>\n<\/tr>\n<tr class=\"odd\">\n<td style=\"width: 30%;\">Colour:<\/td>\n<td class=\"num\" style=\"width: 70%;\">in 7 colours<\/td>\n<\/tr>\n<tr>\n<td style=\"width: 30%;\">Put-up:<\/td>\n<td class=\"num\" style=\"width: 70%;\">4,2 kg spool<\/td>\n<\/tr>\n<tr class=\"odd\">\n<td style=\"width: 30%;\">Breaking strength:<\/td>\n<td class=\"num\" style=\"width: 70%;\">900 N<\/td>\n<\/tr>\n<\/tbody>\n<\/table>\n<\/div>\n<h2>Field of application:<\/h2>\n<hr>\n<p>The PP baler twine is the integral requisite of baling process. ngg_shortcode_5_placeholder<\/p>","protected":false},"excerpt":{"rendered":"<p>Our company manufactures high quality baler twines. The product labelled with &#8222;Szegedi B\u00e1l\u00e1z\u00f3&#8220; is a flagship in Hungary, and when comparing with similar products in the world it is always considered as a reference. The product of excellent quality has been offered to our customers many years. The different kinds of baler twines-with high breaking [&hellip;]<\/p>\n","protected":false},"author":8,"featured_media":0,"parent":663,"menu_order":4,"comment_status":"open","ping_status":"closed","template":"","meta":{"ngg_post_thumbnail":0,"footnotes":""},"class_list":["post-767","page","type-page","status-publish","hentry"],"aioseo_notices":[],"_links":{"self":[{"href":"https:\/\/www.kenderfono.hu\/de\/wp-json\/wp\/v2\/pages\/767","targetHints":{"allow":["GET"]}}],"collection":[{"href":"https:\/\/www.kenderfono.hu\/de\/wp-json\/wp\/v2\/pages"}],"about":[{"href":"https:\/\/www.kenderfono.hu\/de\/wp-json\/wp\/v2\/types\/page"}],"author":[{"embeddable":true,"href":"https:\/\/www.kenderfono.hu\/de\/wp-json\/wp\/v2\/users\/8"}],"replies":[{"embeddable":true,"href":"https:\/\/www.kenderfono.hu\/de\/wp-json\/wp\/v2\/comments?post=767"}],"version-history":[{"count":72,"href":"https:\/\/www.kenderfono.hu\/de\/wp-json\/wp\/v2\/pages\/767\/revisions"}],"predecessor-version":[{"id":2552,"href":"https:\/\/www.kenderfono.hu\/de\/wp-json\/wp\/v2\/pages\/767\/revisions\/2552"}],"up":[{"embeddable":true,"href":"https:\/\/www.kenderfono.hu\/de\/wp-json\/wp\/v2\/pages\/663"}],"wp:attachment":[{"href":"https:\/\/www.kenderfono.hu\/de\/wp-json\/wp\/v2\/media?parent=767"}],"curies":[{"name":"wp","href":"https:\/\/api.w.org\/{rel}","templated":true}]}}