{"id":1406,"date":"2011-11-13T23:35:59","date_gmt":"2011-11-13T23:35:59","guid":{"rendered":"http:\/\/www.kenderfono.hu\/?page_id=1406"},"modified":"2011-11-13T23:39:25","modified_gmt":"2011-11-13T23:39:25","slug":"uj-termekek","status":"publish","type":"page","link":"https:\/\/www.kenderfono.hu\/en\/uj-termekek\/","title":{"rendered":"(Magyar) \u00daj term\u00e9kek"},"content":{"rendered":"<p class=\"qtranxs-available-languages-message qtranxs-available-languages-message-en\">Sorry, this entry is only available in <a href=\"https:\/\/www.kenderfono.hu\/hu\/wp-json\/wp\/v2\/pages\/1406\" class=\"qtranxs-available-language-link qtranxs-available-language-link-hu\" title=\"Magyar\">Magyar<\/a>.<\/p><p><\/p>\n<h2><span style=\"color: #d4000b;\">Nm 2\/1,75 feh\u00e9r\u00edtett kenderzsineg &#8211; \u00daJ TERM\u00c9K!<\/span><\/h2>\n<hr \/>\n<div id=\"tabla\">\n<p><a href=\"http:\/\/www.kenderfono.hu\/wp-content\/gallery\/kenderzsineg-01\/kenderzsineg_21_2per1-75_feheritett.jpg\" rel=\"lightbox\"><img loading=\"lazy\" decoding=\"async\" src=\"http:\/\/www.kenderfono.hu\/wp-content\/gallery\/kenderzsineg-01\/kenderzsineg_21_2per1-75_feheritett.jpg\" alt=\"\" width=\"180\" height=\"135\" \/><\/a><\/p>\n<table border=\"0\" cellspacing=\"0\" cellpadding=\"0\">\n<tbody>\n<tr class=\"odd\">\n<td style=\"width: 30%;\">Kiszerel\u00e9s:<\/td>\n<td class=\"num\" style=\"width: 70%;\">200\u00a0gr gombolyag<\/td>\n<\/tr>\n<tr>\n<td style=\"width: 30%;\">Kiad\u00f3ss\u00e1g:<\/td>\n<td class=\"num\" style=\"width: 70%;\">875 m\/kg<\/td>\n<\/tr>\n<tr class=\"odd\">\n<td style=\"width: 30%;\">Vastags\u00e1g:<\/td>\n<td class=\"num\" style=\"width: 70%;\">cca\u00a01 mm<\/td>\n<\/tr>\n<tr>\n<td style=\"width: 30%;\">Csomagol\u00e1s:<\/td>\n<td class=\"num\" style=\"width: 70%;\">100\/20 db\/kg<\/td>\n<\/tr>\n<tr class=\"odd\">\n<td style=\"width: 30%;\">Szak\u00edt\u00f3er\u0151:<\/td>\n<td class=\"num\" style=\"width: 70%;\">15 kg<\/td>\n<\/tr>\n<\/tbody>\n<\/table>\n<\/div>\n<div><a href=\"http:\/\/www.kenderfono.hu\/termekeink\/kenderzsineg\/\">Tov\u00e1bb a kenderzsineg term\u00e9kekhez &gt;&gt;<\/a><\/div>\n<p><\/p>","protected":false},"excerpt":{"rendered":"<p>Sorry, this entry is only available in Magyar. Nm 2\/1,75 feh\u00e9r\u00edtett kenderzsineg &#8211; \u00daJ TERM\u00c9K! Kiszerel\u00e9s: 200\u00a0gr gombolyag Kiad\u00f3ss\u00e1g: 875 m\/kg Vastags\u00e1g: cca\u00a01 mm Csomagol\u00e1s: 100\/20 db\/kg Szak\u00edt\u00f3er\u0151: 15 kg Tov\u00e1bb a kenderzsineg term\u00e9kekhez &gt;&gt;<\/p>\n","protected":false},"author":8,"featured_media":1409,"parent":0,"menu_order":0,"comment_status":"open","ping_status":"open","template":"","meta":{"ngg_post_thumbnail":0,"footnotes":""},"class_list":["post-1406","page","type-page","status-publish","has-post-thumbnail","hentry"],"aioseo_notices":[],"_links":{"self":[{"href":"https:\/\/www.kenderfono.hu\/en\/wp-json\/wp\/v2\/pages\/1406","targetHints":{"allow":["GET"]}}],"collection":[{"href":"https:\/\/www.kenderfono.hu\/en\/wp-json\/wp\/v2\/pages"}],"about":[{"href":"https:\/\/www.kenderfono.hu\/en\/wp-json\/wp\/v2\/types\/page"}],"author":[{"embeddable":true,"href":"https:\/\/www.kenderfono.hu\/en\/wp-json\/wp\/v2\/users\/8"}],"replies":[{"embeddable":true,"href":"https:\/\/www.kenderfono.hu\/en\/wp-json\/wp\/v2\/comments?post=1406"}],"version-history":[{"count":6,"href":"https:\/\/www.kenderfono.hu\/en\/wp-json\/wp\/v2\/pages\/1406\/revisions"}],"predecessor-version":[{"id":1411,"href":"https:\/\/www.kenderfono.hu\/en\/wp-json\/wp\/v2\/pages\/1406\/revisions\/1411"}],"wp:featuredmedia":[{"embeddable":true,"href":"https:\/\/www.kenderfono.hu\/en\/wp-json\/wp\/v2\/media\/1409"}],"wp:attachment":[{"href":"https:\/\/www.kenderfono.hu\/en\/wp-json\/wp\/v2\/media?parent=1406"}],"curies":[{"name":"wp","href":"https:\/\/api.w.org\/{rel}","templated":true}]}}