{"id":2603,"date":"2024-04-03T20:56:08","date_gmt":"2024-04-03T19:56:08","guid":{"rendered":"https:\/\/www.kenderfono.hu\/?page_id=2603"},"modified":"2024-04-03T21:32:40","modified_gmt":"2024-04-03T20:32:40","slug":"pamut-zsineg","status":"publish","type":"page","link":"https:\/\/www.kenderfono.hu\/en\/termekeink\/pamut-zsineg\/","title":{"rendered":"(Magyar) Pamut zsineg"},"content":{"rendered":"<p class=\"qtranxs-available-languages-message qtranxs-available-languages-message-en\">Sorry, this entry is only available in <a href=\"https:\/\/www.kenderfono.hu\/hu\/wp-json\/wp\/v2\/pages\/2603\" class=\"qtranxs-available-language-link qtranxs-available-language-link-hu\" title=\"Magyar\">Magyar<\/a>.<\/p><p><img loading=\"lazy\" decoding=\"async\" class=\"alignnone wp-image-2606\" src=\"https:\/\/www.kenderfono.hu\/wp-content\/uploads\/2024\/04\/pamut-zsineg-facebookra-1024x749.jpg\" alt=\"\" width=\"600\" height=\"439\" srcset=\"https:\/\/www.kenderfono.hu\/wp-content\/uploads\/2024\/04\/pamut-zsineg-facebookra-1024x749.jpg 1024w, https:\/\/www.kenderfono.hu\/wp-content\/uploads\/2024\/04\/pamut-zsineg-facebookra-300x219.jpg 300w, https:\/\/www.kenderfono.hu\/wp-content\/uploads\/2024\/04\/pamut-zsineg-facebookra-768x562.jpg 768w, https:\/\/www.kenderfono.hu\/wp-content\/uploads\/2024\/04\/pamut-zsineg-facebookra-1536x1124.jpg 1536w, https:\/\/www.kenderfono.hu\/wp-content\/uploads\/2024\/04\/pamut-zsineg-facebookra-2048x1498.jpg 2048w\" sizes=\"auto, (max-width: 600px) 100vw, 600px\" \/><\/p>\n<h2><span style=\"color: #d4000b;\">Pamut 3&#215;10 zsineg:<\/span><\/h2>\n<hr>\n<div id=\"tabla\" style=\"height: 200px; margin-bottom: 20px;\"><img loading=\"lazy\" decoding=\"async\" src=\"https:\/\/www.kenderfono.hu\/wp-content\/uploads\/2024\/04\/Pamut3x10-1.jpg\" alt=\"\" width=\"180\" height=\"180\"><\/p>\n<table border=\"0\" cellspacing=\"0\" cellpadding=\"0\">\n<tbody>\n<tr class=\"odd\">\n<td style=\"width: 30%;\">Kiszerel\u00e9s:<\/td>\n<td class=\"num\" style=\"width: 70%;\">100,200,500 g\/gombolyag<\/td>\n<\/tr>\n<tr>\n<td style=\"width: 30%;\">Kiad\u00f3ss\u00e1g:<\/td>\n<td class=\"num\" style=\"width: 70%;\">310 m\/kg<\/td>\n<\/tr>\n<tr class=\"odd\">\n<td style=\"width: 30%;\">Vastags\u00e1g:<\/td>\n<td class=\"num\" style=\"width: 70%;\">cca. 2,5 mm<\/td>\n<\/tr>\n<tr>\n<td style=\"width: 30%;\">Csomagol\u00e1s:<\/td>\n<td class=\"num\" style=\"width: 70%;\">100\/10 100\/20 48\/24 db\/kg<\/td>\n<\/tr>\n<tr class=\"odd\">\n<td style=\"width: 30%;\">Szak\u00edt\u00f3er\u0151:<\/td>\n<td class=\"num\" style=\"width: 70%;\">kb. 34 kg.<\/td>\n<\/tr>\n<\/tbody>\n<\/table>\n<\/div>\n<h2><span style=\"color: #d4000b;\">Pamut 3&#215;5 zsineg:<\/span><\/h2>\n<hr>\n<div id=\"tabla\" style=\"height: 200px; margin-bottom: 20px;\">\n<img loading=\"lazy\" decoding=\"async\" src=\"https:\/\/www.kenderfono.hu\/wp-content\/uploads\/2024\/04\/Pamut-3x5-1.jpg\" alt=\"\" width=\"180\" height=\"180\"><\/p>\n<table border=\"0\" cellspacing=\"0\" cellpadding=\"0\">\n<tbody>\n<tr class=\"odd\">\n<td style=\"width: 30%;\">Kiszerel\u00e9s:<\/td>\n<td class=\"num\" style=\"width: 70%;\">100,200,500 g\/gombolyag<\/td>\n<\/tr>\n<tr>\n<td style=\"width: 30%;\">Kiad\u00f3ss\u00e1g:<\/td>\n<td class=\"num\" style=\"width: 70%;\">645 m\/kg<\/td>\n<\/tr>\n<tr class=\"odd\">\n<td style=\"width: 30%;\">Vastags\u00e1g:<\/td>\n<td class=\"num\" style=\"width: 70%;\">cca. 2 mm<\/td>\n<\/tr>\n<tr>\n<td style=\"width: 30%;\">Csomagol\u00e1s:<\/td>\n<td class=\"num\" style=\"width: 70%;\">100\/10 100\/20 48\/24 db\/kg<\/td>\n<\/tr>\n<tr class=\"odd\">\n<td style=\"width: 30%;\">Szak\u00edt\u00f3er\u0151:<\/td>\n<td class=\"num\" style=\"width: 70%;\">kb. 18 kg.<\/td>\n<\/tr>\n<\/tbody>\n<\/table>\n<\/div>\n<h2><span style=\"color: #d4000b;\">Pamut 3&#215;4 zsineg:<\/span><\/h2>\n<hr>\n<div id=\"tabla\" style=\"height: 200px; margin-bottom: 20px;\">\n<img loading=\"lazy\" decoding=\"async\" src=\"https:\/\/www.kenderfono.hu\/wp-content\/uploads\/2024\/04\/Pamut3x4.jpg\" alt=\"\" width=\"180\" height=\"180\"><\/p>\n<table border=\"0\" cellspacing=\"0\" cellpadding=\"0\">\n<tbody>\n<tr class=\"odd\">\n<td style=\"width: 30%;\">Kiszerel\u00e9s:<\/td>\n<td class=\"num\" style=\"width: 70%;\">100,200 g\/gombolyag<\/td>\n<\/tr>\n<tr>\n<td style=\"width: 30%;\">Kiad\u00f3ss\u00e1g:<\/td>\n<td class=\"num\" style=\"width: 70%;\">800 m\/kg<\/td>\n<\/tr>\n<tr class=\"odd\">\n<td style=\"width: 30%;\">Vastags\u00e1g:<\/td>\n<td class=\"num\" style=\"width: 70%;\">cca. 1,5 mm<\/td>\n<\/tr>\n<tr>\n<td style=\"width: 30%;\">Csomagol\u00e1s:<\/td>\n<td class=\"num\" style=\"width: 70%;\">100\/10 100\/20 db\/kg<\/td>\n<\/tr>\n<tr class=\"odd\">\n<td style=\"width: 30%;\">Szak\u00edt\u00f3er\u0151:<\/td>\n<td class=\"num\" style=\"width: 70%;\">kb. 15 kg.<\/td>\n<\/tr>\n<\/tbody>\n<\/table>\n<\/div>\n<h2><span style=\"color: #d4000b;\">Pamut 3&#215;2:<\/span><\/h2>\n<hr>\n<div id=\"tabla\" style=\"height: 200px; margin-bottom: 20px;\">\n<img loading=\"lazy\" decoding=\"async\" src=\"https:\/\/www.kenderfono.hu\/wp-content\/uploads\/2024\/04\/Pamut3x2.jpg\" alt=\"\" width=\"180\" height=\"180\"><\/p>\n<table border=\"0\" cellspacing=\"0\" cellpadding=\"0\">\n<tbody>\n<tr class=\"odd\">\n<td style=\"width: 30%;\">Kiszerel\u00e9s:<\/td>\n<td class=\"num\" style=\"width: 70%;\">100,200 g\/gombolyag<\/td>\n<\/tr>\n<tr>\n<td style=\"width: 30%;\">Kiad\u00f3ss\u00e1g:<\/td>\n<td class=\"num\" style=\"width: 70%;\">1710 m\/kg<\/td>\n<\/tr>\n<tr class=\"odd\">\n<td style=\"width: 30%;\">Vastags\u00e1g:<\/td>\n<td class=\"num\" style=\"width: 70%;\">cca. 0,8 mm<\/td>\n<\/tr>\n<tr>\n<td style=\"width: 30%;\">Csomagol\u00e1s:<\/td>\n<td class=\"num\" style=\"width: 70%;\">100\/10 100\/20 db\/kg<\/td>\n<\/tr>\n<tr class=\"odd\">\n<td style=\"width: 30%;\">Szak\u00edt\u00f3er\u0151:<\/td>\n<td class=\"num\" style=\"width: 70%;\">kb. 8 kg.<\/td>\n<\/tr>\n<\/tbody>\n<\/table>\n<\/div>\n<p><\/p>","protected":false},"excerpt":{"rendered":"<p>Sorry, this entry is only available in Magyar. Pamut 3&#215;10 zsineg: Kiszerel\u00e9s: 100,200,500 g\/gombolyag Kiad\u00f3ss\u00e1g: 310 m\/kg Vastags\u00e1g: cca. 2,5 mm Csomagol\u00e1s: 100\/10 100\/20 48\/24 db\/kg Szak\u00edt\u00f3er\u0151: kb. 34 kg. Pamut 3&#215;5 zsineg: Kiszerel\u00e9s: 100,200,500 g\/gombolyag Kiad\u00f3ss\u00e1g: 645 m\/kg Vastags\u00e1g: cca. 2 mm Csomagol\u00e1s: 100\/10 100\/20 48\/24 db\/kg Szak\u00edt\u00f3er\u0151: kb. 18 kg. Pamut 3&#215;4 zsineg: [&hellip;]<\/p>\n","protected":false},"author":8,"featured_media":0,"parent":663,"menu_order":0,"comment_status":"closed","ping_status":"closed","template":"","meta":{"ngg_post_thumbnail":0,"footnotes":""},"class_list":["post-2603","page","type-page","status-publish","hentry"],"aioseo_notices":[],"_links":{"self":[{"href":"https:\/\/www.kenderfono.hu\/en\/wp-json\/wp\/v2\/pages\/2603","targetHints":{"allow":["GET"]}}],"collection":[{"href":"https:\/\/www.kenderfono.hu\/en\/wp-json\/wp\/v2\/pages"}],"about":[{"href":"https:\/\/www.kenderfono.hu\/en\/wp-json\/wp\/v2\/types\/page"}],"author":[{"embeddable":true,"href":"https:\/\/www.kenderfono.hu\/en\/wp-json\/wp\/v2\/users\/8"}],"replies":[{"embeddable":true,"href":"https:\/\/www.kenderfono.hu\/en\/wp-json\/wp\/v2\/comments?post=2603"}],"version-history":[{"count":13,"href":"https:\/\/www.kenderfono.hu\/en\/wp-json\/wp\/v2\/pages\/2603\/revisions"}],"predecessor-version":[{"id":2629,"href":"https:\/\/www.kenderfono.hu\/en\/wp-json\/wp\/v2\/pages\/2603\/revisions\/2629"}],"up":[{"embeddable":true,"href":"https:\/\/www.kenderfono.hu\/en\/wp-json\/wp\/v2\/pages\/663"}],"wp:attachment":[{"href":"https:\/\/www.kenderfono.hu\/en\/wp-json\/wp\/v2\/media?parent=2603"}],"curies":[{"name":"wp","href":"https:\/\/api.w.org\/{rel}","templated":true}]}}