{"id":2666,"date":"2024-04-05T09:59:13","date_gmt":"2024-04-05T08:59:13","guid":{"rendered":"https:\/\/www.kenderfono.hu\/?page_id=2666"},"modified":"2024-04-09T13:43:40","modified_gmt":"2024-04-09T12:43:40","slug":"fejlesztesek-az-elso-magyar-kenderfono-zrt-nel","status":"publish","type":"page","link":"https:\/\/www.kenderfono.hu\/en\/fejlesztesek-az-elso-magyar-kenderfono-zrt-nel\/","title":{"rendered":"Developments"},"content":{"rendered":"<p><strong><em>Developments at the First Hungarian Hempspinnery Ltd.<\/em><\/strong><\/p>\n<p><strong><em><u>Name of the beneficiary:&nbsp; <\/u><\/em><\/strong>First Hungarian Hempspinnery Ltd.<\/p>\n<p><strong><em><u>Name of the project: <\/u><\/em><\/strong>Developments at the First Hungarian Hempspinnery Ltd.<\/p>\n<p><strong><em><u>Amount of subsidy with contracts: <\/u><\/em><\/strong>&nbsp;114&nbsp;114&nbsp;790 Ft<\/p>\n<p><strong><em><u>Degree of subsidy: <\/u><\/em><\/strong>&nbsp;70%<\/p>\n<p><strong><em><u>Description of the project\u2019s content: <\/u><\/em><\/strong>&nbsp;<\/p>\n<p>Our project\u2019s main part is to purchase new materials resulting in technological renewal whereby materials into as well as&nbsp; supporting production were purchased. The enterprise was enriched by new machines as follow:<\/p>\n<ul>\n<li>spinning machine type MTP\/HP-100<\/li>\n<li>one-chambered constricting tunnel type SMIPACK T450<\/li>\n<li>2 pcs net-manufacturing machines type HSRO 260<\/li>\n<li>rope-manufacturing machine type MTP\/E-2-412<\/li>\n<li>screw-compressor type DAPM 40A<\/li>\n<li>Galan twisting and spinning machine type PRX 375\/8<\/li>\n<li>weaving machine type KNITRAMA N 6\/45<\/li>\n<li>2 pcs 8-headed Mahesh bobbin winder machines type MTP\/CW-300<\/li>\n<\/ul>\n<p>The project\u2019s other main component is to modernize the property whereby at our establishment( H\u00f3dmez\u0151v\u00e1s\u00e1rhely, Sz\u00e1nt\u00f3 Kov\u00e1cs J\u00e1nos u. 160 ) a complex modernization of heating and cooling system as well as energy-saving modification of indoor illuminating systems were realized.<\/p>\n<p>After completing tasks, a much more modern and energy-saving environment has been available, which was completed by a solar cell system.<\/p>\n<p>Throughout implementation of the project, we required advices on optimalisation of constitutional structures and activities and services of digital competences trainings, which can probably contribute to our enterprise\u2019s long-term successful operation.<\/p>\n<p>As a result, we can start production new items at a property designed properly due to applying up-to-date, modern technologies, which can support to improve resources efficiency and productivity.<\/p>\n<p><strong><em><u>Date of completing project:<\/u><\/em><\/strong> 23.02.2024<\/p>\n<p><strong><em><u>Identification number of the project:<\/u><\/em><\/strong>&nbsp; GINOP_PLUSZ-1.2.3-21-2022-00315<\/p>","protected":false},"excerpt":{"rendered":"<p>Developments at the First Hungarian Hempspinnery Ltd. Name of the beneficiary:&nbsp; First Hungarian Hempspinnery Ltd. Name of the project: Developments at the First Hungarian Hempspinnery Ltd. Amount of subsidy with contracts: &nbsp;114&nbsp;114&nbsp;790 Ft Degree of subsidy: &nbsp;70% Description of the project\u2019s content: &nbsp; Our project\u2019s main part is to purchase new materials resulting in technological [&hellip;]<\/p>\n","protected":false},"author":8,"featured_media":0,"parent":0,"menu_order":5,"comment_status":"closed","ping_status":"closed","template":"","meta":{"ngg_post_thumbnail":0,"footnotes":""},"class_list":["post-2666","page","type-page","status-publish","hentry"],"aioseo_notices":[],"_links":{"self":[{"href":"https:\/\/www.kenderfono.hu\/en\/wp-json\/wp\/v2\/pages\/2666","targetHints":{"allow":["GET"]}}],"collection":[{"href":"https:\/\/www.kenderfono.hu\/en\/wp-json\/wp\/v2\/pages"}],"about":[{"href":"https:\/\/www.kenderfono.hu\/en\/wp-json\/wp\/v2\/types\/page"}],"author":[{"embeddable":true,"href":"https:\/\/www.kenderfono.hu\/en\/wp-json\/wp\/v2\/users\/8"}],"replies":[{"embeddable":true,"href":"https:\/\/www.kenderfono.hu\/en\/wp-json\/wp\/v2\/comments?post=2666"}],"version-history":[{"count":3,"href":"https:\/\/www.kenderfono.hu\/en\/wp-json\/wp\/v2\/pages\/2666\/revisions"}],"predecessor-version":[{"id":2677,"href":"https:\/\/www.kenderfono.hu\/en\/wp-json\/wp\/v2\/pages\/2666\/revisions\/2677"}],"wp:attachment":[{"href":"https:\/\/www.kenderfono.hu\/en\/wp-json\/wp\/v2\/media?parent=2666"}],"curies":[{"name":"wp","href":"https:\/\/api.w.org\/{rel}","templated":true}]}}