{"id":669,"date":"2011-07-26T08:58:27","date_gmt":"2011-07-26T08:58:27","guid":{"rendered":"http:\/\/kenderfono.flornatura.hu\/?page_id=669"},"modified":"2024-12-17T17:08:00","modified_gmt":"2024-12-17T16:08:00","slug":"kapcsolat","status":"publish","type":"page","link":"https:\/\/www.kenderfono.hu\/en\/kapcsolat\/","title":{"rendered":"Contact"},"content":{"rendered":"<p><\/p>\n<h2>About our company<\/h2>\n<hr>\n<p>Els\u0151 Magyar Kenderfon\u00f3 Zrt.<br \/>\nCompany registration number: 06-10-000045<br \/>\nTax number: 10621796-2-06<br \/>\nCompany register: Szegedi T\u00f6rv\u00e9nysz\u00e9k C\u00e9gb\u00edr\u00f3s\u00e1ga (6722 Szeged, T\u00e1bor u. 4.)<\/p>\n<p>For further information please contact our colleagues:<\/p>\n<h2>Sales<\/h2>\n<p><strong>Ivett Laszlo<\/strong><\/p>\n<p><b>Sales manager<\/b><br \/>\nH-6800 H\u00f3dmez\u0151v\u00e1s\u00e1rhely, Sz\u00e1nt\u00f3 Kov\u00e1cs J\u00e1nos u. 160.<br \/>\nCellphone: +36 30 2488111<br \/>\nPhone: +36 62 221 033<br \/>\ne-mail: ivett.laszlo@kenderfono.hu<\/p>\n<p><strong>Olga<\/strong> <strong>Sz\u00e9kely<br \/>\nCommercial leader<\/strong><br \/>\nH-6800 H\u00f3dmez\u0151v\u00e1s\u00e1rhely, Sz\u00e1nt\u00f3 Kov\u00e1cs J\u00e1nos u. 160.<br \/>\nCellphone: + 36 30 9688391<br \/>\nPhone\/Fax: +36 62 221 033<br \/>\nE-mail: olga@kenderfono.hu<\/p>\n<h2><span class=\"Apple-style-span\" style=\"font-size: 20px;\">Warehouse-delivery:<\/span><\/h2>\n<p><strong><strong>J\u00f3zsefn\u00e9<\/strong> Sz\u00e9lp\u00e1l <\/strong><strong><br \/>\n<\/strong>H-6800 H\u00f3dmez\u0151v\u00e1s\u00e1rhely, Sz\u00e1nt\u00f3 Kov\u00e1cs J\u00e1nos u. 160.<br \/>\nTelefon\/Fax: +36 62 221-033<br \/>\nE-mail: kati@kenderfono.hu<\/p>\n<h2>Finance Department<\/h2>\n<p><strong>Boglarka Tak\u00e1cs<\/strong><strong><br \/>\n<\/strong>H-6800 H\u00f3dmez\u0151v\u00e1s\u00e1rhely, Sz\u00e1nt\u00f3 Kov\u00e1cs J\u00e1nos u. 160.<br \/>\nTelefon\/Fax: +36 62 487287<br \/>\nE-mail: takacs.boglarka@kenderfono.hu<\/p>\n<h2>&nbsp;<\/h2>\n<p>&nbsp;<\/p>","protected":false},"excerpt":{"rendered":"<p>About our company Els\u0151 Magyar Kenderfon\u00f3 Zrt. Company registration number: 06-10-000045 Tax number: 10621796-2-06 Company register: Szegedi T\u00f6rv\u00e9nysz\u00e9k C\u00e9gb\u00edr\u00f3s\u00e1ga (6722 Szeged, T\u00e1bor u. 4.) For further information please contact our colleagues: Sales Ivett Laszlo Sales manager H-6800 H\u00f3dmez\u0151v\u00e1s\u00e1rhely, Sz\u00e1nt\u00f3 Kov\u00e1cs J\u00e1nos u. 160. Cellphone: +36 30 2488111 Phone: +36 62 221 033 e-mail: ivett.laszlo@kenderfono.hu Olga [&hellip;]<\/p>\n","protected":false},"author":8,"featured_media":0,"parent":0,"menu_order":6,"comment_status":"open","ping_status":"closed","template":"","meta":{"ngg_post_thumbnail":0,"footnotes":""},"class_list":["post-669","page","type-page","status-publish","hentry"],"aioseo_notices":[],"_links":{"self":[{"href":"https:\/\/www.kenderfono.hu\/en\/wp-json\/wp\/v2\/pages\/669","targetHints":{"allow":["GET"]}}],"collection":[{"href":"https:\/\/www.kenderfono.hu\/en\/wp-json\/wp\/v2\/pages"}],"about":[{"href":"https:\/\/www.kenderfono.hu\/en\/wp-json\/wp\/v2\/types\/page"}],"author":[{"embeddable":true,"href":"https:\/\/www.kenderfono.hu\/en\/wp-json\/wp\/v2\/users\/8"}],"replies":[{"embeddable":true,"href":"https:\/\/www.kenderfono.hu\/en\/wp-json\/wp\/v2\/comments?post=669"}],"version-history":[{"count":88,"href":"https:\/\/www.kenderfono.hu\/en\/wp-json\/wp\/v2\/pages\/669\/revisions"}],"predecessor-version":[{"id":2684,"href":"https:\/\/www.kenderfono.hu\/en\/wp-json\/wp\/v2\/pages\/669\/revisions\/2684"}],"wp:attachment":[{"href":"https:\/\/www.kenderfono.hu\/en\/wp-json\/wp\/v2\/media?parent=669"}],"curies":[{"name":"wp","href":"https:\/\/api.w.org\/{rel}","templated":true}]}}