{"id":724,"date":"2011-08-01T20:27:41","date_gmt":"2011-08-01T20:27:41","guid":{"rendered":"http:\/\/kenderfono.flornatura.hu\/?page_id=724"},"modified":"2011-10-04T13:24:27","modified_gmt":"2011-10-04T13:24:27","slug":"dohanyipar","status":"publish","type":"page","link":"https:\/\/www.kenderfono.hu\/en\/felhasznalas\/dohanyipar\/","title":{"rendered":"Tobacco industry"},"content":{"rendered":"<p>A kenderzsinegek vastagabb 2\/0,40 valamint 4\/0,70-es fajt\u00e1it sz\u00e9lesk\u00f6r\u0171en haszn\u00e1lj\u00e1k a doh\u00e1nyfeldolgoz\u00e1s sor\u00e1n. A zsineg fel\u00fclete egyenletes, szak\u00edt\u00f3ereje magas, valamint ellen\u00e1ll\u00f3 a doh\u00e1nylev\u00e9l sz\u00e1r\u00e1ban tal\u00e1lhat\u00f3, mar\u00f3 hat\u00e1s\u00fa vegy\u00fcletekkel szemben. Magyarorsz\u00e1gon els\u0151sorban az Alf\u00f6ld keleti r\u00e9szen termesztenek nemzetk\u00f6zi szinten is elismert min\u0151s\u00e9g\u0171 doh\u00e1nyt.<\/p>\n<p>ngg_shortcode_1_placeholder<\/p>","protected":false},"excerpt":{"rendered":"<p>A kenderzsinegek vastagabb 2\/0,40 valamint 4\/0,70-es fajt\u00e1it sz\u00e9lesk\u00f6r\u0171en haszn\u00e1lj\u00e1k a doh\u00e1nyfeldolgoz\u00e1s sor\u00e1n. A zsineg fel\u00fclete egyenletes, szak\u00edt\u00f3ereje magas, valamint ellen\u00e1ll\u00f3 a doh\u00e1nylev\u00e9l sz\u00e1r\u00e1ban tal\u00e1lhat\u00f3, mar\u00f3 hat\u00e1s\u00fa vegy\u00fcletekkel szemben. Magyarorsz\u00e1gon els\u0151sorban az Alf\u00f6ld keleti r\u00e9szen termesztenek nemzetk\u00f6zi szinten is elismert min\u0151s\u00e9g\u0171 doh\u00e1nyt.<\/p>\n","protected":false},"author":8,"featured_media":0,"parent":665,"menu_order":0,"comment_status":"open","ping_status":"open","template":"","meta":{"ngg_post_thumbnail":0,"footnotes":""},"class_list":["post-724","page","type-page","status-publish","hentry"],"aioseo_notices":[],"_links":{"self":[{"href":"https:\/\/www.kenderfono.hu\/en\/wp-json\/wp\/v2\/pages\/724","targetHints":{"allow":["GET"]}}],"collection":[{"href":"https:\/\/www.kenderfono.hu\/en\/wp-json\/wp\/v2\/pages"}],"about":[{"href":"https:\/\/www.kenderfono.hu\/en\/wp-json\/wp\/v2\/types\/page"}],"author":[{"embeddable":true,"href":"https:\/\/www.kenderfono.hu\/en\/wp-json\/wp\/v2\/users\/8"}],"replies":[{"embeddable":true,"href":"https:\/\/www.kenderfono.hu\/en\/wp-json\/wp\/v2\/comments?post=724"}],"version-history":[{"count":5,"href":"https:\/\/www.kenderfono.hu\/en\/wp-json\/wp\/v2\/pages\/724\/revisions"}],"predecessor-version":[{"id":1450,"href":"https:\/\/www.kenderfono.hu\/en\/wp-json\/wp\/v2\/pages\/724\/revisions\/1450"}],"up":[{"embeddable":true,"href":"https:\/\/www.kenderfono.hu\/en\/wp-json\/wp\/v2\/pages\/665"}],"wp:attachment":[{"href":"https:\/\/www.kenderfono.hu\/en\/wp-json\/wp\/v2\/media?parent=724"}],"curies":[{"name":"wp","href":"https:\/\/api.w.org\/{rel}","templated":true}]}}