{"id":726,"date":"2011-08-01T20:27:56","date_gmt":"2011-08-01T20:27:56","guid":{"rendered":"http:\/\/kenderfono.flornatura.hu\/?page_id=726"},"modified":"2011-10-03T20:45:40","modified_gmt":"2011-10-03T20:45:40","slug":"husipar","status":"publish","type":"page","link":"https:\/\/www.kenderfono.hu\/en\/felhasznalas\/husipar\/","title":{"rendered":"Meat industry"},"content":{"rendered":"<p>A h\u00fasiparban k\u00f6t\u00f6z\u0151anyagk\u00e9nt m\u00e1r \u00e9vsz\u00e1zadok \u00f3ta haszn\u00e1lj\u00e1k a kenderzsineget. A kolb\u00e1szok, szalonn\u00e1k, felv\u00e1gottak \u00e9s egy\u00e9b h\u00fasipari k\u00e9sz\u00edtm\u00e9nyek el\u0151\u00e1ll\u00edt\u00e1s\u00e1ban, f\u00fcst\u00f6l\u00e9skor, sz\u00e1r\u00edt\u00e1skor nagyon fontos a megfelel\u0151 szak\u00edt\u00f3er\u0151, ez\u00e9rt a 2\/1,75-\u00f6s, 2\/1,25-\u00f6s \u00e9s a 3\/3,5-es nat\u00far zsinegeket haszn\u00e1lj\u00e1k k\u00f6t\u00f6z\u00e9sre, valamint a nemzetisz\u00edn\u0171 zsineget dekor\u00e1ci\u00f3s c\u00e9lokra.<\/p>\n<p>ngg_shortcode_1_placeholder<\/p>","protected":false},"excerpt":{"rendered":"<p>A h\u00fasiparban k\u00f6t\u00f6z\u0151anyagk\u00e9nt m\u00e1r \u00e9vsz\u00e1zadok \u00f3ta haszn\u00e1lj\u00e1k a kenderzsineget. A kolb\u00e1szok, szalonn\u00e1k, felv\u00e1gottak \u00e9s egy\u00e9b h\u00fasipari k\u00e9sz\u00edtm\u00e9nyek el\u0151\u00e1ll\u00edt\u00e1s\u00e1ban, f\u00fcst\u00f6l\u00e9skor, sz\u00e1r\u00edt\u00e1skor nagyon fontos a megfelel\u0151 szak\u00edt\u00f3er\u0151, ez\u00e9rt a 2\/1,75-\u00f6s, 2\/1,25-\u00f6s \u00e9s a 3\/3,5-es nat\u00far zsinegeket haszn\u00e1lj\u00e1k k\u00f6t\u00f6z\u00e9sre, valamint a nemzetisz\u00edn\u0171 zsineget dekor\u00e1ci\u00f3s c\u00e9lokra.<\/p>\n","protected":false},"author":8,"featured_media":0,"parent":665,"menu_order":0,"comment_status":"open","ping_status":"open","template":"","meta":{"ngg_post_thumbnail":0,"footnotes":""},"class_list":["post-726","page","type-page","status-publish","hentry"],"aioseo_notices":[],"_links":{"self":[{"href":"https:\/\/www.kenderfono.hu\/en\/wp-json\/wp\/v2\/pages\/726","targetHints":{"allow":["GET"]}}],"collection":[{"href":"https:\/\/www.kenderfono.hu\/en\/wp-json\/wp\/v2\/pages"}],"about":[{"href":"https:\/\/www.kenderfono.hu\/en\/wp-json\/wp\/v2\/types\/page"}],"author":[{"embeddable":true,"href":"https:\/\/www.kenderfono.hu\/en\/wp-json\/wp\/v2\/users\/8"}],"replies":[{"embeddable":true,"href":"https:\/\/www.kenderfono.hu\/en\/wp-json\/wp\/v2\/comments?post=726"}],"version-history":[{"count":4,"href":"https:\/\/www.kenderfono.hu\/en\/wp-json\/wp\/v2\/pages\/726\/revisions"}],"predecessor-version":[{"id":1280,"href":"https:\/\/www.kenderfono.hu\/en\/wp-json\/wp\/v2\/pages\/726\/revisions\/1280"}],"up":[{"embeddable":true,"href":"https:\/\/www.kenderfono.hu\/en\/wp-json\/wp\/v2\/pages\/665"}],"wp:attachment":[{"href":"https:\/\/www.kenderfono.hu\/en\/wp-json\/wp\/v2\/media?parent=726"}],"curies":[{"name":"wp","href":"https:\/\/api.w.org\/{rel}","templated":true}]}}