{"id":2346,"date":"2018-05-16T17:34:45","date_gmt":"2018-05-16T17:34:45","guid":{"rendered":"http:\/\/www.kenderfono.hu\/?page_id=2346"},"modified":"2018-05-17T17:42:29","modified_gmt":"2018-05-17T17:42:29","slug":"adatvedelem","status":"publish","type":"page","link":"https:\/\/www.kenderfono.hu\/hu\/adatvedelem\/","title":{"rendered":"Adatv\u00e9delem"},"content":{"rendered":"<p>A weboldal html k\u00f3dja a Els\u0151 Magyar Kenderfon\u00f3 Zrt.-t\u0151l f\u00fcggetlen, k\u00fcls\u0151 szerverr\u0151l \u00e9rkez\u0151 \u00e9s k\u00fcls\u0151 szerverre mutat\u00f3 hivatkoz\u00e1sokat tartalmaz. A k\u00fcls\u0151 szolg\u00e1ltat\u00f3 szervere k\u00f6zvetlen\u00fcl a felhaszn\u00e1l\u00f3 sz\u00e1m\u00edt\u00f3g\u00e9p\u00e9vel \u00e1ll kapcsolatban. Felh\u00edvjuk l\u00e1togat\u00f3ink figyelm\u00e9t, hogy e hivatkoz\u00e1sok szolg\u00e1ltat\u00f3i az \u0151 szerver\u00fckre t\u00f6rt\u00e9n\u0151 k\u00f6zvetlen kapcsol\u00f3d\u00e1s, a felhaszn\u00e1l\u00f3 b\u00f6ng\u00e9sz\u0151j\u00e9vel val\u00f3 k\u00f6zvetlen kommunik\u00e1ci\u00f3 miatt felhaszn\u00e1l\u00f3i adatokat (pl. IP c\u00edm, b\u00f6ng\u00e9sz\u0151, oper\u00e1ci\u00f3s rendszer adatai, megl\u00e1togatott oldal c\u00edme \u00e9s a l\u00e1togat\u00e1s id\u0151pontja) k\u00e9pesek gy\u0171jteni.<br \/>\nAz adatok k\u00fcls\u0151 szolg\u00e1ltat\u00f3k szervere \u00e1ltali kezel\u00e9s\u00e9r\u0151l az al\u00e1bb felsorolt adatkezel\u0151k tudnak r\u00e9szletes felvil\u00e1gos\u00edt\u00e1st ny\u00fajtani.<\/p>\n<p>Az al\u00e1bbi c\u00edmeken el\u00e9rhet\u0151 k\u00fcls\u0151 szolg\u00e1ltat\u00f3k szolg\u00e1ltat\u00e1suk teljes\u00edt\u00e9se \u00e9rdek\u00e9ben a felhaszn\u00e1l\u00f3 sz\u00e1m\u00edt\u00f3g\u00e9p\u00e9n kis adatcsomagot, s\u00fctit (cookie) helyezhetnek el, a felhaszn\u00e1l\u00f3k sz\u00e1m\u00edt\u00f3g\u00e9peinek IP c\u00edmeit, egy\u00e9b adatait r\u00f6gz\u00edthetik:<\/p>\n<table>\n<tbody>\n<tr>\n<td>C\u00e9l&nbsp;<\/td>\n<td>N\u00e9v&nbsp;<\/td>\n<td>Adatkezel\u00e9si t\u00e1j\u00e9koztat\u00f3 el\u00e9rhet\u0151s\u00e9ge<\/td>\n<\/tr>\n<tr>\n<td>analitikai m\u00e9r\u00e9sek<\/td>\n<td>Google Analytics<\/td>\n<td>http:\/\/www.google.com\/intl\/hu\/policies\/<\/td>\n<\/tr>\n<\/tbody>\n<\/table>\n<p>&nbsp;<\/p>\n<p>Aj\u00e1nlatk\u00e9r\u00e9s:<br \/>\nA http:\/\/www.kenderfono.hu\/hu\/ajanlatkeres\/ lapon lehet\u0151s\u00e9g van arra, hogy aj\u00e1nlatot k\u00e9rjen c\u00e9g\u00fcnkt\u0151l. Az \u0171rlapon a c\u00e9g nev\u00e9t, e-mail c\u00edm\u00e9t, a kapcsolattart\u00f3 nev\u00e9t nev\u00e9t, telefonsz\u00e1m\u00e1t \u00e9s sz\u00f6veges \u00fczenetet lehet megadni.<br \/>\nA rendszer a megadott adatokat nem r\u00f6gz\u00edti, mind\u00f6ssze az aj\u00e1nlatk\u00e9r\u00e9s kik\u00fcld\u00e9s\u00e9hez haszn\u00e1lja fel.<\/p>","protected":false},"excerpt":{"rendered":"<p>A weboldal html k\u00f3dja a Els\u0151 Magyar Kenderfon\u00f3 Zrt.-t\u0151l f\u00fcggetlen, k\u00fcls\u0151 szerverr\u0151l \u00e9rkez\u0151 \u00e9s k\u00fcls\u0151 szerverre mutat\u00f3 hivatkoz\u00e1sokat tartalmaz. A k\u00fcls\u0151 szolg\u00e1ltat\u00f3 szervere k\u00f6zvetlen\u00fcl a felhaszn\u00e1l\u00f3 sz\u00e1m\u00edt\u00f3g\u00e9p\u00e9vel \u00e1ll kapcsolatban. Felh\u00edvjuk l\u00e1togat\u00f3ink figyelm\u00e9t, hogy e hivatkoz\u00e1sok szolg\u00e1ltat\u00f3i az \u0151 szerver\u00fckre t\u00f6rt\u00e9n\u0151 k\u00f6zvetlen kapcsol\u00f3d\u00e1s, a felhaszn\u00e1l\u00f3 b\u00f6ng\u00e9sz\u0151j\u00e9vel val\u00f3 k\u00f6zvetlen kommunik\u00e1ci\u00f3 miatt felhaszn\u00e1l\u00f3i adatokat (pl. IP c\u00edm, b\u00f6ng\u00e9sz\u0151, [&hellip;]<\/p>\n","protected":false},"author":8,"featured_media":0,"parent":0,"menu_order":0,"comment_status":"closed","ping_status":"closed","template":"","meta":{"ngg_post_thumbnail":0,"footnotes":""},"class_list":["post-2346","page","type-page","status-publish","hentry"],"aioseo_notices":[],"_links":{"self":[{"href":"https:\/\/www.kenderfono.hu\/hu\/wp-json\/wp\/v2\/pages\/2346","targetHints":{"allow":["GET"]}}],"collection":[{"href":"https:\/\/www.kenderfono.hu\/hu\/wp-json\/wp\/v2\/pages"}],"about":[{"href":"https:\/\/www.kenderfono.hu\/hu\/wp-json\/wp\/v2\/types\/page"}],"author":[{"embeddable":true,"href":"https:\/\/www.kenderfono.hu\/hu\/wp-json\/wp\/v2\/users\/8"}],"replies":[{"embeddable":true,"href":"https:\/\/www.kenderfono.hu\/hu\/wp-json\/wp\/v2\/comments?post=2346"}],"version-history":[{"count":4,"href":"https:\/\/www.kenderfono.hu\/hu\/wp-json\/wp\/v2\/pages\/2346\/revisions"}],"predecessor-version":[{"id":2351,"href":"https:\/\/www.kenderfono.hu\/hu\/wp-json\/wp\/v2\/pages\/2346\/revisions\/2351"}],"wp:attachment":[{"href":"https:\/\/www.kenderfono.hu\/hu\/wp-json\/wp\/v2\/media?parent=2346"}],"curies":[{"name":"wp","href":"https:\/\/api.w.org\/{rel}","templated":true}]}}