{"id":2573,"date":"2023-12-07T09:53:46","date_gmt":"2023-12-07T08:53:46","guid":{"rendered":"https:\/\/www.kenderfono.hu\/?page_id=2573"},"modified":"2024-02-19T11:02:14","modified_gmt":"2024-02-19T10:02:14","slug":"villanypasztorok","status":"publish","type":"page","link":"https:\/\/www.kenderfono.hu\/hu\/termekeink\/villanypasztorok\/","title":{"rendered":"Villanyp\u00e1sztor"},"content":{"rendered":"<p>A villanyp\u00e1sztor rendszerek h\u00e1zi\u00e1llatok beker\u00edt\u00e9s\u00e9re \u00e9s&nbsp; vad\u00e1llatok t\u00e1voltart\u00e1s\u00e1ra haszn\u00e1lhat\u00f3k. H\u00e1zi\u00e1llatok eset\u00e9ben eredm\u00e9nyesen haszn\u00e1lhat\u00f3k lovak, tehenek, juhok, kecsk\u00e9k, sert\u00e9sek, kuty\u00e1k kord\u00e1ban tart\u00e1s\u00e1ra, azaz nagy- \u00e9s k\u00f6z\u00e9ptermet\u0171 \u00e1llatok sz\u00e1m\u00e1ra.<\/p>\n<p>A villanyp\u00e1sztor optim\u00e1lis megold\u00e1s az \u00fcltetv\u00e9nyek v\u00e9delm\u00e9re is, a vad\u00e1llatok (\u0151zek, vaddiszn\u00f3k, r\u00f3k\u00e1k, farkasok, medv\u00e9k, stb.) vetem\u00e9nyt\u0151l val\u00f3 t\u00e1vol tart\u00e1s\u00e1ra.<\/p>\n<p>Villanyp\u00e1sztorainkat ig\u00e9ny szerinti sz\u00ednekben, illetve \u00e1tm\u00e9r\u0151vel \u00e9s sz\u00e9less\u00e9gben gy\u00e1rtjuk, valamint sz\u00f6v\u00f6tt term\u00e9kek eset\u00e9ben a f\u00e9mhuzalsz\u00e1mot is vev\u0151i ig\u00e9ny szerint alak\u00edtjuk.<\/p>\n<p>A villanyp\u00e1sztor zsin\u00f3r \u00f6sszet\u00e9tele t\u00falnyom\u00f3 r\u00e9szt sodrott PP, amelyek v\u00e9kony (0,28 \u2013 0,30 mm-es) f\u00e9msz\u00e1lakkal ker\u00fclnek \u00f6sszesodr\u00e1sra, vagy fonatol\u00e1sra, ezek vezetik az elektromoss\u00e1got.<\/p>\n<h2><span style=\"color: #d4000b;\"><b>Sodrott villanyp\u00e1sztor<\/b>:<\/span><\/h2>\n<hr>\n<div id=\"tabla\">\n<p><a href=\"https:\/\/www.kenderfono.hu\/wp-content\/uploads\/2024\/02\/sodrott-villanypasztor.jpg\" rel=\"lightbox\"><img loading=\"lazy\" decoding=\"async\" src=\"https:\/\/www.kenderfono.hu\/wp-content\/uploads\/2024\/02\/sodrott-villanypasztor-300x200.jpg\" alt=\"\" width=\"180\" height=\"135\"><\/a><\/p>\n<table border=\"0\" cellspacing=\"0\" cellpadding=\"0\">\n<tbody>\n<tr class=\"odd\">\n<td style=\"width: 40%;\">\u00c1tm\u00e9r\u0151:<\/td>\n<td class=\"num\" style=\"width: 70%;\">4 mm<\/td>\n<\/tr>\n<tr>\n<td style=\"width: 40%;\">Anyag:<\/td>\n<td class=\"num\" style=\"width: 70%;\">PP fibril\u00e1lt sz\u00e1l+6 db ac\u00e9lhuzal<\/td>\n<\/tr>\n<tr class=\"odd\">\n<td style=\"width: 40%;\">Ellen\u00e1ll\u00e1s:<\/td>\n<td class=\"num\" style=\"width: 70%;\">0,15&nbsp;\u03a9\/m (n\u00e9vleges)<\/td>\n<\/tr>\n<tr>\n<td style=\"width: 40%;\">Szak\u00edt\u00f3er\u0151:<\/td>\n<td class=\"num\" style=\"width: 70%;\">kb 200 kg (n\u00e9vleges)<\/td>\n<\/tr>\n<tr class=\"odd\">\n<td style=\"width: 40%;\">Maxim\u00e1lis ker\u00edt\u00e9shossz:<\/td>\n<td class=\"num\" style=\"width: 70%;\">12000 m<\/td>\n<\/tr>\n<tr>\n<td style=\"width: 40%;\">Kiszerel\u00e9s:<\/td>\n<td class=\"num\" style=\"width: 70%;\">400 m, 1000 m\/ t\u00e1rcsa vagy pap\u00edrcs\u0151<\/td>\n<\/tr>\n<tr class=\"odd\">\n<td style=\"width: 40%;\">Uv stabilit\u00e1s:<\/td>\n<td class=\"num\" style=\"width: 70%;\">kiv\u00e1l\u00f3<\/td>\n<\/tr>\n<tr>\n<td style=\"width: 40%;\">Sz\u00edn:<\/td>\n<td class=\"num\" style=\"width: 70%;\">feh\u00e9r-k\u00e9k<\/td>\n<\/tr>\n<\/tbody>\n<\/table>\n<\/div>\n<h2><span style=\"color: #d4000b;\"><b>Fonatolt villanyp\u00e1sztor<\/b>:<\/span><\/h2>\n<hr>\n<div id=\"tabla\">\n<p><a href=\"https:\/\/www.kenderfono.hu\/wp-content\/uploads\/2024\/02\/fonott-villanypasztor.jpg\" rel=\"lightbox\"><img loading=\"lazy\" decoding=\"async\" src=\"https:\/\/www.kenderfono.hu\/wp-content\/uploads\/2024\/02\/fonott-villanypasztor-300x200.jpg\" alt=\"\" width=\"180\" height=\"135\"><\/a><\/p>\n<table border=\"0\" cellspacing=\"0\" cellpadding=\"0\">\n<tbody>\n<tr class=\"odd\">\n<td style=\"width: 40%;\">\u00c1tm\u00e9r\u0151:<\/td>\n<td class=\"num\" style=\"width: 70%;\">4 mm<\/td>\n<\/tr>\n<tr>\n<td style=\"width: 40%;\">Anyag:<\/td>\n<td class=\"num\" style=\"width: 70%;\">PE monofil+PP fibril\u00e1lt sz\u00e1l+4 db ac\u00e9lhuzal<\/td>\n<\/tr>\n<tr class=\"odd\">\n<td style=\"width: 40%;\">Ellen\u00e1ll\u00e1s:<\/td>\n<td class=\"num\" style=\"width: 70%;\">0,45&nbsp;\u03a9\/m (n\u00e9vleges)<\/td>\n<\/tr>\n<tr>\n<td style=\"width: 40%;\">Szak\u00edt\u00f3er\u0151:<\/td>\n<td class=\"num\" style=\"width: 70%;\">kb 200 kg (n\u00e9vleges)<\/td>\n<\/tr>\n<tr class=\"odd\">\n<td style=\"width: 40%;\">Maxim\u00e1lis ker\u00edt\u00e9shossz:<\/td>\n<td class=\"num\" style=\"width: 70%;\">12000 m<\/td>\n<\/tr>\n<tr>\n<td style=\"width: 40%;\">Kiszerel\u00e9s:<\/td>\n<td class=\"num\" style=\"width: 70%;\">400 m, 1000 m\/ t\u00e1rcsa<\/td>\n<\/tr>\n<tr class=\"odd\">\n<td style=\"width: 40%;\">Sz\u00edn:<\/td>\n<td class=\"num\" style=\"width: 70%;\">s\u00e1rga, k\u00e9k<\/td>\n<\/tr>\n<\/tbody>\n<\/table>\n<\/div>\n<p>&nbsp;<\/p>\n<h2><span style=\"color: #d4000b;\"><b>Villanyp\u00e1sztor szalag<\/b><\/span><\/h2>\n<hr>\n<div id=\"tabla\">\n<p><a href=\"https:\/\/www.kenderfono.hu\/wp-content\/uploads\/2024\/02\/szalag-villanypasztor.jpg\" rel=\"lightbox\"><img loading=\"lazy\" decoding=\"async\" src=\"https:\/\/www.kenderfono.hu\/wp-content\/uploads\/2024\/02\/szalag-villanypasztor-300x200.jpg\" alt=\"\" width=\"180\" height=\"135\"><\/a><\/p>\n<table border=\"0\" cellspacing=\"0\" cellpadding=\"0\">\n<tbody>\n<tr class=\"odd\">\n<td style=\"width: 40%;\">Sz\u00e9less\u00e9g:<\/td>\n<td class=\"num\" style=\"width: 70%;\">20 mm<\/td>\n<\/tr>\n<tr>\n<td style=\"width: 40%;\">Anyag:<\/td>\n<td class=\"num\" style=\"width: 70%;\">PE monofil+4 db ac\u00e9lhuzal<\/td>\n<\/tr>\n<tr class=\"odd\">\n<td style=\"width: 40%;\">Ellen\u00e1ll\u00e1s:<\/td>\n<td class=\"num\" style=\"width: 70%;\">0,4 \u03a9\/m (n\u00e9vleges)<\/td>\n<\/tr>\n<tr>\n<td style=\"width: 40%;\">Szak\u00edt\u00f3er\u0151:<\/td>\n<td class=\"num\" style=\"width: 70%;\">kb 80 kg (n\u00e9vleges)<\/td>\n<\/tr>\n<tr class=\"odd\">\n<td style=\"width: 40%;\">Maxim\u00e1lis ker\u00edt\u00e9shossz:<\/td>\n<td class=\"num\" style=\"width: 70%;\">10000 m<\/td>\n<\/tr>\n<tr>\n<td style=\"width: 40%;\">Kiszerel\u00e9s:<\/td>\n<td class=\"num\" style=\"width: 70%;\">400 m \/ t\u00e1rcsa<\/td>\n<\/tr>\n<tr class=\"odd\">\n<td style=\"width: 40%;\">Sz\u00edn:<\/td>\n<td class=\"num\" style=\"width: 70%;\">k\u00e9k, optikai feh\u00e9r<\/td>\n<\/tr>\n<\/tbody>\n<\/table>\n<\/div>\n<p><\/p>","protected":false},"excerpt":{"rendered":"<p>A villanyp\u00e1sztor rendszerek h\u00e1zi\u00e1llatok beker\u00edt\u00e9s\u00e9re \u00e9s&nbsp; vad\u00e1llatok t\u00e1voltart\u00e1s\u00e1ra haszn\u00e1lhat\u00f3k. H\u00e1zi\u00e1llatok eset\u00e9ben eredm\u00e9nyesen haszn\u00e1lhat\u00f3k lovak, tehenek, juhok, kecsk\u00e9k, sert\u00e9sek, kuty\u00e1k kord\u00e1ban tart\u00e1s\u00e1ra, azaz nagy- \u00e9s k\u00f6z\u00e9ptermet\u0171 \u00e1llatok sz\u00e1m\u00e1ra. A villanyp\u00e1sztor optim\u00e1lis megold\u00e1s az \u00fcltetv\u00e9nyek v\u00e9delm\u00e9re is, a vad\u00e1llatok (\u0151zek, vaddiszn\u00f3k, r\u00f3k\u00e1k, farkasok, medv\u00e9k, stb.) vetem\u00e9nyt\u0151l val\u00f3 t\u00e1vol tart\u00e1s\u00e1ra. Villanyp\u00e1sztorainkat ig\u00e9ny szerinti sz\u00ednekben, illetve \u00e1tm\u00e9r\u0151vel \u00e9s sz\u00e9less\u00e9gben [&hellip;]<\/p>\n","protected":false},"author":8,"featured_media":0,"parent":663,"menu_order":0,"comment_status":"closed","ping_status":"closed","template":"","meta":{"ngg_post_thumbnail":0,"footnotes":""},"class_list":["post-2573","page","type-page","status-publish","hentry"],"aioseo_notices":[],"_links":{"self":[{"href":"https:\/\/www.kenderfono.hu\/hu\/wp-json\/wp\/v2\/pages\/2573","targetHints":{"allow":["GET"]}}],"collection":[{"href":"https:\/\/www.kenderfono.hu\/hu\/wp-json\/wp\/v2\/pages"}],"about":[{"href":"https:\/\/www.kenderfono.hu\/hu\/wp-json\/wp\/v2\/types\/page"}],"author":[{"embeddable":true,"href":"https:\/\/www.kenderfono.hu\/hu\/wp-json\/wp\/v2\/users\/8"}],"replies":[{"embeddable":true,"href":"https:\/\/www.kenderfono.hu\/hu\/wp-json\/wp\/v2\/comments?post=2573"}],"version-history":[{"count":10,"href":"https:\/\/www.kenderfono.hu\/hu\/wp-json\/wp\/v2\/pages\/2573\/revisions"}],"predecessor-version":[{"id":2599,"href":"https:\/\/www.kenderfono.hu\/hu\/wp-json\/wp\/v2\/pages\/2573\/revisions\/2599"}],"up":[{"embeddable":true,"href":"https:\/\/www.kenderfono.hu\/hu\/wp-json\/wp\/v2\/pages\/663"}],"wp:attachment":[{"href":"https:\/\/www.kenderfono.hu\/hu\/wp-json\/wp\/v2\/media?parent=2573"}],"curies":[{"name":"wp","href":"https:\/\/api.w.org\/{rel}","templated":true}]}}