{"id":2630,"date":"2024-04-03T21:36:18","date_gmt":"2024-04-03T20:36:18","guid":{"rendered":"https:\/\/www.kenderfono.hu\/?page_id=2630"},"modified":"2024-04-03T21:51:48","modified_gmt":"2024-04-03T20:51:48","slug":"balacsomagolo-szilazs-folia","status":"publish","type":"page","link":"https:\/\/www.kenderfono.hu\/hu\/termekeink\/balacsomagolo-szilazs-folia\/","title":{"rendered":"B\u00e1lacsomagol\u00f3\/Szil\u00e1zs f\u00f3lia"},"content":{"rendered":"<p>\n\t\t<style type=\"text\/css\">\n\t\t\t#gallery-1 {\n\t\t\t\tmargin: auto;\n\t\t\t}\n\t\t\t#gallery-1 .gallery-item {\n\t\t\t\tfloat: left;\n\t\t\t\tmargin-top: 10px;\n\t\t\t\ttext-align: center;\n\t\t\t\twidth: 33%;\n\t\t\t}\n\t\t\t#gallery-1 img {\n\t\t\t\tborder: 2px solid #cfcfcf;\n\t\t\t}\n\t\t\t#gallery-1 .gallery-caption {\n\t\t\t\tmargin-left: 0;\n\t\t\t}\n\t\t\t\/* see gallery_shortcode() in wp-includes\/media.php *\/\n\t\t<\/style>\n\t\t<div id='gallery-1' class='gallery galleryid-2630 gallery-columns-3 gallery-size-thumbnail'><dl class='gallery-item'>\n\t\t\t<dt class='gallery-icon landscape'>\n\t\t\t\t<a href='https:\/\/www.kenderfono.hu\/wp-content\/uploads\/2024\/04\/balafolia2.jpg'><img loading=\"lazy\" decoding=\"async\" width=\"200\" height=\"200\" src=\"https:\/\/www.kenderfono.hu\/wp-content\/uploads\/2024\/04\/balafolia2-200x200.jpg\" class=\"attachment-thumbnail size-thumbnail\" alt=\"\" \/><\/a>\n\t\t\t<\/dt><\/dl><dl class='gallery-item'>\n\t\t\t<dt class='gallery-icon portrait'>\n\t\t\t\t<a href='https:\/\/www.kenderfono.hu\/wp-content\/uploads\/2024\/04\/szilazsfolia1-scaled.jpg'><img loading=\"lazy\" decoding=\"async\" width=\"200\" height=\"200\" src=\"https:\/\/www.kenderfono.hu\/wp-content\/uploads\/2024\/04\/szilazsfolia1-200x200.jpg\" class=\"attachment-thumbnail size-thumbnail\" alt=\"\" \/><\/a>\n\t\t\t<\/dt><\/dl><dl class='gallery-item'>\n\t\t\t<dt class='gallery-icon landscape'>\n\t\t\t\t<a href='https:\/\/www.kenderfono.hu\/wp-content\/uploads\/2024\/04\/balafolia-1.jpg'><img loading=\"lazy\" decoding=\"async\" width=\"200\" height=\"200\" src=\"https:\/\/www.kenderfono.hu\/wp-content\/uploads\/2024\/04\/balafolia-1-200x200.jpg\" class=\"attachment-thumbnail size-thumbnail\" alt=\"\" \/><\/a>\n\t\t\t<\/dt><\/dl><br style=\"clear: both\" \/>\n\t\t<\/div>\n<\/p>\n<p>&nbsp;<\/p>\n<table border=\"0\" cellspacing=\"0\" cellpadding=\"0\">\n<tbody>\n<tr class=\"odd\">\n<td style=\"width: 30%;\">Term\u00e9k neve:<\/td>\n<td class=\"num\" style=\"width: 70%;\">Szil\u00e1zs csomagol\u00f3 f\u00f3lia<\/td>\n<\/tr>\n<tr>\n<td style=\"width: 30%;\">Anyag:<\/td>\n<td class=\"num\" style=\"width: 70%;\">Polyethylene<\/td>\n<\/tr>\n<tr class=\"odd\">\n<td style=\"width: 30%;\">Hozz\u00e1adott anyag:<\/td>\n<td class=\"num\" style=\"width: 70%;\">UV stabiliz\u00e1tor<\/td>\n<\/tr>\n<tr>\n<td style=\"width: 30%;\">Sz\u00edn:<\/td>\n<td class=\"num\" style=\"width: 70%;\">feh\u00e9r<\/td>\n<\/tr>\n<tr class=\"odd\">\n<td style=\"width: 30%;\">Gy\u00e1rt\u00e1si folyamat:<\/td>\n<td class=\"num\" style=\"width: 70%;\">5 r\u00e9teg\u0171 koextrud\u00e1lt f\u00fajt f\u00f3lia<\/td>\n<\/tr>\n<tr>\n<td style=\"width: 30%;\">S\u0171r\u0171s\u00e9g:<\/td>\n<td class=\"num\" style=\"width: 70%;\">0,954 g \/ cm\u1d4c<\/td>\n<\/tr>\n<tr class=\"odd\">\n<td style=\"width: 30%;\">Specifik\u00e1lt s\u00faly:<\/td>\n<td class=\"num\" style=\"width: 70%;\">23,85g \/ m\u00b2<\/td>\n<\/tr>\n<tr>\n<td style=\"width: 30%;\">Tekercs nett\u00f3 s\u00falya:<\/td>\n<td class=\"num\" style=\"width: 70%;\">26,8 kg<\/td>\n<\/tr>\n<tr class=\"odd\">\n<td style=\"width: 30%;\">Tekercs brutt\u00f3 s\u00falya:<\/td>\n<td class=\"num\" style=\"width: 70%;\">29.1 kg<\/td>\n<\/tr>\n<tr>\n<td style=\"width: 30%;\">Vastags\u00e1g:<\/td>\n<td class=\"num\" style=\"width: 70%;\">25 \u03bcm<\/td>\n<\/tr>\n<tr class=\"odd\">\n<td style=\"width: 30%;\">Sz\u00e9less\u00e9g:<\/td>\n<td class=\"num\" style=\"width: 70%;\">750 mm<\/td>\n<\/tr>\n<tr>\n<td style=\"width: 30%;\">Hossz:<\/td>\n<td class=\"num\" style=\"width: 70%;\">1500m<\/td>\n<\/tr>\n<tr class=\"odd\">\n<td style=\"width: 30%;\">Hordoz\u00f3 pap\u00edrcs\u0151 bels\u0151 \u00e1tm\u00e9r\u0151je:<\/td>\n<td class=\"num\" style=\"width: 70%;\">76 mm<\/td>\n<\/tr>\n<tr>\n<td style=\"width: 30%;\">Hordoz\u00f3 pap\u00edrcs\u0151 k\u00fcls\u0151 \u00e1tm\u00e9r\u0151je:<\/td>\n<td class=\"num\" style=\"width: 70%;\">94 mm<\/td>\n<\/tr>\n<tr class=\"odd\">\n<td style=\"width: 30%;\">Csomagol\u00e1s:<\/td>\n<td class=\"num\" style=\"width: 70%;\">m\u0171anyag zs\u00e1kokban \u00e9s karton dobozokban<\/td>\n<\/tr>\n<tr>\n<td style=\"width: 30%;\">T\u00e1rol\u00e1s:<\/td>\n<td class=\"num\" style=\"width: 70%;\">raklapon belter\u00fcleten, v\u00e9dve az id\u0151j\u00e1r\u00e1st\u00f3l<\/td>\n<\/tr>\n<tr class=\"odd\">\n<td style=\"width: 30%;\">Kiszerel\u00e9s\/egys\u00e9g:<\/td>\n<td class=\"num\" style=\"width: 70%;\">40 tekercs\/raklap<\/td>\n<\/tr>\n<\/tbody>\n<\/table>\n<p><\/p>","protected":false},"excerpt":{"rendered":"<p>&nbsp; Term\u00e9k neve: Szil\u00e1zs csomagol\u00f3 f\u00f3lia Anyag: Polyethylene Hozz\u00e1adott anyag: UV stabiliz\u00e1tor Sz\u00edn: feh\u00e9r Gy\u00e1rt\u00e1si folyamat: 5 r\u00e9teg\u0171 koextrud\u00e1lt f\u00fajt f\u00f3lia S\u0171r\u0171s\u00e9g: 0,954 g \/ cm\u1d4c Specifik\u00e1lt s\u00faly: 23,85g \/ m\u00b2 Tekercs nett\u00f3 s\u00falya: 26,8 kg Tekercs brutt\u00f3 s\u00falya: 29.1 kg Vastags\u00e1g: 25 \u03bcm Sz\u00e9less\u00e9g: 750 mm Hossz: 1500m Hordoz\u00f3 pap\u00edrcs\u0151 bels\u0151 \u00e1tm\u00e9r\u0151je: 76 mm [&hellip;]<\/p>\n","protected":false},"author":8,"featured_media":0,"parent":663,"menu_order":0,"comment_status":"closed","ping_status":"closed","template":"","meta":{"ngg_post_thumbnail":0,"footnotes":""},"class_list":["post-2630","page","type-page","status-publish","hentry"],"aioseo_notices":[],"_links":{"self":[{"href":"https:\/\/www.kenderfono.hu\/hu\/wp-json\/wp\/v2\/pages\/2630","targetHints":{"allow":["GET"]}}],"collection":[{"href":"https:\/\/www.kenderfono.hu\/hu\/wp-json\/wp\/v2\/pages"}],"about":[{"href":"https:\/\/www.kenderfono.hu\/hu\/wp-json\/wp\/v2\/types\/page"}],"author":[{"embeddable":true,"href":"https:\/\/www.kenderfono.hu\/hu\/wp-json\/wp\/v2\/users\/8"}],"replies":[{"embeddable":true,"href":"https:\/\/www.kenderfono.hu\/hu\/wp-json\/wp\/v2\/comments?post=2630"}],"version-history":[{"count":4,"href":"https:\/\/www.kenderfono.hu\/hu\/wp-json\/wp\/v2\/pages\/2630\/revisions"}],"predecessor-version":[{"id":2643,"href":"https:\/\/www.kenderfono.hu\/hu\/wp-json\/wp\/v2\/pages\/2630\/revisions\/2643"}],"up":[{"embeddable":true,"href":"https:\/\/www.kenderfono.hu\/hu\/wp-json\/wp\/v2\/pages\/663"}],"wp:attachment":[{"href":"https:\/\/www.kenderfono.hu\/hu\/wp-json\/wp\/v2\/media?parent=2630"}],"curies":[{"name":"wp","href":"https:\/\/api.w.org\/{rel}","templated":true}]}}