{"id":661,"date":"2011-07-26T08:57:17","date_gmt":"2011-07-26T08:57:17","guid":{"rendered":"http:\/\/kenderfono.flornatura.hu\/?page_id=661"},"modified":"2023-12-06T21:10:20","modified_gmt":"2023-12-06T20:10:20","slug":"cegunkrol","status":"publish","type":"page","link":"https:\/\/www.kenderfono.hu\/hu\/cegunkrol\/","title":{"rendered":"C\u00e9g\u00fcnkr\u0151l"},"content":{"rendered":"<p>Az Els\u0151 Magyar Kenderfon\u00f3 Zrt. k\u00f6zel 145 \u00e9ves m\u00faltra tekint vissza. El\u0151dj\u00e9t, a Szegedi Kendergy\u00e1rat, Bakay N\u00e1ndor alap\u00edtotta 1877-ben, kenderb\u0151l k\u00e9sz\u00fclt zsinegek, k\u00f6t\u00f6z\u0151k, k\u00f6telek \u00e9s sz\u00f6vetek gy\u00e1rt\u00e1s\u00e1ra.<\/p>\n<p>Legfontosabb c\u00e9lunk, hogy tov\u00e1bbra is kiv\u00e1l\u00f3 min\u0151s\u00e9g\u0171 zsinegek, k\u00f6t\u00f6z\u0151k, k\u00f6telek, r\u00f6gz\u00edt\u0151 anyagok sz\u00e9les v\u00e1laszt\u00e9k\u00e1t k\u00edn\u00e1ljuk, k\u00f6rnyezetbar\u00e1t, term\u00e9szetes alapanyag felhaszn\u00e1l\u00e1s\u00e1val a mez\u0151gazdas\u00e1g, k\u00e9zm\u0171ipar, h\u00fasipar, b\u00fatorgy\u00e1rt\u00e1s \u00e9s sok m\u00e1s felhaszn\u00e1l\u00f3i r\u00e9teg sz\u00e1m\u00e1ra.<\/p>\n<p>Term\u00e9keinket a belf\u00f6ldi piacokon k\u00edv\u00fcl, Eur\u00f3pa sz\u00e1mos orsz\u00e1g\u00e1ba, valamint az Egyes\u00fclt \u00c1llamokba is export\u00e1ljuk.<\/p>\n<p><!--more--><\/p>\n<p>A M\u0170ANYAG \u00dcZLET\u00c1G t\u00f6bb mint 40 \u00e9ves szakmai tapasztalattal rendelkezik a raschelgy\u00e1rt\u00e1s ter\u00fclet\u00e9n. K\u00f6z\u00e9p-Eur\u00f3pa egyik legnagyobb raschel \u00fczemek\u00e9nt a raschel csomagol\u00f3zs\u00e1kok, t\u00f6ml\u0151k \u00e9s lapkelm\u00e9k sz\u00e9les v\u00e1laszt\u00e9k\u00e1t k\u00edn\u00e1ljuk vev\u0151ink sz\u00e1m\u00e1ra. Termel\u00e9si palett\u00e1nkon megtal\u00e1lhat\u00f3k k\u00fcl\u00f6nb\u00f6z\u0151 polipropil\u00e9n k\u00f6t\u00f6z\u0151k \u00e9s b\u00e1l\u00e1z\u00f3zsinegek is, melyek sz\u00e9les ter\u00fcleten haszn\u00e1lhat\u00f3k fel a h\u00e1ztart\u00e1sokban \u00e9s a mez\u0151gazdas\u00e1gban egyar\u00e1nt. T\u00e1rsas\u00e1gunk f\u0151k\u00e9nt nagykereskedelmi \u00e9s kiskereskedelmi \u00e9rt\u00e9kes\u00edt\u00e9ssel foglalkozik, amely egyr\u00e9szt hazai piacon realiz\u00e1l\u00f3dik, a fennmarad\u00f3 r\u00e9szt pedig els\u0151sorban Eur\u00f3p\u00e1ba export\u00e1ljuk. Term\u00e9keink specifikus jellege miatt els\u0151sorban a mez\u0151gazdas\u00e1gi tev\u00e9kenys\u00e9ggel foglalkoz\u00f3 viszontelad\u00f3k \u00e9s v\u00e9gfelhaszn\u00e1l\u00f3k a jellemz\u0151 v\u00e1s\u00e1rl\u00f3ink. V\u00e1llalatunk igyekszik a vev\u0151k ig\u00e9nyeihez igaz\u00edtva alak\u00edtani k\u00edn\u00e1lat\u00e1t. Az \u00e9rt\u00e9kes\u00edt\u00e9s a tudom\u00e1s\u00e1ra jutott vev\u0151i ig\u00e9nyek alapj\u00e1n d\u00f6nt a gy\u00e1rtott term\u00e9kekr\u0151l \u00e9s a termel\u00e9s \u00fctemez\u00e9s\u00e9r\u0151l. Stabil, hossz\u00fa t\u00e1v\u00fa kapcsolatok kialak\u00edt\u00e1s\u00e1ra t\u00f6reksz\u00fcnk \u00fczleti partnereinkkel, vev\u0151inkkel, sz\u00e1ll\u00edt\u00f3inkkal a k\u00f6lcs\u00f6n\u00f6s megbecs\u00fcl\u00e9s \u00e9s haszon elve alapj\u00e1n. Kereskedelmi \u00e9s m\u0171szaki szakembereink mindenkor partnereink rendelkez\u00e9s\u00e9re \u00e1llnak, hogy speci\u00e1lis ig\u00e9nyeiket megoldj\u00e1k. A vev\u0151i el\u00e9gedetts\u00e9g folyamatos n\u00f6vel\u00e9se mellett a piaci poz\u00edci\u00f3k er\u0151s\u00edt\u00e9se, a piaci r\u00e9szesed\u00e9s n\u00f6vel\u00e9se dinamikus n\u00f6veked\u00e9s\u00fcnk biztos\u00edt\u00e9ka. 2009 nyar\u00e1n c\u00e9g\u00fcnk elk\u00f6lt\u00f6z\u00f6tt szegedi telephely\u00e9r\u0151l H\u00f3dmez\u0151v\u00e1s\u00e1rhelyre, ahol korszer\u0171bb k\u00f6r\u00fclm\u00e9nyek k\u00f6z\u00f6tt folytatta a m\u00e1r megszokott teljes term\u00e9kk\u00edn\u00e1lat gy\u00e1rt\u00e1s\u00e1t. B\u00edzunk abban, hogy term\u00e9kismertet\u0151nket \u00e1ttanulm\u00e1nyozva c\u00e9g\u00fcnkr\u0151l \u00e9s term\u00e9keinkr\u0151l elegend\u0151 inform\u00e1ci\u00f3t kapnak, melynek seg\u00edts\u00e9g\u00e9vel a legmegfelel\u0151bb term\u00e9k\u00fcnket tudj\u00e1k kiv\u00e1lasztani.<\/p>","protected":false},"excerpt":{"rendered":"<p>Az Els\u0151 Magyar Kenderfon\u00f3 Zrt. k\u00f6zel 145 \u00e9ves m\u00faltra tekint vissza. El\u0151dj\u00e9t, a Szegedi Kendergy\u00e1rat, Bakay N\u00e1ndor alap\u00edtotta 1877-ben, kenderb\u0151l k\u00e9sz\u00fclt zsinegek, k\u00f6t\u00f6z\u0151k, k\u00f6telek \u00e9s sz\u00f6vetek gy\u00e1rt\u00e1s\u00e1ra. Legfontosabb c\u00e9lunk, hogy tov\u00e1bbra is kiv\u00e1l\u00f3 min\u0151s\u00e9g\u0171 zsinegek, k\u00f6t\u00f6z\u0151k, k\u00f6telek, r\u00f6gz\u00edt\u0151 anyagok sz\u00e9les v\u00e1laszt\u00e9k\u00e1t k\u00edn\u00e1ljuk, k\u00f6rnyezetbar\u00e1t, term\u00e9szetes alapanyag felhaszn\u00e1l\u00e1s\u00e1val a mez\u0151gazdas\u00e1g, k\u00e9zm\u0171ipar, h\u00fasipar, b\u00fatorgy\u00e1rt\u00e1s \u00e9s sok m\u00e1s felhaszn\u00e1l\u00f3i [&hellip;]<\/p>\n","protected":false},"author":8,"featured_media":0,"parent":0,"menu_order":0,"comment_status":"open","ping_status":"open","template":"","meta":{"ngg_post_thumbnail":0,"footnotes":""},"class_list":["post-661","page","type-page","status-publish","hentry"],"aioseo_notices":[],"_links":{"self":[{"href":"https:\/\/www.kenderfono.hu\/hu\/wp-json\/wp\/v2\/pages\/661","targetHints":{"allow":["GET"]}}],"collection":[{"href":"https:\/\/www.kenderfono.hu\/hu\/wp-json\/wp\/v2\/pages"}],"about":[{"href":"https:\/\/www.kenderfono.hu\/hu\/wp-json\/wp\/v2\/types\/page"}],"author":[{"embeddable":true,"href":"https:\/\/www.kenderfono.hu\/hu\/wp-json\/wp\/v2\/users\/8"}],"replies":[{"embeddable":true,"href":"https:\/\/www.kenderfono.hu\/hu\/wp-json\/wp\/v2\/comments?post=661"}],"version-history":[{"count":23,"href":"https:\/\/www.kenderfono.hu\/hu\/wp-json\/wp\/v2\/pages\/661\/revisions"}],"predecessor-version":[{"id":2565,"href":"https:\/\/www.kenderfono.hu\/hu\/wp-json\/wp\/v2\/pages\/661\/revisions\/2565"}],"wp:attachment":[{"href":"https:\/\/www.kenderfono.hu\/hu\/wp-json\/wp\/v2\/media?parent=661"}],"curies":[{"name":"wp","href":"https:\/\/api.w.org\/{rel}","templated":true}]}}