{"id":663,"date":"2011-07-26T08:57:48","date_gmt":"2011-07-26T08:57:48","guid":{"rendered":"http:\/\/kenderfono.flornatura.hu\/?page_id=663"},"modified":"2024-04-03T22:14:04","modified_gmt":"2024-04-03T21:14:04","slug":"termekeink","status":"publish","type":"page","link":"https:\/\/www.kenderfono.hu\/hu\/termekeink\/","title":{"rendered":"Term\u00e9keink"},"content":{"rendered":"<p><\/p>\n<h2><span class=\"Apple-style-span\" style=\"color: #888888;\">Term\u00e9szetes alapanyag\u00fa term\u00e9kek:<\/span><\/h2>\n<hr>\n<p><a href=\"http:\/\/www.kenderfono.hu\/termekeink\/natur-zsineg\/\"><img loading=\"lazy\" decoding=\"async\" title=\"Nat\u00far zsineg\" src=\"http:\/\/www.kenderfono.hu\/wp-content\/gallery\/termekmenu\/kenderzsinega.jpg\" alt=\"Nat\u00far zsineg\" width=\"140\" height=\"140\"><\/a>&nbsp; &nbsp;&nbsp;<a href=\"http:\/\/www.kenderfono.hu\/termekeink\/natur-kotel\/\"><img loading=\"lazy\" decoding=\"async\" title=\"Nat\u00far k\u00f6t\u00e9l\" src=\"http:\/\/www.kenderfono.hu\/wp-content\/gallery\/termekmenu\/kenderkotela.jpg\" alt=\"Nat\u00far k\u00f6t\u00e9l\" width=\"140\" height=\"140\"><\/a>&nbsp; &nbsp;&nbsp;<a href=\"https:\/\/www.kenderfono.hu\/termekeink\/pamut-zsineg\/\"><img loading=\"lazy\" decoding=\"async\" title=\"Nat\u00far k\u00f6t\u00e9l\" src=\"https:\/\/www.kenderfono.hu\/wp-content\/uploads\/2024\/04\/termekek_pamutzsineg.jpg\" alt=\"Nat\u00far k\u00f6t\u00e9l\" width=\"140\" height=\"140\"><\/a><\/p>\n<h2>&nbsp;<\/h2>\n<h2><span class=\"Apple-style-span\" style=\"color: #d4000b; font-size: 20px;\"><br \/>\n<span style=\"color: #888888;\">M\u0171anyag alapanyag\u00fa term\u00e9kek:<\/span><\/span><\/h2>\n<hr>\n<p><a href=\"http:\/\/www.kenderfono.hu\/termekeink\/pp-balazo\/\"><img loading=\"lazy\" decoding=\"async\" title=\"PP, PE k\u00f6t\u00f6z\u0151\" src=\"http:\/\/www.kenderfono.hu\/wp-content\/gallery\/termekmenu\/ppbalazo.jpg\" alt=\"PP b\u00e1l\u00e1z\u00f3\" width=\"140\" height=\"140\"><\/a>&nbsp; &nbsp;&nbsp;<a href=\"http:\/\/www.kenderfono.hu\/termekeink\/pp-pe-kotozo-szalag\/\"><img loading=\"lazy\" decoding=\"async\" title=\"PP, PE k\u00f6t\u00f6z\u0151\" src=\"http:\/\/www.kenderfono.hu\/wp-content\/gallery\/termekmenu\/pp-pe_kotozo.jpg\" alt=\"PP, PE k\u00f6t\u00f6z\u0151\" width=\"140\" height=\"140\"><\/a>&nbsp; &nbsp;&nbsp;<a href=\"http:\/\/www.kenderfono.hu\/termekeink\/raschel-zsak\/\"><img loading=\"lazy\" decoding=\"async\" title=\"Raschel zs\u00e1k\" src=\"http:\/\/www.kenderfono.hu\/wp-content\/gallery\/termekmenu\/raschel-zsak.jpg\" alt=\"Raschel zs\u00e1k\" width=\"140\" height=\"140\"><\/a>&nbsp; &nbsp; <a href=\"http:\/\/www.kenderfono.hu\/termekeink\/raschel-lapkelme\/\"><img loading=\"lazy\" decoding=\"async\" title=\"Raschel lapkelme\" src=\"http:\/\/www.kenderfono.hu\/wp-content\/gallery\/termekmenu\/raschel-lapkelme.jpg\" alt=\"Kenderk\u00f6t\u00e9l\" width=\"140\" height=\"140\"><\/a><\/p>\n<p><a href=\"http:\/\/www.kenderfono.hu\/termekeink\/raschel-tomlo\/\"><img loading=\"lazy\" decoding=\"async\" title=\"Raschel t\u00f6ml\u0151\" src=\"http:\/\/www.kenderfono.hu\/wp-content\/gallery\/termekmenu\/raschel-tomlo.jpg\" alt=\"Raschel t\u00f6ml\u0151\" width=\"140\" height=\"140\"><\/a>&nbsp; &nbsp;&nbsp;<a href=\"http:\/\/www.kenderfono.hu\/termekeink\/muanyag-kotel\/\"><img loading=\"lazy\" decoding=\"async\" title=\"M\u0171anyag k\u00f6t\u00e9l\" src=\"http:\/\/www.kenderfono.hu\/wp-content\/gallery\/termekmenu\/muanyag-kotel.jpg\" alt=\"M\u0171anyag k\u00f6t\u00e9l\" width=\"140\" height=\"140\">&nbsp; &nbsp;&nbsp;<\/a><a href=\"http:\/\/www.kenderfono.hu\/termekeink\/pa-cerna\/\"><img loading=\"lazy\" decoding=\"async\" title=\"PA c\u00e9rna\" src=\"http:\/\/www.kenderfono.hu\/wp-content\/gallery\/termekmenu\/pacerna.jpg\" alt=\"PA c\u00e9rna\" width=\"140\" height=\"140\"><\/a>&nbsp; &nbsp;&nbsp;<a href=\"https:\/\/www.kenderfono.hu\/termekeink\/balacsomagolo-szilazs-folia\/\"><img loading=\"lazy\" decoding=\"async\" src=\"https:\/\/www.kenderfono.hu\/wp-content\/uploads\/2024\/04\/balacsomagolo.jpg\" alt=\"B\u00e1lacsomagol\u00f3\" width=\"140\" height=\"140\"><\/a><\/p>\n<p><a href=\"https:\/\/www.kenderfono.hu\/termekeink\/balahalo\/\"><img loading=\"lazy\" decoding=\"async\" src=\"https:\/\/www.kenderfono.hu\/wp-content\/uploads\/2024\/04\/balahalo-termek.jpg\" alt=\"B\u00e1lah\u00e1l\u00f3\" width=\"140\" height=\"140\"><\/a><\/p>\n<h2><span class=\"Apple-style-span\" style=\"color: #d4000b; font-size: 20px;\"><span style=\"color: #888888;\">Villanyp\u00e1sztorok:<\/span><\/span><\/h2>\n<p><a href=\"https:\/\/www.kenderfono.hu\/hu\/termekeink\/villanypasztorok\/\"><img loading=\"lazy\" decoding=\"async\" class=\"alignnone wp-image-2595\" src=\"https:\/\/www.kenderfono.hu\/wp-content\/uploads\/2024\/02\/termekek_villanypasztor.jpg\" alt=\"\" width=\"140\" height=\"140\"><\/a><\/p>","protected":false},"excerpt":{"rendered":"<p>Term\u00e9szetes alapanyag\u00fa term\u00e9kek: &nbsp; &nbsp;&nbsp;&nbsp; &nbsp;&nbsp; &nbsp; M\u0171anyag alapanyag\u00fa term\u00e9kek: &nbsp; &nbsp;&nbsp;&nbsp; &nbsp;&nbsp;&nbsp; &nbsp; &nbsp; &nbsp;&nbsp;&nbsp; &nbsp;&nbsp;&nbsp; &nbsp;&nbsp; Villanyp\u00e1sztorok:<\/p>\n","protected":false},"author":8,"featured_media":0,"parent":0,"menu_order":0,"comment_status":"open","ping_status":"closed","template":"","meta":{"ngg_post_thumbnail":0,"footnotes":""},"class_list":["post-663","page","type-page","status-publish","hentry"],"aioseo_notices":[],"_links":{"self":[{"href":"https:\/\/www.kenderfono.hu\/hu\/wp-json\/wp\/v2\/pages\/663","targetHints":{"allow":["GET"]}}],"collection":[{"href":"https:\/\/www.kenderfono.hu\/hu\/wp-json\/wp\/v2\/pages"}],"about":[{"href":"https:\/\/www.kenderfono.hu\/hu\/wp-json\/wp\/v2\/types\/page"}],"author":[{"embeddable":true,"href":"https:\/\/www.kenderfono.hu\/hu\/wp-json\/wp\/v2\/users\/8"}],"replies":[{"embeddable":true,"href":"https:\/\/www.kenderfono.hu\/hu\/wp-json\/wp\/v2\/comments?post=663"}],"version-history":[{"count":101,"href":"https:\/\/www.kenderfono.hu\/hu\/wp-json\/wp\/v2\/pages\/663\/revisions"}],"predecessor-version":[{"id":2654,"href":"https:\/\/www.kenderfono.hu\/hu\/wp-json\/wp\/v2\/pages\/663\/revisions\/2654"}],"wp:attachment":[{"href":"https:\/\/www.kenderfono.hu\/hu\/wp-json\/wp\/v2\/media?parent=663"}],"curies":[{"name":"wp","href":"https:\/\/api.w.org\/{rel}","templated":true}]}}