{"id":672,"date":"2011-07-26T13:54:20","date_gmt":"2011-07-26T13:54:20","guid":{"rendered":"http:\/\/kenderfono.flornatura.hu\/?page_id=672"},"modified":"2024-04-03T21:27:05","modified_gmt":"2024-04-03T20:27:05","slug":"natur-zsineg","status":"publish","type":"page","link":"https:\/\/www.kenderfono.hu\/hu\/termekeink\/natur-zsineg\/","title":{"rendered":"Nat\u00far zsineg"},"content":{"rendered":"<p>Zsinegnek nevezz\u00fck azt a c\u00e9rn\u00e1t, amelynek fel\u00fclet\u00e9t kem\u00e9ny\u00edt\u0151t tartalmaz\u00f3 anyaggal bevonjuk, ezt k\u00f6vet\u0151en sim\u00edtjuk, majd f\u00e9nyes\u00edtj\u00fck. Az elj\u00e1r\u00e1s sor\u00e1n a c\u00e9rn\u00e1ban lev\u0151 szennyez\u0151d\u00e9s\u00e9ket elt\u00e1vol\u00edtjuk, a term\u00e9k fel\u00fclet\u00e9t sim\u00e1bb\u00e1 tessz\u00fck. A felhaszn\u00e1l\u00f3i ig\u00e9nyeknek megfelel\u0151en k\u00fcl\u00f6nb\u00f6z\u0151 \u00e1tm\u00e9r\u0151j\u0171 \u00e9s szak\u00edt\u00f3szil\u00e1rds\u00e1g\u00fa zsinegek k\u00e9sz\u00fclnek.<br \/>\nngg_shortcode_0_placeholder<br \/>\nA zsinegek kiszerel\u00e9se \u00e1ltal\u00e1ban gombolyagban t\u00f6rt\u00e9nik, de lehets\u00e9ges keresztcs\u00e9v\u00e9n, motringban, esetleg megadott hossz\u00fas\u00e1gra felv\u00e1gva.<\/p>\n<h2><span style=\"color: #d4000b;\">Nm 2\/0,40&nbsp; nat\u00far zsineg:<\/span><\/h2>\n<hr>\n<div id=\"tabla\">\n<p><a href=\"http:\/\/www.kenderfono.hu\/wp-content\/gallery\/kenderzsineg-01\/kenderzsineg_11_2per040_500gr_100gr.jpg\" rel=\"lightbox\"><img loading=\"lazy\" decoding=\"async\" src=\"http:\/\/www.kenderfono.hu\/wp-content\/gallery\/kenderzsineg-01\/kenderzsineg_11_2per040_500gr_100gr.jpg\" alt=\"\" width=\"180\" height=\"135\"><\/a><\/p>\n<table border=\"0\" cellspacing=\"0\" cellpadding=\"0\">\n<tbody>\n<tr class=\"odd\">\n<td style=\"width: 30%;\">Kiszerel\u00e9s:<\/td>\n<td class=\"num\" style=\"width: 70%;\">100, 200, 500&nbsp;gr gombolyag<\/td>\n<\/tr>\n<tr>\n<td style=\"width: 30%;\">Kiad\u00f3ss\u00e1g:<\/td>\n<td class=\"num\" style=\"width: 70%;\">200 m\/kg<\/td>\n<\/tr>\n<tr class=\"odd\">\n<td style=\"width: 30%;\">Vastags\u00e1g:<\/td>\n<td class=\"num\" style=\"width: 70%;\">cca&nbsp;2,5 mm<\/td>\n<\/tr>\n<tr>\n<td style=\"width: 30%;\">Csomagol\u00e1s:<\/td>\n<td class=\"num\" style=\"width: 70%;\">100\/10,&nbsp;100\/20,&nbsp;48\/24 db\/kg<\/td>\n<\/tr>\n<tr class=\"odd\">\n<td style=\"width: 30%;\">Szak\u00edt\u00f3er\u0151:<\/td>\n<td class=\"num\" style=\"width: 70%;\">48 kg<\/td>\n<\/tr>\n<\/tbody>\n<\/table>\n<\/div>\n<h2><span style=\"color: #d4000b;\">Nm 2\/0,90 nat\u00far zsineg:<\/span><\/h2>\n<hr>\n<div id=\"tabla\">\n<p><a href=\"http:\/\/www.kenderfono.hu\/wp-content\/gallery\/kenderzsineg-01\/kenderzsineg_18_2per090.jpg\" rel=\"lightbox\"><img loading=\"lazy\" decoding=\"async\" src=\"http:\/\/www.kenderfono.hu\/wp-content\/gallery\/kenderzsineg-01\/kenderzsineg_18_2per090.jpg\" alt=\"\" width=\"180\" height=\"135\"><\/a><\/p>\n<table border=\"0\" cellspacing=\"0\" cellpadding=\"0\">\n<tbody>\n<tr class=\"odd\">\n<td style=\"width: 30%;\">Kiszerel\u00e9s:<\/td>\n<td class=\"num\" style=\"width: 70%;\">100, 200, 500&nbsp;gr gombolyag<\/td>\n<\/tr>\n<tr>\n<td style=\"width: 30%;\">Kiad\u00f3ss\u00e1g:<\/td>\n<td class=\"num\" style=\"width: 70%;\">450 m\/kg<\/td>\n<\/tr>\n<tr class=\"odd\">\n<td style=\"width: 30%;\">Vastags\u00e1g:<\/td>\n<td class=\"num\" style=\"width: 70%;\">cca&nbsp;2 mm<\/td>\n<\/tr>\n<tr>\n<td style=\"width: 30%;\">Csomagol\u00e1s:<\/td>\n<td class=\"num\" style=\"width: 70%;\">100\/10,&nbsp;100\/20,&nbsp;48\/24 db\/kg<\/td>\n<\/tr>\n<tr class=\"odd\">\n<td style=\"width: 30%;\">Szak\u00edt\u00f3er\u0151:<\/td>\n<td class=\"num\" style=\"width: 70%;\">19 kg<\/td>\n<\/tr>\n<\/tbody>\n<\/table>\n<\/div>\n<h2><span style=\"color: #d4000b;\">Nm 2\/1,25 nat\u00far zsineg:<\/span><\/h2>\n<hr>\n<div id=\"tabla\">\n<p><a href=\"http:\/\/www.kenderfono.hu\/wp-content\/gallery\/kenderzsineg-01\/kenderzsineg_19_2per125.jpg\" rel=\"lightbox\"><img loading=\"lazy\" decoding=\"async\" src=\"http:\/\/www.kenderfono.hu\/wp-content\/gallery\/kenderzsineg-01\/kenderzsineg_19_2per125.jpg\" alt=\"\" width=\"180\" height=\"135\"><\/a><\/p>\n<table border=\"0\" cellspacing=\"0\" cellpadding=\"0\">\n<tbody>\n<tr class=\"odd\">\n<td style=\"width: 30%;\">Kiszerel\u00e9s:<\/td>\n<td class=\"num\" style=\"width: 70%;\">200 gr gombolyag<\/td>\n<\/tr>\n<tr>\n<td style=\"width: 30%;\">Kiad\u00f3ss\u00e1g:<\/td>\n<td class=\"num\" style=\"width: 70%;\">625 m\/kg<\/td>\n<\/tr>\n<tr class=\"odd\">\n<td style=\"width: 30%;\">Vastags\u00e1g:<\/td>\n<td class=\"num\" style=\"width: 70%;\">cca&nbsp;1,5 mm<\/td>\n<\/tr>\n<tr>\n<td style=\"width: 30%;\">Csomagol\u00e1s:<\/td>\n<td class=\"num\" style=\"width: 70%;\">100\/20 db\/kg<\/td>\n<\/tr>\n<tr class=\"odd\">\n<td style=\"width: 30%;\">Szak\u00edt\u00f3er\u0151:<\/td>\n<td class=\"num\" style=\"width: 70%;\">16 kg<\/td>\n<\/tr>\n<\/tbody>\n<\/table>\n<\/div>\n<h2><span style=\"color: #d4000b;\">Nm 2\/1,75 nat\u00far zsineg:<\/span><\/h2>\n<hr>\n<div id=\"tabla\">\n<p><a href=\"http:\/\/www.kenderfono.hu\/wp-content\/gallery\/kenderzsineg-01\/kenderzsineg_20_2per175.jpg\" rel=\"lightbox\"><img loading=\"lazy\" decoding=\"async\" src=\"http:\/\/www.kenderfono.hu\/wp-content\/gallery\/kenderzsineg-01\/kenderzsineg_20_2per175.jpg\" alt=\"\" width=\"180\" height=\"135\"><\/a><\/p>\n<table border=\"0\" cellspacing=\"0\" cellpadding=\"0\">\n<tbody>\n<tr class=\"odd\">\n<td style=\"width: 30%;\">Kiszerel\u00e9s:<\/td>\n<td class=\"num\" style=\"width: 70%;\">200&nbsp;gr gombolyag<\/td>\n<\/tr>\n<tr>\n<td style=\"width: 30%;\">Kiad\u00f3ss\u00e1g:<\/td>\n<td class=\"num\" style=\"width: 70%;\">875 m\/kg<\/td>\n<\/tr>\n<tr class=\"odd\">\n<td style=\"width: 30%;\">Vastags\u00e1g:<\/td>\n<td class=\"num\" style=\"width: 70%;\">cca&nbsp;1 mm<\/td>\n<\/tr>\n<tr>\n<td style=\"width: 30%;\">Csomagol\u00e1s:<\/td>\n<td class=\"num\" style=\"width: 70%;\">100\/20 db\/kg<\/td>\n<\/tr>\n<tr class=\"odd\">\n<td style=\"width: 30%;\">Szak\u00edt\u00f3er\u0151:<\/td>\n<td class=\"num\" style=\"width: 70%;\">13 kg<\/td>\n<\/tr>\n<\/tbody>\n<\/table>\n<\/div>\n<h2><span style=\"color: #d4000b;\">Nm 2\/1,75&nbsp; feh\u00e9r\u00edtett zsineg<br \/>\n<\/span><\/h2>\n<hr>\n<div id=\"tabla\">\n<p><a href=\"http:\/\/www.kenderfono.hu\/wp-content\/gallery\/kenderzsineg-01\/kenderzsineg_21_2per1-75_feheritett.jpg\" rel=\"lightbox\"><img loading=\"lazy\" decoding=\"async\" src=\"http:\/\/www.kenderfono.hu\/wp-content\/gallery\/kenderzsineg-01\/kenderzsineg_21_2per1-75_feheritett.jpg\" alt=\"\" width=\"180\" height=\"135\"><\/a><\/p>\n<table border=\"0\" cellspacing=\"0\" cellpadding=\"0\">\n<tbody>\n<tr class=\"odd\">\n<td style=\"width: 30%;\">Kiszerel\u00e9s:<\/td>\n<td class=\"num\" style=\"width: 70%;\">200&nbsp;gr gombolyag<\/td>\n<\/tr>\n<tr>\n<td style=\"width: 30%;\">Kiad\u00f3ss\u00e1g:<\/td>\n<td class=\"num\" style=\"width: 70%;\">875 m\/kg<\/td>\n<\/tr>\n<tr class=\"odd\">\n<td style=\"width: 30%;\">Vastags\u00e1g:<\/td>\n<td class=\"num\" style=\"width: 70%;\">cca&nbsp;1 mm<\/td>\n<\/tr>\n<tr>\n<td style=\"width: 30%;\">Csomagol\u00e1s:<\/td>\n<td class=\"num\" style=\"width: 70%;\">100\/20 db\/kg<\/td>\n<\/tr>\n<tr class=\"odd\">\n<td style=\"width: 30%;\">Szak\u00edt\u00f3er\u0151:<\/td>\n<td class=\"num\" style=\"width: 70%;\">15 kg<\/td>\n<\/tr>\n<\/tbody>\n<\/table>\n<\/div>\n<h2><span style=\"color: #d4000b;\">Nm 2\/2,5 nat\u00far zsineg:<\/span><\/h2>\n<hr>\n<div id=\"tabla\">\n<p><a href=\"http:\/\/www.kenderfono.hu\/wp-content\/gallery\/kenderzsineg-01\/kenderzsineg_20_2per250.jpg\" rel=\"lightbox\"><img loading=\"lazy\" decoding=\"async\" src=\"http:\/\/www.kenderfono.hu\/wp-content\/gallery\/kenderzsineg-01\/kenderzsineg_20_2per250.jpg\" alt=\"\" width=\"180\" height=\"135\"><\/a><\/p>\n<table border=\"0\" cellspacing=\"0\" cellpadding=\"0\">\n<tbody>\n<tr class=\"odd\">\n<td style=\"width: 30%;\">Kiszerel\u00e9s:<\/td>\n<td class=\"num\" style=\"width: 70%;\">100, 200 gr gombolyag<\/td>\n<\/tr>\n<tr>\n<td style=\"width: 30%;\">Kiad\u00f3ss\u00e1g:<\/td>\n<td class=\"num\" style=\"width: 70%;\">1250&nbsp;m\/kg<\/td>\n<\/tr>\n<tr class=\"odd\">\n<td style=\"width: 30%;\">Vastags\u00e1g:<\/td>\n<td class=\"num\" style=\"width: 70%;\">cca&nbsp;0,8 mm<\/td>\n<\/tr>\n<tr>\n<td style=\"width: 30%;\">Csomagol\u00e1s:<\/td>\n<td class=\"num\" style=\"width: 70%;\">100\/10,&nbsp;100\/20 db\/kg<\/td>\n<\/tr>\n<tr class=\"odd\">\n<td style=\"width: 30%;\">Szak\u00edt\u00f3er\u0151:<\/td>\n<td class=\"num\" style=\"width: 70%;\">10 kg<\/td>\n<\/tr>\n<\/tbody>\n<\/table>\n<\/div>\n<h2><span style=\"color: #d4000b;\">Nm 2\/3,5 nat\u00far zsineg:<\/span><\/h2>\n<hr>\n<div id=\"tabla\">\n<p><a href=\"http:\/\/www.kenderfono.hu\/wp-content\/gallery\/kenderzsineg-01\/kenderzsineg_16_2per35.jpg\" rel=\"lightbox\"><img loading=\"lazy\" decoding=\"async\" src=\"http:\/\/www.kenderfono.hu\/wp-content\/gallery\/kenderzsineg-01\/kenderzsineg_16_2per35.jpg\" alt=\"\" width=\"180\" height=\"135\"><\/a><\/p>\n<table border=\"0\" cellspacing=\"0\" cellpadding=\"0\">\n<tbody>\n<tr class=\"odd\">\n<td style=\"width: 30%;\">Kiszerel\u00e9s:<\/td>\n<td class=\"num\" style=\"width: 70%;\">100 gr gombolyag<\/td>\n<\/tr>\n<tr>\n<td style=\"width: 30%;\">Kiad\u00f3ss\u00e1g:<\/td>\n<td class=\"num\" style=\"width: 70%;\">1750 m\/kg<\/td>\n<\/tr>\n<tr class=\"odd\">\n<td style=\"width: 30%;\">Vastags\u00e1g:<\/td>\n<td class=\"num\" style=\"width: 70%;\">cca&nbsp;0,7 mm<\/td>\n<\/tr>\n<tr>\n<td style=\"width: 30%;\">Csomagol\u00e1s:<\/td>\n<td class=\"num\" style=\"width: 70%;\">100\/10 db\/kg<\/td>\n<\/tr>\n<tr class=\"odd\">\n<td style=\"width: 30%;\">Szak\u00edt\u00f3er\u0151:<\/td>\n<td class=\"num\" style=\"width: 70%;\">7 kg<\/td>\n<\/tr>\n<\/tbody>\n<\/table>\n<\/div>\n<h2><span style=\"color: #d4000b;\">Nm 2\/5 nat\u00far zsineg:<\/span><\/h2>\n<hr>\n<div id=\"tabla\">\n<p><a href=\"http:\/\/www.kenderfono.hu\/wp-content\/gallery\/kenderzsineg-01\/kenderzsineg_05.jpg\" rel=\"lightbox\"><img loading=\"lazy\" decoding=\"async\" src=\"http:\/\/www.kenderfono.hu\/wp-content\/gallery\/kenderzsineg-01\/kenderzsineg_05.jpg\" alt=\"\" width=\"180\" height=\"135\"><\/a><\/p>\n<table border=\"0\" cellspacing=\"0\" cellpadding=\"0\">\n<tbody>\n<tr class=\"odd\">\n<td style=\"width: 30%;\">Kiszerel\u00e9s:<\/td>\n<td class=\"num\" style=\"width: 70%;\">100 gr-os gombolyag<\/td>\n<\/tr>\n<tr>\n<td style=\"width: 30%;\">Kiad\u00f3ss\u00e1g:<\/td>\n<td class=\"num\" style=\"width: 70%;\">2500 m\/kg<\/td>\n<\/tr>\n<tr class=\"odd\">\n<td style=\"width: 30%;\">Vastags\u00e1g:<\/td>\n<td class=\"num\" style=\"width: 70%;\">cca&nbsp;0,5 mm<\/td>\n<\/tr>\n<tr>\n<td style=\"width: 30%;\">Csomagol\u00e1s:<\/td>\n<td class=\"num\" style=\"width: 70%;\">100\/10 db\/kg<\/td>\n<\/tr>\n<tr class=\"odd\">\n<td style=\"width: 30%;\">Szak\u00edt\u00f3er\u0151:<\/td>\n<td class=\"num\" style=\"width: 70%;\">6,5 kg<\/td>\n<\/tr>\n<\/tbody>\n<\/table>\n<\/div>\n<h2><span style=\"color: #d4000b;\">Nm 3\/0,40 nat\u00far zsineg:<\/span><\/h2>\n<hr>\n<div id=\"tabla\">\n<p><a href=\"http:\/\/www.kenderfono.hu\/wp-content\/gallery\/kenderzsineg-01\/kenderzsineg_15_3per04.jpg\" rel=\"lightbox\"><img loading=\"lazy\" decoding=\"async\" src=\"http:\/\/www.kenderfono.hu\/wp-content\/gallery\/kenderzsineg-01\/kenderzsineg_15_3per04.jpg\" alt=\"\" width=\"180\" height=\"135\"><\/a><\/p>\n<table border=\"0\" cellspacing=\"0\" cellpadding=\"0\">\n<tbody>\n<tr class=\"odd\">\n<td style=\"width: 30%;\">Kiszerel\u00e9s:<\/td>\n<td class=\"num\" style=\"width: 70%;\">500 gr-os gombolyag<\/td>\n<\/tr>\n<tr>\n<td style=\"width: 30%;\">Kiad\u00f3ss\u00e1g:<\/td>\n<td class=\"num\" style=\"width: 70%;\">133 m\/kg<\/td>\n<\/tr>\n<tr class=\"odd\">\n<td style=\"width: 30%;\">Vastags\u00e1g:<\/td>\n<td class=\"num\" style=\"width: 70%;\">&nbsp;cca 3 mm<\/td>\n<\/tr>\n<tr>\n<td style=\"width: 30%;\">Csomagol\u00e1s:<\/td>\n<td class=\"num\" style=\"width: 70%;\">&nbsp;48\/24 db\/kg<\/td>\n<\/tr>\n<tr class=\"odd\">\n<td style=\"width: 30%;\">Szak\u00edt\u00f3er\u0151:<\/td>\n<td class=\"num\" style=\"width: 70%;\">78 kg<\/td>\n<\/tr>\n<\/tbody>\n<\/table>\n<\/div>\n<h2><span style=\"color: #d4000b;\">Nm 3\/1,75 nat\u00far zsineg:<\/span><\/h2>\n<hr>\n<div id=\"tabla\">\n<p><a href=\"http:\/\/www.kenderfono.hu\/wp-content\/gallery\/kenderzsineg-01\/kenderzsineg_17_3perr1-75_500-gr.jpg\" rel=\"lightbox\"><img loading=\"lazy\" decoding=\"async\" src=\"http:\/\/www.kenderfono.hu\/wp-content\/gallery\/kenderzsineg-01\/kenderzsineg_17_3perr1-75_500-gr.jpg\" alt=\"\" width=\"180\" height=\"135\"><\/a><\/p>\n<table border=\"0\" cellspacing=\"0\" cellpadding=\"0\">\n<tbody>\n<tr class=\"odd\">\n<td style=\"width: 30%;\">Kiszerel\u00e9s:<\/td>\n<td class=\"num\" style=\"width: 70%;\">500&nbsp;gr-os gombolyag<\/td>\n<\/tr>\n<tr>\n<td style=\"width: 30%;\">Kiad\u00f3ss\u00e1g:<\/td>\n<td class=\"num\" style=\"width: 70%;\">583 m\/kg<\/td>\n<\/tr>\n<tr class=\"odd\">\n<td style=\"width: 30%;\">Vastags\u00e1g:<\/td>\n<td class=\"num\" style=\"width: 70%;\">cca 1,5 mm<\/td>\n<\/tr>\n<tr>\n<td style=\"width: 30%;\">Csomagol\u00e1s:<\/td>\n<td class=\"num\" style=\"width: 70%;\">48\/24 db\/kg<\/td>\n<\/tr>\n<tr class=\"odd\">\n<td style=\"width: 30%;\">Szak\u00edt\u00f3er\u0151:<\/td>\n<td class=\"num\" style=\"width: 70%;\">18 kg<\/td>\n<\/tr>\n<\/tbody>\n<\/table>\n<\/div>\n<h2><span style=\"color: #d4000b;\">Nm 3\/3,5 nat\u00far zsineg:<\/span><\/h2>\n<hr>\n<div id=\"tabla\">\n<p><a href=\"http:\/\/www.kenderfono.hu\/wp-content\/gallery\/kenderzsineg-01\/kenderzsineg_12_3per35.jpg\" rel=\"lightbox\"><img loading=\"lazy\" decoding=\"async\" src=\"http:\/\/www.kenderfono.hu\/wp-content\/gallery\/kenderzsineg-01\/kenderzsineg_12_3per35.jpg\" alt=\"\" width=\"180\" height=\"135\"><\/a><\/p>\n<table border=\"0\" cellspacing=\"0\" cellpadding=\"0\">\n<tbody>\n<tr class=\"odd\">\n<td style=\"width: 30%;\">Kiszerel\u00e9s:<\/td>\n<td class=\"num\" style=\"width: 70%;\">1 \u00e9s 3&nbsp;kg-os keresztors\u00f3<\/td>\n<\/tr>\n<tr>\n<td style=\"width: 30%;\">Kiad\u00f3ss\u00e1g:<\/td>\n<td class=\"num\" style=\"width: 70%;\">1166 m\/kg<\/td>\n<\/tr>\n<tr class=\"odd\">\n<td style=\"width: 30%;\">Vastags\u00e1g:<\/td>\n<td class=\"num\" style=\"width: 70%;\">cca 1,2 mm<\/td>\n<\/tr>\n<tr>\n<td style=\"width: 30%;\">Csomagol\u00e1s:<\/td>\n<td class=\"num\" style=\"width: 70%;\">&#8211;<\/td>\n<\/tr>\n<tr class=\"odd\">\n<td style=\"width: 30%;\">Szak\u00edt\u00f3er\u0151:<\/td>\n<td class=\"num\" style=\"width: 70%;\">11 kg<\/td>\n<\/tr>\n<\/tbody>\n<\/table>\n<\/div>\n<h2><span style=\"color: #d4000b;\">Nm 4\/0,70 nat\u00far zsineg:<\/span><\/h2>\n<hr>\n<div id=\"tabla\">\n<p><a href=\"http:\/\/www.kenderfono.hu\/wp-content\/gallery\/kenderzsineg-01\/kenderzsineg_06.jpg\" rel=\"lightbox\"><img loading=\"lazy\" decoding=\"async\" src=\"http:\/\/www.kenderfono.hu\/wp-content\/gallery\/kenderzsineg-01\/kenderzsineg_06.jpg\" alt=\"\" width=\"180\" height=\"135\"><\/a><\/p>\n<table border=\"0\" cellspacing=\"0\" cellpadding=\"0\">\n<tbody>\n<tr class=\"odd\">\n<td style=\"width: 30%;\">Kiszerel\u00e9s:<\/td>\n<td class=\"num\" style=\"width: 70%;\">2 kg-os keresztors\u00f3<\/td>\n<\/tr>\n<tr>\n<td style=\"width: 30%;\">Kiad\u00f3ss\u00e1g:<\/td>\n<td class=\"num\" style=\"width: 70%;\">175 m\/kg<\/td>\n<\/tr>\n<tr class=\"odd\">\n<td style=\"width: 30%;\">Vastags\u00e1g:<\/td>\n<td class=\"num\" style=\"width: 70%;\">&nbsp;<\/td>\n<\/tr>\n<tr>\n<td style=\"width: 30%;\">Csomagol\u00e1s:<\/td>\n<td class=\"num\" style=\"width: 70%;\">&#8211;<\/td>\n<\/tr>\n<tr class=\"odd\">\n<td style=\"width: 30%;\">Szak\u00edt\u00f3er\u0151:<\/td>\n<td class=\"num\" style=\"width: 70%;\">80 kg<\/td>\n<\/tr>\n<\/tbody>\n<\/table>\n<\/div>\n<h2><span style=\"color: #d4000b;\">Nm 5\/0,70 nat\u00far zsineg:<\/span><\/h2>\n<hr>\n<div id=\"tabla\">\n<p><a href=\"http:\/\/www.kenderfono.hu\/wp-content\/gallery\/kenderzsineg-01\/kenderzsineg_13b_5per07.jpg\" rel=\"lightbox\"><img loading=\"lazy\" decoding=\"async\" src=\"http:\/\/www.kenderfono.hu\/wp-content\/gallery\/kenderzsineg-01\/kenderzsineg_13b_5per07.jpg\" alt=\"\" width=\"180\" height=\"135\"><\/a><\/p>\n<table border=\"0\" cellspacing=\"0\" cellpadding=\"0\">\n<tbody>\n<tr class=\"odd\">\n<td style=\"width: 30%;\">Kiszerel\u00e9s:<\/td>\n<td class=\"num\" style=\"width: 70%;\">2 kg-os keresztors\u00f3<\/td>\n<\/tr>\n<tr>\n<td style=\"width: 30%;\">Kiad\u00f3ss\u00e1g:<\/td>\n<td class=\"num\" style=\"width: 70%;\">140 m\/kg<\/td>\n<\/tr>\n<tr class=\"odd\">\n<td style=\"width: 30%;\">Vastags\u00e1g:<\/td>\n<td class=\"num\" style=\"width: 70%;\">&nbsp;<\/td>\n<\/tr>\n<tr>\n<td style=\"width: 30%;\">Csomagol\u00e1s:<\/td>\n<td class=\"num\" style=\"width: 70%;\">&#8211;<\/td>\n<\/tr>\n<tr class=\"odd\">\n<td style=\"width: 30%;\">Szak\u00edt\u00f3er\u0151:<\/td>\n<td class=\"num\" style=\"width: 70%;\">77 kg<\/td>\n<\/tr>\n<\/tbody>\n<\/table>\n<\/div>\n<div>\n<p>A nat\u00far zsinegeket a vev\u0151i ig\u00e9nyeknek megfelel\u0151en zsugorf\u00f3li\u00e1zzuk illetve c\u00edmk\u00e9zz\u00fck.<\/p>\n<\/div>\n<h2><span style=\"color: #d4000b;\">V\u00e1gott nat\u00far k\u00f6t\u00f6z\u0151:<\/span><\/h2>\n<hr>\n<div id=\"tabla\">\n<p><a href=\"http:\/\/www.kenderfono.hu\/wp-content\/gallery\/kenderzsineg-01\/kenderzsineg_10.jpg\" rel=\"lightbox\"><img loading=\"lazy\" decoding=\"async\" src=\"http:\/\/www.kenderfono.hu\/wp-content\/gallery\/kenderzsineg-01\/kenderzsineg_10.jpg\" alt=\"\" width=\"180\" height=\"135\"><\/a><\/p>\n<table border=\"0\" cellspacing=\"0\" cellpadding=\"0\">\n<tbody>\n<tr class=\"odd\">\n<td style=\"width: 30%;\">Fajta:<\/td>\n<td class=\"num\" style=\"width: 70%;\">Nm 0,40\/2<\/td>\n<\/tr>\n<tr>\n<td style=\"width: 30%;\">Kiszerel\u00e9s:<\/td>\n<td class=\"num\" style=\"width: 70%;\">60 cm v\u00e1gott<\/td>\n<\/tr>\n<tr class=\"odd\">\n<td style=\"width: 30%;\">Kiad\u00f3ss\u00e1g:<\/td>\n<td class=\"num\" style=\"width: 70%;\">200 m\/kg<\/td>\n<\/tr>\n<tr>\n<td style=\"width: 30%;\">Szak\u00edt\u00f3er\u0151:<\/td>\n<td class=\"num\" style=\"width: 70%;\">&nbsp;40 kg<\/td>\n<\/tr>\n<tr class=\"odd\">\n<td style=\"width: 30%;\">Csomagol\u00e1s:<\/td>\n<td class=\"num\" style=\"width: 70%;\">cca 25 kg\/b\u00e1la<\/td>\n<\/tr>\n<\/tbody>\n<\/table>\n<\/div>\n<div>\n<p>Zs\u00e1k k\u00f6t\u00f6z\u00e9sre illetve fokhagyma k\u00f6t\u00f6z\u00e9sre aj\u00e1nljuk.<\/p>\n<\/div>\n<div>\n<h2>Felhaszn\u00e1l\u00e1si ter\u00fcletek:<\/h2>\n<hr>\n<\/div>\n<ul>\n<li><strong>H\u00fasipar<\/strong><\/li>\n<\/ul>\n<p>A h\u00fasiparban k\u00f6t\u00f6z\u0151anyagk\u00e9nt m\u00e1r \u00e9vsz\u00e1zadok \u00f3ta haszn\u00e1lj\u00e1k a nat\u00far zsineget. A kolb\u00e1szok, szalonn\u00e1k, felv\u00e1gottak \u00e9s egy\u00e9b h\u00fasipari k\u00e9sz\u00edtm\u00e9nyek el\u0151\u00e1ll\u00edt\u00e1s\u00e1ban, f\u00fcst\u00f6l\u00e9skor, sz\u00e1r\u00edt\u00e1skor nagyon fontos a megfelel\u0151 szak\u00edt\u00f3er\u0151, ez\u00e9rt a 2\/1,75-\u00f6s, 2\/1,25-\u00f6s \u00e9s a 3\/3,5-es nat\u00far zsinegeket haszn\u00e1lj\u00e1k k\u00f6t\u00f6z\u00e9sre, valamint a nemzetisz\u00edn\u0171 zsineget dekor\u00e1ci\u00f3s c\u00e9lokra.<\/p>\nngg_shortcode_1_placeholder\n<ul>\n<li><strong>Doh\u00e1nyipar<\/strong><\/li>\n<\/ul>\n<p>A nat\u00far zsinegek vastagabb 2\/0,40 valamint 4\/0,70-es fajt\u00e1it sz\u00e9lesk\u00f6r\u0171en haszn\u00e1lj\u00e1k a doh\u00e1nyfeldolgoz\u00e1s sor\u00e1n. A zsineg fel\u00fclete egyenletes, szak\u00edt\u00f3ereje magas, valamint ellen\u00e1ll\u00f3 a doh\u00e1nylev\u00e9l sz\u00e1r\u00e1ban tal\u00e1lhat\u00f3, mar\u00f3 hat\u00e1s\u00fa vegy\u00fcletekkel szemben. Magyarorsz\u00e1gon els\u0151sorban az Alf\u00f6ld keleti r\u00e9szen termesztenek nemzetk\u00f6zi szinten is elismert min\u0151s\u00e9g\u0171 doh\u00e1nyt.<\/p>\nngg_shortcode_2_placeholder\n<ul>\n<li><strong>K\u00e9zm\u0171vess\u00e9g<\/strong><\/li>\n<\/ul>\n<p>A hazai \u00e9s az eur\u00f3pai k\u00e9zm\u0171vesek is \u00fajra felfedezt\u00e9k ezt az \u0151si term\u00e9szetes anyagot, mely j\u00f3l alkalmazhat\u00f3 nemcsak a hagyom\u00e1nyos k\u00e9zm\u0171ves technik\u00e1khoz, hanem a mai kor modern kreat\u00edv \u00e9s hobbi technik\u00e1inak kieg\u00e9sz\u00edt\u00e9sek\u00e9nt is.<\/p>\nngg_shortcode_3_placeholder\n<ul>\n<li><strong>H\u00e1ztart\u00e1si \u00e9s mez\u0151gazdas\u00e1gi k\u00f6t\u00f6z\u00e9s<\/strong><\/li>\n<\/ul>\n<p>ngg_shortcode_4_placeholder<\/p>","protected":false},"excerpt":{"rendered":"<p>Zsinegnek nevezz\u00fck azt a c\u00e9rn\u00e1t, amelynek fel\u00fclet\u00e9t kem\u00e9ny\u00edt\u0151t tartalmaz\u00f3 anyaggal bevonjuk, ezt k\u00f6vet\u0151en sim\u00edtjuk, majd f\u00e9nyes\u00edtj\u00fck. Az elj\u00e1r\u00e1s sor\u00e1n a c\u00e9rn\u00e1ban lev\u0151 szennyez\u0151d\u00e9s\u00e9ket elt\u00e1vol\u00edtjuk, a term\u00e9k fel\u00fclet\u00e9t sim\u00e1bb\u00e1 tessz\u00fck. A felhaszn\u00e1l\u00f3i ig\u00e9nyeknek megfelel\u0151en k\u00fcl\u00f6nb\u00f6z\u0151 \u00e1tm\u00e9r\u0151j\u0171 \u00e9s szak\u00edt\u00f3szil\u00e1rds\u00e1g\u00fa zsinegek k\u00e9sz\u00fclnek. A zsinegek kiszerel\u00e9se \u00e1ltal\u00e1ban gombolyagban t\u00f6rt\u00e9nik, de lehets\u00e9ges keresztcs\u00e9v\u00e9n, motringban, esetleg megadott hossz\u00fas\u00e1gra felv\u00e1gva. Nm 2\/0,40&nbsp; [&hellip;]<\/p>\n","protected":false},"author":8,"featured_media":1405,"parent":663,"menu_order":6,"comment_status":"open","ping_status":"closed","template":"","meta":{"ngg_post_thumbnail":0,"footnotes":""},"class_list":["post-672","page","type-page","status-publish","has-post-thumbnail","hentry"],"aioseo_notices":[],"_links":{"self":[{"href":"https:\/\/www.kenderfono.hu\/hu\/wp-json\/wp\/v2\/pages\/672","targetHints":{"allow":["GET"]}}],"collection":[{"href":"https:\/\/www.kenderfono.hu\/hu\/wp-json\/wp\/v2\/pages"}],"about":[{"href":"https:\/\/www.kenderfono.hu\/hu\/wp-json\/wp\/v2\/types\/page"}],"author":[{"embeddable":true,"href":"https:\/\/www.kenderfono.hu\/hu\/wp-json\/wp\/v2\/users\/8"}],"replies":[{"embeddable":true,"href":"https:\/\/www.kenderfono.hu\/hu\/wp-json\/wp\/v2\/comments?post=672"}],"version-history":[{"count":121,"href":"https:\/\/www.kenderfono.hu\/hu\/wp-json\/wp\/v2\/pages\/672\/revisions"}],"predecessor-version":[{"id":2621,"href":"https:\/\/www.kenderfono.hu\/hu\/wp-json\/wp\/v2\/pages\/672\/revisions\/2621"}],"up":[{"embeddable":true,"href":"https:\/\/www.kenderfono.hu\/hu\/wp-json\/wp\/v2\/pages\/663"}],"wp:featuredmedia":[{"embeddable":true,"href":"https:\/\/www.kenderfono.hu\/hu\/wp-json\/wp\/v2\/media\/1405"}],"wp:attachment":[{"href":"https:\/\/www.kenderfono.hu\/hu\/wp-json\/wp\/v2\/media?parent=672"}],"curies":[{"name":"wp","href":"https:\/\/api.w.org\/{rel}","templated":true}]}}