{"id":674,"date":"2011-07-26T13:55:11","date_gmt":"2011-07-26T13:55:11","guid":{"rendered":"http:\/\/kenderfono.flornatura.hu\/?page_id=674"},"modified":"2016-07-19T07:07:08","modified_gmt":"2016-07-19T07:07:08","slug":"natur-kotel","status":"publish","type":"page","link":"https:\/\/www.kenderfono.hu\/hu\/termekeink\/natur-kotel\/","title":{"rendered":"Nat\u00far k\u00f6t\u00e9l"},"content":{"rendered":"<p>A k\u00f6t\u00e9l szerkezete nagyj\u00e1b\u00f3l megegyezik a zsineggel, azzal a kit\u00e9tellel, hogy kb. 5 mm-es \u00e1tm\u00e9r\u0151 vastags\u00e1gt\u00f3l felfel\u00e9 nevezz\u00fck k\u00f6t\u00e9lnek. A kiv\u00e1l\u00f3 alapanyagb\u00f3l k\u00e9sz\u00fclt kenderk\u00f6telek szak\u00edt\u00f3ereje magas, min\u0151s\u00e9ge egyenletes, 50, 100 \u00e9s 200 m\u00e9teres kiszerel\u00e9sben gy\u00e1rtjuk.<\/p>\nngg_shortcode_0_placeholder\n<h2><span style=\"color: #d4000b;\">Nat\u00far k\u00f6t\u00e9l jellemz\u0151i (K2 3 \u00e1g\u00fa):<\/span><\/h2>\n<hr \/>\n<table border=\"0\" cellspacing=\"0\" cellpadding=\"0\">\n<tbody>\n<tr class=\"odd3\">\n<td style=\"width: 15%;\">K\u00f6t\u00e9l \u00e1tm\u00e9r\u0151<\/td>\n<td class=\"num\" style=\"width: 15%;\">Sodrat\/m\u00e9ter<\/td>\n<td class=\"num\" style=\"width: 15%;\">Fonalsz\u00e1m<\/td>\n<td class=\"num\" style=\"width: 15%;\">S\u00faly (gr\/m)<\/td>\n<td class=\"num\" style=\"width: 15%;\">Szak\u00edt\u00f3er\u0151 (kg)<\/td>\n<\/tr>\n<tr>\n<td style=\"width: 15%;\"><strong>5 mm<\/strong><\/td>\n<td class=\"num\" style=\"width: 15%;\">148<\/td>\n<td class=\"num\" style=\"width: 15%;\">6 db<\/td>\n<td class=\"num\" style=\"width: 15%;\">23<\/td>\n<td class=\"num\" style=\"width: 15%;\">155<\/td>\n<\/tr>\n<tr class=\"odd\">\n<td style=\"width: 15%;\"><strong>6 mm<\/strong><\/td>\n<td class=\"num\" style=\"width: 15%;\">139<\/td>\n<td class=\"num\" style=\"width: 15%;\">9\u00a0db<\/td>\n<td class=\"num\" style=\"width: 15%;\">30<\/td>\n<td class=\"num\" style=\"width: 15%;\">230<\/td>\n<\/tr>\n<tr>\n<td style=\"width: 15%;\"><strong>8\u00a0mm<\/strong><\/td>\n<td class=\"num\" style=\"width: 15%;\">107<\/td>\n<td class=\"num\" style=\"width: 15%;\">15\u00a0db<\/td>\n<td class=\"num\" style=\"width: 15%;\">50<\/td>\n<td class=\"num\" style=\"width: 15%;\">380<\/td>\n<\/tr>\n<tr class=\"odd\">\n<td style=\"width: 15%;\"><strong>10\u00a0mm<\/strong><\/td>\n<td class=\"num\" style=\"width: 15%;\">88<\/td>\n<td class=\"num\" style=\"width: 15%;\">21\u00a0db<\/td>\n<td class=\"num\" style=\"width: 15%;\">82<\/td>\n<td class=\"num\" style=\"width: 15%;\">580<\/td>\n<\/tr>\n<tr>\n<td style=\"width: 15%;\"><strong>12\u00a0mm<\/strong><\/td>\n<td class=\"num\" style=\"width: 15%;\">75<\/td>\n<td class=\"num\" style=\"width: 15%;\">21 db<\/td>\n<td class=\"num\" style=\"width: 15%;\">100<\/td>\n<td class=\"num\" style=\"width: 15%;\">745<\/td>\n<\/tr>\n<tr class=\"odd\">\n<td style=\"width: 15%;\"><strong>14\u00a0mm<\/strong><\/td>\n<td class=\"num\" style=\"width: 15%;\">60<\/td>\n<td class=\"num\" style=\"width: 15%;\">30 db<\/td>\n<td class=\"num\" style=\"width: 15%;\">110<\/td>\n<td class=\"num\" style=\"width: 15%;\">1050<\/td>\n<\/tr>\n<tr>\n<td style=\"width: 15%;\"><strong>16 mm<\/strong><\/td>\n<td class=\"num\" style=\"width: 15%;\">58<\/td>\n<td class=\"num\" style=\"width: 15%;\">43 db<\/td>\n<td class=\"num\" style=\"width: 15%;\">185<\/td>\n<td class=\"num\" style=\"width: 15%;\">1350<\/td>\n<\/tr>\n<tr class=\"odd\">\n<td style=\"width: 15%;\"><strong>18 mm<\/strong><\/td>\n<td class=\"num\" style=\"width: 15%;\">53<\/td>\n<td class=\"num\" style=\"width: 15%;\">48 db<\/td>\n<td class=\"num\" style=\"width: 15%;\">260<\/td>\n<td class=\"num\" style=\"width: 15%;\">1590<\/td>\n<\/tr>\n<tr>\n<td style=\"width: 15%;\"><strong>20 mm<\/strong><\/td>\n<td class=\"num\" style=\"width: 15%;\">48<\/td>\n<td class=\"num\" style=\"width: 15%;\">60 db<\/td>\n<td class=\"num\" style=\"width: 15%;\">290<\/td>\n<td class=\"num\" style=\"width: 15%;\">1850<\/td>\n<\/tr>\n<tr class=\"odd\">\n<td style=\"width: 15%;\"><strong>22 mm<\/strong><\/td>\n<td class=\"num\" style=\"width: 15%;\">45<\/td>\n<td class=\"num\" style=\"width: 15%;\">60 db<\/td>\n<td class=\"num\" style=\"width: 15%;\">351<\/td>\n<td class=\"num\" style=\"width: 15%;\">2250<\/td>\n<\/tr>\n<tr>\n<td style=\"width: 15%;\"><strong>25 mm<\/strong><\/td>\n<td class=\"num\" style=\"width: 15%;\">39<\/td>\n<td class=\"num\" style=\"width: 15%;\">75 db<\/td>\n<td class=\"num\" style=\"width: 15%;\">500<\/td>\n<td class=\"num\" style=\"width: 15%;\">2910<\/td>\n<\/tr>\n<tr class=\"odd\">\n<td style=\"width: 15%;\"><strong>28 mm<\/strong><\/td>\n<td class=\"num\" style=\"width: 15%;\">37<\/td>\n<td class=\"num\" style=\"width: 15%;\">93 db<\/td>\n<td class=\"num\" style=\"width: 15%;\">575<\/td>\n<td class=\"num\" style=\"width: 15%;\">3580<\/td>\n<\/tr>\n<tr>\n<td style=\"width: 15%;\"><strong>30 mm<\/strong><\/td>\n<td class=\"num\" style=\"width: 15%;\">35<\/td>\n<td class=\"num\" style=\"width: 15%;\">108 db<\/td>\n<td class=\"num\" style=\"width: 15%;\">650<\/td>\n<td class=\"num\" style=\"width: 15%;\">3970<\/td>\n<\/tr>\n<tr class=\"odd\">\n<td style=\"width: 15%;\"><strong>35 mm<\/strong><\/td>\n<td class=\"num\" style=\"width: 15%;\">31<\/td>\n<td class=\"num\" style=\"width: 15%;\">126 db<\/td>\n<td class=\"num\" style=\"width: 15%;\">888<\/td>\n<td class=\"num\" style=\"width: 15%;\">5320<\/td>\n<\/tr>\n<tr>\n<td style=\"width: 15%;\"><strong>40 mm<\/strong><\/td>\n<td class=\"num\" style=\"width: 15%;\">28<\/td>\n<td class=\"num\" style=\"width: 15%;\">156 db<\/td>\n<td class=\"num\" style=\"width: 15%;\">1000<\/td>\n<td class=\"num\" style=\"width: 15%;\">6650<\/td>\n<\/tr>\n<\/tbody>\n<\/table>\n<h2><span class=\"Apple-style-span\" style=\"font-size: 20px;\">Felhaszn\u00e1l\u00e1si ter\u00fcletek:<\/span><\/h2>\n<hr \/>\n<p>A term\u00e9szetes alap\u00fa k\u00f6telek keresettek a mez\u0151gazdas\u00e1gi \u00e1llattart\u00e1s, \u00e1llatsz\u00e1ll\u00edt\u00e1s ter\u00fclet\u00e9n, sz\u00e1ll\u00edtm\u00e1nyok, rakom\u00e1nyok r\u00f6gz\u00edt\u00e9s\u00e9n\u00e9l.<br \/>\nA k\u00f6telek szikramentes tulajdons\u00e1g\u00e1nak k\u00f6sz\u00f6nhet\u0151en\u00a0kiv\u00e1l\u00f3an haszn\u00e1lhat\u00f3k az olajiparban.<\/p>\n<ul>\n<li>Olajf\u00far\u00e1s<\/li>\n<li>Haj\u00f3z\u00e1s<\/li>\n<li>\u00c9p\u00edt\u0151ipar (k\u0151m\u0171vesek), k\u0151m\u0171vesk\u00f6t\u00e9l<\/li>\n<li>H\u00e1ztart\u00e1s, otthoni dekor\u00e1ci\u00f3k, k\u00f6t\u00e9lkorl\u00e1t, stb.<\/li>\n<li>Sport: m\u00e1sz\u00f3k\u00f6t\u00e9l, ugr\u00e1l\u00f3k\u00f6t\u00e9l, stb.<\/li>\n<li>\u00c1llattart\u00e1s: l\u00f3k\u00f6t\u0151f\u00e9k, felvet\u0151sz\u00e1r, marha\/borj\u00fak\u00f6t\u00e9l<\/li>\n<\/ul>\n<p>ngg_shortcode_1_placeholder<\/p>","protected":false},"excerpt":{"rendered":"<p>A k\u00f6t\u00e9l szerkezete nagyj\u00e1b\u00f3l megegyezik a zsineggel, azzal a kit\u00e9tellel, hogy kb. 5 mm-es \u00e1tm\u00e9r\u0151 vastags\u00e1gt\u00f3l felfel\u00e9 nevezz\u00fck k\u00f6t\u00e9lnek. A kiv\u00e1l\u00f3 alapanyagb\u00f3l k\u00e9sz\u00fclt kenderk\u00f6telek szak\u00edt\u00f3ereje magas, min\u0151s\u00e9ge egyenletes, 50, 100 \u00e9s 200 m\u00e9teres kiszerel\u00e9sben gy\u00e1rtjuk. Nat\u00far k\u00f6t\u00e9l jellemz\u0151i (K2 3 \u00e1g\u00fa): K\u00f6t\u00e9l \u00e1tm\u00e9r\u0151 Sodrat\/m\u00e9ter Fonalsz\u00e1m S\u00faly (gr\/m) Szak\u00edt\u00f3er\u0151 (kg) 5 mm 148 6 db 23 [&hellip;]<\/p>\n","protected":false},"author":8,"featured_media":737,"parent":663,"menu_order":7,"comment_status":"open","ping_status":"closed","template":"","meta":{"ngg_post_thumbnail":0,"footnotes":""},"class_list":["post-674","page","type-page","status-publish","has-post-thumbnail","hentry"],"aioseo_notices":[],"_links":{"self":[{"href":"https:\/\/www.kenderfono.hu\/hu\/wp-json\/wp\/v2\/pages\/674","targetHints":{"allow":["GET"]}}],"collection":[{"href":"https:\/\/www.kenderfono.hu\/hu\/wp-json\/wp\/v2\/pages"}],"about":[{"href":"https:\/\/www.kenderfono.hu\/hu\/wp-json\/wp\/v2\/types\/page"}],"author":[{"embeddable":true,"href":"https:\/\/www.kenderfono.hu\/hu\/wp-json\/wp\/v2\/users\/8"}],"replies":[{"embeddable":true,"href":"https:\/\/www.kenderfono.hu\/hu\/wp-json\/wp\/v2\/comments?post=674"}],"version-history":[{"count":76,"href":"https:\/\/www.kenderfono.hu\/hu\/wp-json\/wp\/v2\/pages\/674\/revisions"}],"predecessor-version":[{"id":2257,"href":"https:\/\/www.kenderfono.hu\/hu\/wp-json\/wp\/v2\/pages\/674\/revisions\/2257"}],"up":[{"embeddable":true,"href":"https:\/\/www.kenderfono.hu\/hu\/wp-json\/wp\/v2\/pages\/663"}],"wp:featuredmedia":[{"embeddable":true,"href":"https:\/\/www.kenderfono.hu\/hu\/wp-json\/wp\/v2\/media\/737"}],"wp:attachment":[{"href":"https:\/\/www.kenderfono.hu\/hu\/wp-json\/wp\/v2\/media?parent=674"}],"curies":[{"name":"wp","href":"https:\/\/api.w.org\/{rel}","templated":true}]}}