{"id":676,"date":"2011-07-26T13:57:41","date_gmt":"2011-07-26T13:57:41","guid":{"rendered":"http:\/\/kenderfono.flornatura.hu\/?page_id=676"},"modified":"2023-08-15T08:39:05","modified_gmt":"2023-08-15T07:39:05","slug":"pp-pe-kotozo-szalag","status":"publish","type":"page","link":"https:\/\/www.kenderfono.hu\/hu\/termekeink\/pp-pe-kotozo-szalag\/","title":{"rendered":"PP, PE k\u00f6t\u00f6z\u0151, szalag"},"content":{"rendered":"<p>A PP \u00e9s PE k\u00f6t\u00f6z\u0151zsineg sz\u00e9lesk\u00f6r\u0171 felhaszn\u00e1l\u00e1sa ismert. A mez\u0151gazdas\u00e1gi, h\u00fasipari k\u00f6t\u00f6z\u00e9s, n\u00f6v\u00e9nyfuttat\u00e1s fontos seg\u00e9deszk\u00f6ze.<\/p>\n<p>ngg_shortcode_0_placeholder<br \/>\nA csomagol\u00e1s ter\u00fclet\u00e9n \u00e9s a h\u00e1ztart\u00e1sokban is n\u00e9lk\u00fcl\u00f6zhetetlen.<\/p>\n<h2><span class=\"Apple-style-span\" style=\"font-size: 20px; color: #d4000b;\">1,9 PE sepr\u0171varr\u00f3\/sepr\u0171k\u00f6t\u00f6z\u0151 zsineg &#8211; \u00daJ TERM\u00c9K<\/span><\/h2>\n<hr \/>\n<div id=\"tabla\">\n<p><a href=\"https:\/\/www.kenderfono.hu\/wp-content\/uploads\/2019\/08\/600x450.jpg\" rel=\"lightbox\"><img loading=\"lazy\" decoding=\"async\" src=\"https:\/\/www.kenderfono.hu\/wp-content\/uploads\/2019\/08\/600x450.jpg\" alt=\"\" width=\"180\" height=\"135\" \/><\/a><\/p>\n<table border=\"0\" cellspacing=\"0\" cellpadding=\"0\">\n<tbody>\n<tr class=\"odd\">\n<td style=\"width: 30%;\">Kiad\u00f3ss\u00e1g:<\/td>\n<td class=\"num\" style=\"width: 70%;\">1900 m\/kg<\/td>\n<\/tr>\n<tr>\n<td style=\"width: 30%;\">Sz\u00edn:<\/td>\n<td class=\"num\" style=\"width: 70%;\">piros, k\u00e9k, z\u00f6ld, feh\u00e9r<\/td>\n<\/tr>\n<tr class=\"odd\">\n<td style=\"width: 30%;\">Kiszerel\u00e9s:<\/td>\n<td class=\"num\" style=\"width: 70%;\">0,5 kg-2,5 kg\/keresztors\u00f3<\/td>\n<\/tr>\n<\/tbody>\n<\/table>\n<\/div>\n<p>&nbsp;<\/p>\n<h2><span class=\"Apple-style-span\" style=\"font-size: 20px; color: #d4000b;\">0,36 PP zsineg<\/span><\/h2>\n<hr \/>\n<div id=\"tabla\">\n<p><a href=\"http:\/\/www.kenderfono.hu\/wp-content\/gallery\/pp-kotozo-01\/ppzsineg_10-036.jpg\" rel=\"lightbox\"><img loading=\"lazy\" decoding=\"async\" src=\"http:\/\/www.kenderfono.hu\/wp-content\/gallery\/pp-kotozo-01\/ppzsineg_10-036.jpg\" alt=\"\" width=\"180\" height=\"135\" \/><\/a><\/p>\n<table border=\"0\" cellspacing=\"0\" cellpadding=\"0\">\n<tbody>\n<tr class=\"odd\">\n<td style=\"width: 30%;\">Kiad\u00f3ss\u00e1g:<\/td>\n<td class=\"num\" style=\"width: 70%;\">360 m\/kg<\/td>\n<\/tr>\n<tr>\n<td style=\"width: 30%;\">Sz\u00edn:<\/td>\n<td class=\"num\" style=\"width: 70%;\">nat\u00far<\/td>\n<\/tr>\n<tr class=\"odd\">\n<td style=\"width: 30%;\">Kiszerel\u00e9s:<\/td>\n<td class=\"num\" style=\"width: 70%;\">200 gr\/gombolyag<\/td>\n<\/tr>\n<tr>\n<td style=\"width: 30%;\">Csomagol\u00e1s:<\/td>\n<td class=\"num\" style=\"width: 70%;\">\u00a080 db\/16 kg<\/td>\n<\/tr>\n<tr class=\"odd\">\n<td style=\"width: 30%;\">Szak\u00edt\u00f3er\u0151:<\/td>\n<td class=\"num\" style=\"width: 70%;\">750 N<\/td>\n<\/tr>\n<\/tbody>\n<\/table>\n<\/div>\n<h2><span class=\"Apple-style-span\" style=\"font-size: 20px; color: #d4000b;\">0,60\u00a0PP zsineg, 4&#215;40 m\u00e9ter:<\/span><\/h2>\n<hr \/>\n<div id=\"tabla\">\n<p><a href=\"http:\/\/www.kenderfono.hu\/wp-content\/gallery\/pp-kotozo-01\/ppzsineg_04-4szin.jpg\" rel=\"lightbox\"><img loading=\"lazy\" decoding=\"async\" src=\"http:\/\/www.kenderfono.hu\/wp-content\/gallery\/pp-kotozo-01\/ppzsineg_04-4szin.jpg\" alt=\"\" width=\"180\" height=\"135\" \/><\/a><\/p>\n<table border=\"0\" cellspacing=\"0\" cellpadding=\"0\">\n<tbody>\n<tr class=\"odd\">\n<td style=\"width: 30%;\">Kiad\u00f3ss\u00e1g:<\/td>\n<td class=\"num\" style=\"width: 70%;\">600 m\/kg<\/td>\n<\/tr>\n<tr>\n<td style=\"width: 30%;\">Sz\u00edn:<\/td>\n<td class=\"num\" style=\"width: 70%;\">piros+feh\u00e9r+z\u00f6ld+k\u00e9k<\/td>\n<\/tr>\n<tr class=\"odd\">\n<td style=\"width: 30%;\">Kiszerel\u00e9s:<\/td>\n<td class=\"num\" style=\"width: 70%;\">4 x 40 m\/gombolyag<\/td>\n<\/tr>\n<tr>\n<td style=\"width: 30%;\">Csomagol\u00e1s:<\/td>\n<td class=\"num\" style=\"width: 70%;\">\u00a045 cs\/13 kg<\/td>\n<\/tr>\n<tr class=\"odd\">\n<td style=\"width: 30%;\">Szak\u00edt\u00f3er\u0151:<\/td>\n<td class=\"num\" style=\"width: 70%;\">450 N<\/td>\n<\/tr>\n<\/tbody>\n<\/table>\n<\/div>\n<h2><span class=\"Apple-style-span\" style=\"font-size: 20px; color: #d4000b;\">0,60\u00a0PP zsineg:<\/span><\/h2>\n<hr \/>\n<div id=\"tabla\">\n<p><a href=\"http:\/\/www.kenderfono.hu\/wp-content\/gallery\/pp-kotozo-01\/ppzsineg_05-060-200gr.jpg\" rel=\"lightbox\"><img loading=\"lazy\" decoding=\"async\" src=\"http:\/\/www.kenderfono.hu\/wp-content\/gallery\/pp-kotozo-01\/ppzsineg_05-060-200gr.jpg\" alt=\"\" width=\"180\" height=\"135\" \/><\/a><\/p>\n<table border=\"0\" cellspacing=\"0\" cellpadding=\"0\">\n<tbody>\n<tr class=\"odd\">\n<td style=\"width: 30%;\">Kiad\u00f3ss\u00e1g:<\/td>\n<td class=\"num\" style=\"width: 70%;\">600 m\/kg<\/td>\n<\/tr>\n<tr>\n<td style=\"width: 30%;\">Sz\u00edn:<\/td>\n<td class=\"num\" style=\"width: 70%;\">nat\u00far, sz\u00ednes<\/td>\n<\/tr>\n<tr class=\"odd\">\n<td style=\"width: 30%;\">Kiszerel\u00e9s:<\/td>\n<td class=\"num\" style=\"width: 70%;\">200 gr\/gombolyag<\/td>\n<\/tr>\n<tr>\n<td style=\"width: 30%;\">Csomagol\u00e1s:<\/td>\n<td class=\"num\" style=\"width: 70%;\">\u00a080 db\/16 kg<\/td>\n<\/tr>\n<tr class=\"odd\">\n<td style=\"width: 30%;\">Szak\u00edt\u00f3er\u0151:<\/td>\n<td class=\"num\" style=\"width: 70%;\">450 N<\/td>\n<\/tr>\n<\/tbody>\n<\/table>\n<\/div>\n<h2><span class=\"Apple-style-span\" style=\"font-size: 20px; color: #d4000b;\">0,60\u00a0PP zsineg, keresztors\u00f3n:<\/span><\/h2>\n<hr \/>\n<div id=\"tabla\">\n<p><a href=\"http:\/\/www.kenderfono.hu\/wp-content\/gallery\/pp-kotozo-01\/ppzsineg_09.jpg\" rel=\"lightbox\"><img loading=\"lazy\" decoding=\"async\" src=\"http:\/\/www.kenderfono.hu\/wp-content\/gallery\/pp-kotozo-01\/ppzsineg_09.jpg\" alt=\"\" width=\"180\" height=\"135\" \/><\/a><\/p>\n<table border=\"0\" cellspacing=\"0\" cellpadding=\"0\">\n<tbody>\n<tr class=\"odd\">\n<td style=\"width: 30%;\">Kiad\u00f3ss\u00e1g:<\/td>\n<td class=\"num\" style=\"width: 70%;\">600 m\/kg<\/td>\n<\/tr>\n<tr>\n<td style=\"width: 30%;\">Sz\u00edn:<\/td>\n<td class=\"num\" style=\"width: 70%;\">nat\u00far, sz\u00ednes<\/td>\n<\/tr>\n<tr class=\"odd\">\n<td style=\"width: 30%;\">Kiszerel\u00e9s:<\/td>\n<td class=\"num\" style=\"width: 70%;\">2 kg\/ keresztors\u00f3<\/td>\n<\/tr>\n<tr>\n<td style=\"width: 30%;\">Csomagol\u00e1s:<\/td>\n<td class=\"num\" style=\"width: 70%;\">\u00a0&#8211;<\/td>\n<\/tr>\n<tr class=\"odd\">\n<td style=\"width: 30%;\">Szak\u00edt\u00f3er\u0151:<\/td>\n<td class=\"num\" style=\"width: 70%;\">620 N<\/td>\n<\/tr>\n<\/tbody>\n<\/table>\n<\/div>\n<h2><span class=\"Apple-style-span\" style=\"color: #d4000b; font-size: 20px;\">1,00\u00a0PP zsineg:<\/span><\/h2>\n<hr \/>\n<div id=\"tabla\">\n<p><a href=\"http:\/\/www.kenderfono.hu\/wp-content\/gallery\/pp-kotozo-01\/ppzsineg_11-100.jpg\" rel=\"lightbox\"><img loading=\"lazy\" decoding=\"async\" src=\"http:\/\/www.kenderfono.hu\/wp-content\/gallery\/pp-kotozo-01\/ppzsineg_11-100.jpg\" alt=\"\" width=\"180\" height=\"135\" \/><\/a><\/p>\n<table border=\"0\" cellspacing=\"0\" cellpadding=\"0\">\n<tbody>\n<tr class=\"odd\">\n<td style=\"width: 30%;\">Kiad\u00f3ss\u00e1g:<\/td>\n<td class=\"num\" style=\"width: 70%;\">1000 m\/kg<\/td>\n<\/tr>\n<tr>\n<td style=\"width: 30%;\">Sz\u00edn:<\/td>\n<td class=\"num\" style=\"width: 70%;\">nat\u00far<\/td>\n<\/tr>\n<tr class=\"odd\">\n<td style=\"width: 30%;\">Kiszerel\u00e9s:<\/td>\n<td class=\"num\" style=\"width: 70%;\">200 gr\/gombolyag<\/td>\n<\/tr>\n<tr>\n<td style=\"width: 30%;\">Csomagol\u00e1s:<\/td>\n<td class=\"num\" style=\"width: 70%;\">\u00a080 db\/16 kg<\/td>\n<\/tr>\n<tr class=\"odd\">\n<td style=\"width: 30%;\">Szak\u00edt\u00f3er\u0151:<\/td>\n<td class=\"num\" style=\"width: 70%;\">270 N<\/td>\n<\/tr>\n<\/tbody>\n<\/table>\n<\/div>\n<h2><span class=\"Apple-style-span\" style=\"font-size: 20px; color: #d4000b;\">1,00\u00a0PP zsineg, keresztors\u00f3n:<\/span><\/h2>\n<hr \/>\n<div id=\"tabla\">\n<p><a href=\"http:\/\/www.kenderfono.hu\/wp-content\/gallery\/pp-kotozo-01\/ppzsineg_07.jpg\" rel=\"lightbox\"><img loading=\"lazy\" decoding=\"async\" src=\"http:\/\/www.kenderfono.hu\/wp-content\/gallery\/pp-kotozo-01\/ppzsineg_07.jpg\" alt=\"\" width=\"180\" height=\"135\" \/><\/a><\/p>\n<table border=\"0\" cellspacing=\"0\" cellpadding=\"0\">\n<tbody>\n<tr class=\"odd\">\n<td style=\"width: 30%;\">Kiad\u00f3ss\u00e1g:<\/td>\n<td class=\"num\" style=\"width: 70%;\">1000 m\/kg<\/td>\n<\/tr>\n<tr>\n<td style=\"width: 30%;\">Sz\u00edn:<\/td>\n<td class=\"num\" style=\"width: 70%;\">nat\u00far<\/td>\n<\/tr>\n<tr class=\"odd\">\n<td style=\"width: 30%;\">Kiszerel\u00e9s:<\/td>\n<td class=\"num\" style=\"width: 70%;\">2 kg\/ keresztors\u00f3<\/td>\n<\/tr>\n<tr>\n<td style=\"width: 30%;\">Csomagol\u00e1s:<\/td>\n<td class=\"num\" style=\"width: 70%;\">\u00a0&#8211;<\/td>\n<\/tr>\n<tr class=\"odd\">\n<td style=\"width: 30%;\">Szak\u00edt\u00f3er\u0151:<\/td>\n<td class=\"num\" style=\"width: 70%;\">350 N<\/td>\n<\/tr>\n<\/tbody>\n<\/table>\n<\/div>\n<h2><span class=\"Apple-style-span\" style=\"font-size: 20px; color: #d4000b;\">1,00 PP szalagok:<\/span><\/h2>\n<hr \/>\n<div id=\"tabla\">\n<p><a href=\"http:\/\/www.kenderfono.hu\/wp-content\/gallery\/pp-kotozo-01\/ppszalag_03.jpg\" rel=\"lightbox\"><img loading=\"lazy\" decoding=\"async\" src=\"http:\/\/www.kenderfono.hu\/wp-content\/gallery\/pp-kotozo-01\/ppszalag_03.jpg\" alt=\"\" width=\"180\" height=\"135\" \/><\/a><\/p>\n<table border=\"0\" cellspacing=\"0\" cellpadding=\"0\">\n<tbody>\n<tr class=\"odd\">\n<td style=\"width: 30%;\">Kiad\u00f3ss\u00e1g:<\/td>\n<td class=\"num\" style=\"width: 70%;\">1000 m\/kg<\/td>\n<\/tr>\n<tr>\n<td style=\"width: 30%;\">Sz\u00edn:<\/td>\n<td class=\"num\" style=\"width: 70%;\">nat\u00far,z\u00f6ld<\/td>\n<\/tr>\n<tr class=\"odd\">\n<td style=\"width: 30%;\">Kiszerel\u00e9s:<\/td>\n<td class=\"num\" style=\"width: 70%;\">300 gr\/ gombolyag<\/td>\n<\/tr>\n<tr>\n<td style=\"width: 30%;\">Csomagol\u00e1s:<\/td>\n<td class=\"num\" style=\"width: 70%;\">60 db\/18 kg<\/td>\n<\/tr>\n<tr class=\"odd\">\n<td style=\"width: 30%;\">Szak\u00edt\u00f3er\u0151:<\/td>\n<td class=\"num\" style=\"width: 70%;\">240 N<\/td>\n<\/tr>\n<\/tbody>\n<\/table>\n<\/div>\n<h2><span class=\"Apple-style-span\" style=\"font-size: 20px; color: #d4000b;\">PE k\u00f6t\u00f6z\u0151k:<\/span><\/h2>\n<hr \/>\n<div id=\"tabla\">\n<p><a href=\"http:\/\/www.kenderfono.hu\/wp-content\/gallery\/pp-kotozo-01\/pe_szalag_szinek.jpg\" rel=\"lightbox\"><img loading=\"lazy\" decoding=\"async\" src=\"http:\/\/www.kenderfono.hu\/wp-content\/gallery\/pp-kotozo-01\/pe_szalag_szinek.jpg\" alt=\"\" width=\"180\" height=\"135\" \/><\/a><\/p>\n<table border=\"0\" cellspacing=\"0\" cellpadding=\"0\">\n<tbody>\n<tr class=\"odd\">\n<td style=\"width: 30%;\">T\u00edpus (Nm):<\/td>\n<td class=\"num\" style=\"width: 70%;\">0,40 sodratlan<\/td>\n<\/tr>\n<tr>\n<td style=\"width: 30%;\">Kiad\u00f3ss\u00e1g:<\/td>\n<td class=\"num\" style=\"width: 70%;\">ca. 400 m\/kg<\/td>\n<\/tr>\n<tr class=\"odd\">\n<td style=\"width: 30%;\">Sz\u00edn:<\/td>\n<td class=\"num\" style=\"width: 70%;\">nat\u00far \u00e9s sz\u00ednes<\/td>\n<\/tr>\n<tr>\n<td style=\"width: 30%;\">Kiszerel\u00e9s:<\/td>\n<td class=\"num\" style=\"width: 70%;\">2,5 kg\/ keresztors\u00f3<\/td>\n<\/tr>\n<tr class=\"odd\">\n<td style=\"width: 30%;\">\u00a0&#8211;<\/td>\n<td class=\"num\" style=\"width: 70%;\">\u00a0&#8211;<\/td>\n<\/tr>\n<\/tbody>\n<\/table>\n<\/div>\n<p>A k\u00e9szterm\u00e9ket egyedi ig\u00e9ny szerint csomagoljuk, c\u00edmk\u00e9zz\u00fck.<\/p>\n<h2>Felhaszn\u00e1l\u00e1si ter\u00fcletek:<\/h2>\n<hr \/>\n<p>ngg_shortcode_1_placeholder<\/p>","protected":false},"excerpt":{"rendered":"<p>A PP \u00e9s PE k\u00f6t\u00f6z\u0151zsineg sz\u00e9lesk\u00f6r\u0171 felhaszn\u00e1l\u00e1sa ismert. A mez\u0151gazdas\u00e1gi, h\u00fasipari k\u00f6t\u00f6z\u00e9s, n\u00f6v\u00e9nyfuttat\u00e1s fontos seg\u00e9deszk\u00f6ze. A csomagol\u00e1s ter\u00fclet\u00e9n \u00e9s a h\u00e1ztart\u00e1sokban is n\u00e9lk\u00fcl\u00f6zhetetlen. 1,9 PE sepr\u0171varr\u00f3\/sepr\u0171k\u00f6t\u00f6z\u0151 zsineg &#8211; \u00daJ TERM\u00c9K Kiad\u00f3ss\u00e1g: 1900 m\/kg Sz\u00edn: piros, k\u00e9k, z\u00f6ld, feh\u00e9r Kiszerel\u00e9s: 0,5 kg-2,5 kg\/keresztors\u00f3 &nbsp; 0,36 PP zsineg Kiad\u00f3ss\u00e1g: 360 m\/kg Sz\u00edn: nat\u00far Kiszerel\u00e9s: 200 gr\/gombolyag Csomagol\u00e1s: [&hellip;]<\/p>\n","protected":false},"author":8,"featured_media":1342,"parent":663,"menu_order":5,"comment_status":"open","ping_status":"closed","template":"","meta":{"ngg_post_thumbnail":0,"footnotes":""},"class_list":["post-676","page","type-page","status-publish","has-post-thumbnail","hentry"],"aioseo_notices":[],"_links":{"self":[{"href":"https:\/\/www.kenderfono.hu\/hu\/wp-json\/wp\/v2\/pages\/676","targetHints":{"allow":["GET"]}}],"collection":[{"href":"https:\/\/www.kenderfono.hu\/hu\/wp-json\/wp\/v2\/pages"}],"about":[{"href":"https:\/\/www.kenderfono.hu\/hu\/wp-json\/wp\/v2\/types\/page"}],"author":[{"embeddable":true,"href":"https:\/\/www.kenderfono.hu\/hu\/wp-json\/wp\/v2\/users\/8"}],"replies":[{"embeddable":true,"href":"https:\/\/www.kenderfono.hu\/hu\/wp-json\/wp\/v2\/comments?post=676"}],"version-history":[{"count":112,"href":"https:\/\/www.kenderfono.hu\/hu\/wp-json\/wp\/v2\/pages\/676\/revisions"}],"predecessor-version":[{"id":2520,"href":"https:\/\/www.kenderfono.hu\/hu\/wp-json\/wp\/v2\/pages\/676\/revisions\/2520"}],"up":[{"embeddable":true,"href":"https:\/\/www.kenderfono.hu\/hu\/wp-json\/wp\/v2\/pages\/663"}],"wp:featuredmedia":[{"embeddable":true,"href":"https:\/\/www.kenderfono.hu\/hu\/wp-json\/wp\/v2\/media\/1342"}],"wp:attachment":[{"href":"https:\/\/www.kenderfono.hu\/hu\/wp-json\/wp\/v2\/media?parent=676"}],"curies":[{"name":"wp","href":"https:\/\/api.w.org\/{rel}","templated":true}]}}