{"id":678,"date":"2011-07-26T13:57:55","date_gmt":"2011-07-26T13:57:55","guid":{"rendered":"http:\/\/kenderfono.flornatura.hu\/?page_id=678"},"modified":"2015-10-13T15:38:39","modified_gmt":"2015-10-13T15:38:39","slug":"raschel-zsak","status":"publish","type":"page","link":"https:\/\/www.kenderfono.hu\/hu\/termekeink\/raschel-zsak\/","title":{"rendered":"Raschel zs\u00e1k"},"content":{"rendered":"<p>A raschel zs\u00e1k mindm\u00e1ig a legkorszer\u0171bb csomagol\u00f3anyag z\u00f6lds\u00e9gek, gy\u00fcm\u00f6lcs\u00f6k csomagol\u00e1s\u00e1ra, t\u00e1rol\u00e1s\u00e1ra \u00e9s sz\u00e1ll\u00edt\u00e1s\u00e1ra. A g\u00f6ngy\u00f6leg s\u00falya csup\u00e1n ezredr\u00e9sze a t\u00f6lt\u0151s\u00falynak, emellett t\u00f6k\u00e9letesen biztos\u00edtja az \u00e1ru szell\u0151z\u00e9s\u00e9t. A h\u00e1l\u00f3szer\u0171 konstrukci\u00f3 \u00e9s a megfelel\u0151en kiv\u00e1lasztott sz\u00edn, eszt\u00e9tikus megjelen\u00e9st k\u00f6lcs\u00f6n\u00f6z a term\u00e9nynek. Tekercses (rollos) zs\u00e1kjainkat hossz\u00fa \u00e9vek \u00f3ta haz\u00e1nkon k\u00edv\u0171l sz\u00e1mos orsz\u00e1gban nagy megel\u00e9ged\u00e9ssel haszn\u00e1lj\u00e1k a g\u00e9pes\u00edtett t\u00f6lt\u00e9sn\u00e9l is. ngg_shortcode_0_placeholder Zs\u00e1kjaink felhaszn\u00e1l\u00e1s\u00e1t k\u00e9nyelmesebb\u00e9 \u00e9s egyszer\u0171bb\u00e9 teszi a gy\u00e1rt\u00e1s sor\u00e1n a zs\u00e1kokba r\u00f6gz\u00edtett sz\u00e1jbek\u00f6t\u0151 sz\u00e1l. A zs\u00e1kok 3-30 kg t\u00f6lt\u0151s\u00faly tartom\u00e1nyban, sz\u00e9les sz\u00ednsk\u00e1l\u00e1n v\u00e1laszthat\u00f3ak.<\/p>\n<h2><span class=\"Apple-style-span\" style=\"color: #d4000b; font-size: 20px;\">Raschel zs\u00e1kok jellemz\u0151i:<\/span><\/h2>\n<hr \/>\n<table border=\"0\" cellspacing=\"0\" cellpadding=\"0\">\n<tbody>\n<tr class=\"odd2\">\n<td style=\"width: 15%;\">M\u00e9ret<\/td>\n<td class=\"num\" style=\"width: 15%;\">T\u00f6lt\u0151s\u00faly<\/td>\n<td class=\"num\" style=\"width: 15%;\">S\u00faly<\/td>\n<td class=\"num\" style=\"width: 15%;\">Csomagol\u00e1s<\/td>\n<\/tr>\n<tr>\n<td style=\"width: 15%;\">26 x 39 cm<\/td>\n<td class=\"num\" style=\"width: 15%;\">3-5 kg<\/td>\n<td class=\"num\" style=\"width: 15%;\">cca 8 gr\/db<\/td>\n<td class=\"num\" style=\"width: 15%;\">3000 db\/b\u00e1la<\/td>\n<\/tr>\n<tr class=\"odd\">\n<td style=\"width: 15%;\">33 x 47\u00a0cm<\/td>\n<td class=\"num\" style=\"width: 15%;\">5-8\u00a0kg<\/td>\n<td class=\"num\" style=\"width: 15%;\">cca 12\u00a0gr\/db<\/td>\n<td class=\"num\" style=\"width: 15%;\">3000\u00a0db\/b\u00e1la<\/td>\n<\/tr>\n<tr>\n<td style=\"width: 15%;\">40 x 60\u00a0cm<\/td>\n<td class=\"num\" style=\"width: 15%;\">10-15\u00a0kg<\/td>\n<td class=\"num\" style=\"width: 15%;\">cca 17,5\u00a0gr\/db<\/td>\n<td class=\"num\" style=\"width: 15%;\">2000\u00a0db\/b\u00e1la<\/td>\n<\/tr>\n<tr class=\"odd\">\n<td style=\"width: 15%;\">50 x 80\u00a0cm<\/td>\n<td class=\"num\" style=\"width: 15%;\">25-30\u00a0kg<\/td>\n<td class=\"num\" style=\"width: 15%;\">cca 28\u00a0gr\/db<\/td>\n<td class=\"num\" style=\"width: 15%;\">2000\u00a0db\/b\u00e1la<\/td>\n<\/tr>\n<tr>\n<td style=\"width: 15%;\">60 x 100\u00a0cm<\/td>\n<td class=\"num\" style=\"width: 15%;\">30\u00a0kg<\/td>\n<td class=\"num\" style=\"width: 15%;\">cca 47\u00a0gr\/db<\/td>\n<td class=\"num\" style=\"width: 15%;\">1000\u00a0db\/b\u00e1la<\/td>\n<\/tr>\n<\/tbody>\n<\/table>\n<p>Sz\u00ednv\u00e1laszt\u00e9k: piros, narancs, s\u00e1rga, z\u00f6ld, lila, feh\u00e9r.<\/p>\n<h2>Raschel zs\u00e1kok felhaszn\u00e1l\u00e1sa:<\/h2>\n<hr \/>\n<p>Z\u00f6lds\u00e9g &#8211; \u00e9s gy\u00fcm\u00f6lcskert\u00e9szetben, facsemete nevel\u00e9s,t\u0171zifa \u00e9s mez\u0151gazdas\u00e1gi term\u00e9kek csomagol\u00e1sa. ngg_shortcode_1_placeholder<\/p>","protected":false},"excerpt":{"rendered":"<p>A raschel zs\u00e1k mindm\u00e1ig a legkorszer\u0171bb csomagol\u00f3anyag z\u00f6lds\u00e9gek, gy\u00fcm\u00f6lcs\u00f6k csomagol\u00e1s\u00e1ra, t\u00e1rol\u00e1s\u00e1ra \u00e9s sz\u00e1ll\u00edt\u00e1s\u00e1ra. A g\u00f6ngy\u00f6leg s\u00falya csup\u00e1n ezredr\u00e9sze a t\u00f6lt\u0151s\u00falynak, emellett t\u00f6k\u00e9letesen biztos\u00edtja az \u00e1ru szell\u0151z\u00e9s\u00e9t. A h\u00e1l\u00f3szer\u0171 konstrukci\u00f3 \u00e9s a megfelel\u0151en kiv\u00e1lasztott sz\u00edn, eszt\u00e9tikus megjelen\u00e9st k\u00f6lcs\u00f6n\u00f6z a term\u00e9nynek. Tekercses (rollos) zs\u00e1kjainkat hossz\u00fa \u00e9vek \u00f3ta haz\u00e1nkon k\u00edv\u0171l sz\u00e1mos orsz\u00e1gban nagy megel\u00e9ged\u00e9ssel haszn\u00e1lj\u00e1k a g\u00e9pes\u00edtett t\u00f6lt\u00e9sn\u00e9l [&hellip;]<\/p>\n","protected":false},"author":8,"featured_media":1488,"parent":663,"menu_order":1,"comment_status":"open","ping_status":"closed","template":"","meta":{"ngg_post_thumbnail":0,"footnotes":""},"class_list":["post-678","page","type-page","status-publish","has-post-thumbnail","hentry"],"aioseo_notices":[],"_links":{"self":[{"href":"https:\/\/www.kenderfono.hu\/hu\/wp-json\/wp\/v2\/pages\/678","targetHints":{"allow":["GET"]}}],"collection":[{"href":"https:\/\/www.kenderfono.hu\/hu\/wp-json\/wp\/v2\/pages"}],"about":[{"href":"https:\/\/www.kenderfono.hu\/hu\/wp-json\/wp\/v2\/types\/page"}],"author":[{"embeddable":true,"href":"https:\/\/www.kenderfono.hu\/hu\/wp-json\/wp\/v2\/users\/8"}],"replies":[{"embeddable":true,"href":"https:\/\/www.kenderfono.hu\/hu\/wp-json\/wp\/v2\/comments?post=678"}],"version-history":[{"count":43,"href":"https:\/\/www.kenderfono.hu\/hu\/wp-json\/wp\/v2\/pages\/678\/revisions"}],"predecessor-version":[{"id":2220,"href":"https:\/\/www.kenderfono.hu\/hu\/wp-json\/wp\/v2\/pages\/678\/revisions\/2220"}],"up":[{"embeddable":true,"href":"https:\/\/www.kenderfono.hu\/hu\/wp-json\/wp\/v2\/pages\/663"}],"wp:featuredmedia":[{"embeddable":true,"href":"https:\/\/www.kenderfono.hu\/hu\/wp-json\/wp\/v2\/media\/1488"}],"wp:attachment":[{"href":"https:\/\/www.kenderfono.hu\/hu\/wp-json\/wp\/v2\/media?parent=678"}],"curies":[{"name":"wp","href":"https:\/\/api.w.org\/{rel}","templated":true}]}}