{"id":680,"date":"2011-07-26T13:58:05","date_gmt":"2011-07-26T13:58:05","guid":{"rendered":"http:\/\/kenderfono.flornatura.hu\/?page_id=680"},"modified":"2024-03-01T12:28:29","modified_gmt":"2024-03-01T11:28:29","slug":"raschel-lapkelme","status":"publish","type":"page","link":"https:\/\/www.kenderfono.hu\/hu\/termekeink\/raschel-lapkelme\/","title":{"rendered":"Raschel lapkelme"},"content":{"rendered":"<p>C\u00e9g\u00fcnk t\u00f6bb \u00e9vtizede gy\u00e1rt megb\u00edzhat\u00f3, kiv\u00e1l\u00f3 min\u0151s\u00e9g\u0171 raschel h\u00e1l\u00f3kat.\u00a0A raschel h\u00e1l\u00f3k ellen\u00e1llnak a term\u00e9szet szesz\u00e9lyeinek, \u00edgy az \u00e9let sz\u00e1mos ter\u00fclet\u00e9n ny\u00fajtanak nagyszer\u0171 megold\u00e1st.<br \/>\nA lapkelm\u00e9ket HDPE m\u0171anyag\/alapanyagb\u00f3l \u00e1ll\u00edtjuk el\u0151, a lehet\u0151 legjobb UV stabiliz\u00e1torok hozz\u00e1ad\u00e1s\u00e1val, amellyel a term\u00e9k \u00e9lettartama n\u00f6velhet\u0151.<br \/>\nLapkelm\u00e9ink k\u00e9tf\u00e9le sz\u00ednben &#8211; z\u00f6ld \u00e9s \u00a0feh\u00e9r &#8211; v\u00e1s\u00e1rolhat\u00f3k, k\u00fcl\u00f6nb\u00f6z\u0151 \u00e1rny\u00e9kol\u00e1si er\u0151ss\u00e9g szerint. \u00a0Egyedi ig\u00e9nyekhez\u00a0\u00a0igazodva term\u00e9szetesen m\u00e1s sz\u00ednben is gy\u00e1rthat\u00f3.<br \/>\nngg_shortcode_0_placeholder<\/p>\n<p>Az \u00e1rny\u00e9kol\u00e1s m\u00e9rt\u00e9k\u00e9t a lapkelme s\u0171r\u0171s\u00e9ge is befoly\u00e1solja, melyet 30 gr\/m2 (k\u00f6nny\u00edtett), 34,5 gr\/m2 (norm\u00e1l) \u00e9s 90 gr\/m2 (s\u0171r\u0171)\u00a0 vastags\u00e1gban gy\u00e1rtunk.\u00a0Mindegyik h\u00e1l\u00f3nk gomblyukazott sz\u00e9llel ell\u00e1tott.<\/p>\n<h2><span style=\"color: #d4000b;\">Norm\u00e1l raschel h\u00e1l\u00f3<\/span><\/h2>\n<hr \/>\n<p>&nbsp;<\/p>\n<table border=\"0\" cellspacing=\"0\" cellpadding=\"0\">\n<tbody>\n<tr class=\"odd2\">\n<td style=\"width: 15%;\">Sz\u00e9less\u00e9g<\/td>\n<td class=\"num\" style=\"width: 15%;\">Ter\u00fclet<\/td>\n<td class=\"num\" style=\"width: 15%;\">S\u00faly<\/td>\n<\/tr>\n<tr>\n<td style=\"width: 15%;\">1,2 m<\/td>\n<td class=\"num\" style=\"width: 15%;\">60 m2<\/td>\n<td class=\"num\" style=\"width: 15%;\">cca 1,8 kg\/50m<\/td>\n<\/tr>\n<tr class=\"odd\">\n<td style=\"width: 15%;\">3,6 m<\/td>\n<td class=\"num\" style=\"width: 15%;\">180\u00a0m2<\/td>\n<td class=\"num\" style=\"width: 15%;\">cca 6,20 kg\/50m<\/td>\n<\/tr>\n<tr>\n<td style=\"width: 15%;\">7,35 m<\/td>\n<td class=\"num\" style=\"width: 15%;\">367\u00a0m2<\/td>\n<td class=\"num\" style=\"width: 15%;\">cca 12,20\u00a0kg\/50m<\/td>\n<\/tr>\n<tr class=\"odd\">\n<td style=\"width: 15%;\">8,35 m<\/td>\n<td class=\"num\" style=\"width: 15%;\">417\u00a0m2<\/td>\n<td class=\"num\" style=\"width: 15%;\">cca 14\u00a0kg\/50m<\/td>\n<\/tr>\n<tr>\n<td style=\"width: 15%;\">9,40 m<\/td>\n<td class=\"num\" style=\"width: 15%;\">470 m2<\/td>\n<td class=\"num\" style=\"width: 15%;\">cca 17 kg\/50m<\/td>\n<\/tr>\n<tr>\n<td style=\"width: 15%;\">12 m<\/td>\n<td class=\"num\" style=\"width: 15%;\">600 m2<\/td>\n<td class=\"num\" style=\"width: 15%;\">cca 21,6 kg\/50m<\/td>\n<\/tr>\n<\/tbody>\n<\/table>\n<p>A h\u00e1l\u00f3kat \u00a050 m\u00e9teres tekercsekben k\u00edn\u00e1ljuk, de ig\u00e9ny szerint 100-200 m\u00e9teres tekercsben is gy\u00e1rthat\u00f3k.<\/p>\n<h2><span style=\"color: #d4000b;\">Darabolt \u00e1rny\u00e9kol\u00f3, ker\u00edt\u00e9sh\u00e1l\u00f3k: 10 m\u00e9ter\/csomag<\/span><\/h2>\n<hr \/>\n<p>S\u0171r\u0171s\u00e9g: 34,5 gr\/m2 (norm\u00e1l), 90 gr\/m2 (dupla)<\/p>\n<table style=\"width: 100%;\" border=\"0\" cellspacing=\"0\" cellpadding=\"0\">\n<tbody>\n<tr class=\"odd2\">\n<td style=\"width: 15%;\">Sz\u00e9less\u00e9g<\/td>\n<td class=\"num\" style=\"width: 15%;\">Ter\u00fclet<\/td>\n<td class=\"num\" style=\"width: 15%;\"><\/td>\n<\/tr>\n<tr>\n<td style=\"width: 15%;\">1,5 m<\/td>\n<td class=\"num\" style=\"width: 15%;\">15\u00a0m2<\/td>\n<td class=\"num\" style=\"width: 15%;\"><\/td>\n<\/tr>\n<tr class=\"odd\">\n<td style=\"width: 15%;\">1,8 m<\/td>\n<td class=\"num\" style=\"width: 15%;\">18 m2<\/td>\n<td class=\"num\" style=\"width: 15%;\"><\/td>\n<\/tr>\n<tr>\n<td style=\"width: 10%;\">2\u00a0m<\/td>\n<td class=\"num\" style=\"width: 15%;\">20 m2<\/td>\n<td class=\"num\" style=\"width: 15%;\"><\/td>\n<\/tr>\n<\/tbody>\n<\/table>\nngg_shortcode_1_placeholder\n<h2><span style=\"color: #d4000b;\">S\u0171r\u0171 ker\u00edt\u00e9sh\u00e1l\u00f3k<\/span><\/h2>\n<p>50 m\u00e9ter, 10 m\u00e9ter<\/p>\n<p>S\u0171r\u0171s\u00e9g: 160 g\/m2 (90 % takar\u00e1s), 230 g\/m2 (95 % takar\u00e1s)<\/p>\n<hr \/>\n<table style=\"height: 117px;\" border=\"0\" width=\"451\" cellspacing=\"0\" cellpadding=\"0\">\n<tbody>\n<tr class=\"odd2\">\n<td style=\"width: 15%;\">Sz\u00e9less\u00e9g<\/td>\n<td class=\"num\" style=\"width: 15%;\">Ter\u00fclet<\/td>\n<td class=\"num\" style=\"width: 15%;\"><\/td>\n<\/tr>\n<tr>\n<td style=\"width: 15%;\"><\/td>\n<td class=\"num\" style=\"width: 15%;\">10 m<\/td>\n<td class=\"num\" style=\"width: 15%;\">50 m<\/td>\n<\/tr>\n<tr class=\"odd\">\n<td style=\"width: 15%;\">1,2 m<\/td>\n<td class=\"num\" style=\"width: 15%;\">12 m2<\/td>\n<td class=\"num\" style=\"width: 15%;\">60 m2<\/td>\n<\/tr>\n<tr>\n<td style=\"width: 15%;\">1,8 m<\/td>\n<td class=\"num\" style=\"width: 15%;\">15 m2<\/td>\n<td class=\"num\" style=\"width: 15%;\">75 m2<\/td>\n<\/tr>\n<tr class=\"odd\">\n<td style=\"width: 15%;\">2 m<\/td>\n<td class=\"num\" style=\"width: 15%;\">18 m2<\/td>\n<td class=\"num\" style=\"width: 15%;\">90 m2<\/td>\n<\/tr>\n<tr>\n<td style=\"width: 15%;\"><\/td>\n<td class=\"num\" style=\"width: 15%;\"><\/td>\n<td class=\"num\" style=\"width: 15%;\"><\/td>\n<\/tr>\n<\/tbody>\n<\/table>\nngg_shortcode_2_placeholder\n<h2>Raschel h\u00e1l\u00f3k alkalmaz\u00e1sa:<\/h2>\n<hr \/>\n<p>K\u00f6sz\u00f6nhet\u0151en sokr\u00e9t\u0171 felhaszn\u00e1lhat\u00f3s\u00e1g\u00e1nak a raschel h\u00e1l\u00f3 el\u0151kel\u0151 helyet foglal el az al\u00e1bbi ter\u00fcleteken:<\/p>\n<p>1. vir\u00e1gkert\u00e9szetben<br \/>\n2. n\u00f6v\u00e9ny- \u00e9s gy\u00fcm\u00f6lcskert\u00e9szetben<br \/>\n3. facsemetenevel\u00e9s<br \/>\n4. \u00e1ltal\u00e1nos c\u00e9l\u00fa \u00e1rny\u00e9kol\u00e1s<br \/>\n5. k\u00fcl\u00f6nb\u00f6z\u0151 mez\u0151gazdas\u00e1gi term\u00e9kek v\u00e9delm\u00e9re, \u00e1llatok, j\u00e9gk\u00e1r ellen<br \/>\n6. sz\u00e9lfog\u00f3 alkalmaz\u00e1sban<br \/>\n7. mint v\u00e9d\u0151h\u00e1l\u00f3 \u00e9p\u00edtkez\u00e9sekn\u00e9l<br \/>\n8. h\u00e1ztart\u00e1si felhaszn\u00e1l\u00e1sban<br \/>\n9. ipari csomagol\u00e1shoz, \u00e1rusz\u00e1ll\u00edt\u00e1shoz (pl. k\u00f6vek, \u00fcvegek sz\u00e1ll\u00edt\u00e1s\u00e1hoz)<br \/>\n10. p\u00e1ly\u00e1k, sportrendezv\u00e9nyeken v\u00e9d\u0151h\u00e1l\u00f3 \u00e9s rekl\u00e1mhordoz<br \/>\n11. egy\u00e9b felhaszn\u00e1l\u00e1s (pl. dekor\u00e1ci\u00f3hoz)<\/p>\n<p>ngg_shortcode_3_placeholder<\/p>","protected":false},"excerpt":{"rendered":"<p>C\u00e9g\u00fcnk t\u00f6bb \u00e9vtizede gy\u00e1rt megb\u00edzhat\u00f3, kiv\u00e1l\u00f3 min\u0151s\u00e9g\u0171 raschel h\u00e1l\u00f3kat.\u00a0A raschel h\u00e1l\u00f3k ellen\u00e1llnak a term\u00e9szet szesz\u00e9lyeinek, \u00edgy az \u00e9let sz\u00e1mos ter\u00fclet\u00e9n ny\u00fajtanak nagyszer\u0171 megold\u00e1st. A lapkelm\u00e9ket HDPE m\u0171anyag\/alapanyagb\u00f3l \u00e1ll\u00edtjuk el\u0151, a lehet\u0151 legjobb UV stabiliz\u00e1torok hozz\u00e1ad\u00e1s\u00e1val, amellyel a term\u00e9k \u00e9lettartama n\u00f6velhet\u0151. Lapkelm\u00e9ink k\u00e9tf\u00e9le sz\u00ednben &#8211; z\u00f6ld \u00e9s \u00a0feh\u00e9r &#8211; v\u00e1s\u00e1rolhat\u00f3k, k\u00fcl\u00f6nb\u00f6z\u0151 \u00e1rny\u00e9kol\u00e1si er\u0151ss\u00e9g szerint. \u00a0Egyedi ig\u00e9nyekhez\u00a0\u00a0igazodva [&hellip;]<\/p>\n","protected":false},"author":8,"featured_media":1489,"parent":663,"menu_order":2,"comment_status":"open","ping_status":"closed","template":"","meta":{"ngg_post_thumbnail":0,"footnotes":""},"class_list":["post-680","page","type-page","status-publish","has-post-thumbnail","hentry"],"aioseo_notices":[],"_links":{"self":[{"href":"https:\/\/www.kenderfono.hu\/hu\/wp-json\/wp\/v2\/pages\/680","targetHints":{"allow":["GET"]}}],"collection":[{"href":"https:\/\/www.kenderfono.hu\/hu\/wp-json\/wp\/v2\/pages"}],"about":[{"href":"https:\/\/www.kenderfono.hu\/hu\/wp-json\/wp\/v2\/types\/page"}],"author":[{"embeddable":true,"href":"https:\/\/www.kenderfono.hu\/hu\/wp-json\/wp\/v2\/users\/8"}],"replies":[{"embeddable":true,"href":"https:\/\/www.kenderfono.hu\/hu\/wp-json\/wp\/v2\/comments?post=680"}],"version-history":[{"count":46,"href":"https:\/\/www.kenderfono.hu\/hu\/wp-json\/wp\/v2\/pages\/680\/revisions"}],"predecessor-version":[{"id":2600,"href":"https:\/\/www.kenderfono.hu\/hu\/wp-json\/wp\/v2\/pages\/680\/revisions\/2600"}],"up":[{"embeddable":true,"href":"https:\/\/www.kenderfono.hu\/hu\/wp-json\/wp\/v2\/pages\/663"}],"wp:featuredmedia":[{"embeddable":true,"href":"https:\/\/www.kenderfono.hu\/hu\/wp-json\/wp\/v2\/media\/1489"}],"wp:attachment":[{"href":"https:\/\/www.kenderfono.hu\/hu\/wp-json\/wp\/v2\/media?parent=680"}],"curies":[{"name":"wp","href":"https:\/\/api.w.org\/{rel}","templated":true}]}}