{"id":685,"date":"2011-07-26T13:58:41","date_gmt":"2011-07-26T13:58:41","guid":{"rendered":"http:\/\/kenderfono.flornatura.hu\/?page_id=685"},"modified":"2023-12-06T21:43:39","modified_gmt":"2023-12-06T20:43:39","slug":"muanyag-kotel","status":"publish","type":"page","link":"https:\/\/www.kenderfono.hu\/hu\/termekeink\/muanyag-kotel\/","title":{"rendered":"M\u0171anyag k\u00f6t\u00e9l"},"content":{"rendered":"<p>A hagyom\u00e1nyos kenderk\u00f6teleken t\u00fal t\u00f6bbf\u00e9le alapanyagb\u00f3l (PP, PPtex, PA) is gy\u00e1rtunk k\u00f6teleket, melyeket vastags\u00e1gt\u00f3l f\u00fcgg\u0151en 50, 100, 200 m\u00e9teres tekercsekbe szerel\u00fcnk ki.<\/p>\n<p>ngg_shortcode_0_placeholderMinden szintetikus alapanyagb\u00f3l k\u00e9sz\u00fclt k\u00f6tel\u00fcnk UV stabil, tart\u00f3ss\u00e1guk kiv\u00e1l\u00f3. Vev\u0151ink hossz\u00fa ideje megel\u00e9gedetts\u00e9ggel alkalmazz\u00e1k \u0151ket az \u00e9let sz\u00e1mos ter\u00fclet\u00e9n.<\/p>\n<h2><span style=\"color: #d4000b;\"><strong>PP k\u00f6t\u00e9l (3 \u00e1g\u00fa, sodrott)<\/strong><\/span><\/h2>\n<hr>\nngg_shortcode_1_placeholder\n<table border=\"0\" cellspacing=\"0\" cellpadding=\"0\">\n<tbody>\n<tr class=\"odd2\">\n<td style=\"width: 15%;\">K\u00f6t\u00e9l \u00e1tm\u00e9r\u0151<\/td>\n<td class=\"num\" style=\"width: 15%;\">Sodrat\/m<\/td>\n<td class=\"num\" style=\"width: 15%;\">Fonalsz\u00e1m<\/td>\n<td class=\"num\" style=\"width: 15%;\">S\u00faly (gr\/m)<\/td>\n<td class=\"num\" style=\"width: 15%;\">Szak\u00edt\u00f3er\u0151 (kg)<\/td>\n<\/tr>\n<tr>\n<td style=\"width: 15%;\"><strong>4 mm<\/strong><\/td>\n<td class=\"num\" style=\"width: 15%;\">156<\/td>\n<td class=\"num\" style=\"width: 15%;\">6 db<\/td>\n<td class=\"num\" style=\"width: 15%;\">12<\/td>\n<td class=\"num\" style=\"width: 15%;\">160<\/td>\n<td class=\"num\" style=\"width: 15%;\">160<\/td>\n<\/tr>\n<tr class=\"odd\">\n<td style=\"width: 15%;\"><strong>5 mm<\/strong><\/td>\n<td class=\"num\" style=\"width: 15%;\">148<\/td>\n<td class=\"num\" style=\"width: 15%;\">6&nbsp;db<\/td>\n<td class=\"num\" style=\"width: 15%;\">15<\/td>\n<td class=\"num\" style=\"width: 15%;\">190<\/td>\n<\/tr>\n<tr>\n<td style=\"width: 15%;\"><strong>6&nbsp;mm<\/strong><\/td>\n<td class=\"num\" style=\"width: 15%;\">139<\/td>\n<td class=\"num\" style=\"width: 15%;\">9&nbsp;db<\/td>\n<td class=\"num\" style=\"width: 15%;\">18<\/td>\n<td class=\"num\" style=\"width: 15%;\">270<\/td>\n<\/tr>\n<tr class=\"odd\">\n<td style=\"width: 15%;\"><strong>8 mm<\/strong><\/td>\n<td class=\"num\" style=\"width: 15%;\">107<\/td>\n<td class=\"num\" style=\"width: 15%;\">12 db<\/td>\n<td class=\"num\" style=\"width: 15%;\">30<\/td>\n<td class=\"num\" style=\"width: 15%;\">380<\/td>\n<\/tr>\n<tr>\n<td style=\"width: 15%;\"><strong>10&nbsp;mm<\/strong><\/td>\n<td class=\"num\" style=\"width: 15%;\">88<\/td>\n<td class=\"num\" style=\"width: 15%;\">18 db<\/td>\n<td class=\"num\" style=\"width: 15%;\">43<\/td>\n<td class=\"num\" style=\"width: 15%;\">560<\/td>\n<\/tr>\n<tr class=\"odd\">\n<td style=\"width: 15%;\"><strong>12&nbsp;mm<\/strong><\/td>\n<td class=\"num\" style=\"width: 15%;\">75<\/td>\n<td class=\"num\" style=\"width: 15%;\">24 db<\/td>\n<td class=\"num\" style=\"width: 15%;\">65<\/td>\n<td class=\"num\" style=\"width: 15%;\">740<\/td>\n<\/tr>\n<tr>\n<td style=\"width: 15%;\"><strong>14 mm<\/strong><\/td>\n<td class=\"num\" style=\"width: 15%;\">68<\/td>\n<td class=\"num\" style=\"width: 15%;\">33 db<\/td>\n<td class=\"num\" style=\"width: 15%;\">90<\/td>\n<td class=\"num\" style=\"width: 15%;\">1120<\/td>\n<\/tr>\n<tr class=\"odd\">\n<td style=\"width: 15%;\"><strong>16 mm<\/strong><\/td>\n<td class=\"num\" style=\"width: 15%;\">58<\/td>\n<td class=\"num\" style=\"width: 15%;\">48 db<\/td>\n<td class=\"num\" style=\"width: 15%;\">110<\/td>\n<td class=\"num\" style=\"width: 15%;\">1400<\/td>\n<\/tr>\n<tr>\n<td style=\"width: 15%;\"><strong>18 mm<\/strong><\/td>\n<td class=\"num\" style=\"width: 15%;\">53<\/td>\n<td class=\"num\" style=\"width: 15%;\">57 db<\/td>\n<td class=\"num\" style=\"width: 15%;\">180<\/td>\n<td class=\"num\" style=\"width: 15%;\">1800<\/td>\n<\/tr>\n<tr class=\"odd\">\n<td style=\"width: 15%;\"><strong>20 mm<\/strong><\/td>\n<td class=\"num\" style=\"width: 15%;\">48<\/td>\n<td class=\"num\" style=\"width: 15%;\">63 db<\/td>\n<td class=\"num\" style=\"width: 15%;\">205<\/td>\n<td class=\"num\" style=\"width: 15%;\">2500<\/td>\n<\/tr>\n<tr>\n<td style=\"width: 15%;\"><strong>22 mm<\/strong><\/td>\n<td class=\"num\" style=\"width: 15%;\">45<\/td>\n<td class=\"num\" style=\"width: 15%;\">76 db<\/td>\n<td class=\"num\" style=\"width: 15%;\">230<\/td>\n<td class=\"num\" style=\"width: 15%;\">2900<\/td>\n<\/tr>\n<tr class=\"odd\">\n<td style=\"width: 15%;\"><strong>25 mm<\/strong><\/td>\n<td class=\"num\" style=\"width: 15%;\">39<\/td>\n<td class=\"num\" style=\"width: 15%;\">88 db<\/td>\n<td class=\"num\" style=\"width: 15%;\">270<\/td>\n<td class=\"num\" style=\"width: 15%;\">3400<\/td>\n<\/tr>\n<tr>\n<td style=\"width: 15%;\"><strong>28 mm<\/strong><\/td>\n<td class=\"num\" style=\"width: 15%;\">37<\/td>\n<td class=\"num\" style=\"width: 15%;\">94 db<\/td>\n<td class=\"num\" style=\"width: 15%;\">340<\/td>\n<td class=\"num\" style=\"width: 15%;\">4000<\/td>\n<\/tr>\n<tr class=\"odd\">\n<td style=\"width: 15%;\"><strong>30 mm<\/strong><\/td>\n<td class=\"num\" style=\"width: 15%;\">35<\/td>\n<td class=\"num\" style=\"width: 15%;\">102 db<\/td>\n<td class=\"num\" style=\"width: 15%;\">370<\/td>\n<td class=\"num\" style=\"width: 15%;\">7340<\/td>\n<\/tr>\n<\/tbody>\n<\/table>\n<h2>V\u00e1laszthat\u00f3 sz\u00ednek:<\/h2>\n<hr>\n<p>ngg_shortcode_2_placeholderKiszerel\u00e9s: 200 m\u00e9teres tekercsekben, vastag k\u00f6telek 100 m\u00e9terben.<\/p>\n<h2><span style=\"color: #d4000b;\"><strong>PP agro k\u00f6t\u00e9l (3 \u00e1g\u00fa, sodrott):<\/strong><\/span><\/h2>\n<hr>\nngg_shortcode_3_placeholder\n<table border=\"0\" cellspacing=\"0\" cellpadding=\"0\">\n<tbody>\n<tr class=\"odd2\">\n<td style=\"width: 15%;\">K\u00f6t\u00e9l \u00e1tm\u00e9r\u0151<\/td>\n<td class=\"num\" style=\"width: 15%;\">Sodrat\/m<\/td>\n<td class=\"num\" style=\"width: 15%;\">Fonalsz\u00e1m<\/td>\n<td class=\"num\" style=\"width: 15%;\">S\u00faly (gr\/m)<\/td>\n<td class=\"num\" style=\"width: 15%;\">Szak\u00edt\u00f3er\u0151 (kg)<\/td>\n<\/tr>\n<tr>\n<td style=\"width: 15%;\"><strong>6 mm<\/strong><\/td>\n<td class=\"num\" style=\"width: 15%;\">139<\/td>\n<td class=\"num\" style=\"width: 15%;\">9 db<\/td>\n<td class=\"num\" style=\"width: 15%;\">18<\/td>\n<td class=\"num\" style=\"width: 15%;\">270<\/td>\n<\/tr>\n<tr class=\"odd\">\n<td style=\"width: 15%;\"><strong>8 mm<\/strong><\/td>\n<td class=\"num\" style=\"width: 15%;\">107<\/td>\n<td class=\"num\" style=\"width: 15%;\">12 db<\/td>\n<td class=\"num\" style=\"width: 15%;\">30<\/td>\n<td class=\"num\" style=\"width: 15%;\">380<\/td>\n<\/tr>\n<tr>\n<td style=\"width: 15%;\"><strong>10 mm<\/strong><\/td>\n<td class=\"num\" style=\"width: 15%;\">88<\/td>\n<td class=\"num\" style=\"width: 15%;\">18 db<\/td>\n<td class=\"num\" style=\"width: 15%;\">43<\/td>\n<td class=\"num\" style=\"width: 15%;\">560<\/td>\n<\/tr>\n<\/tbody>\n<\/table>\n<p><span class=\"Apple-style-span\" style=\"font-size: 13px; font-weight: normal;\">Sz\u00edn: b\u00e9zs <\/span><span class=\"Apple-style-span\" style=\"font-size: 13px; font-weight: normal;\">Kiszerel\u00e9s: 200 m\u00e9teres tekercsekben, zsugorf\u00f3li\u00e1zva.<\/span><\/p>\nngg_shortcode_4_placeholder\n<h2>Felhaszn\u00e1l\u00e1si ter\u00fcletek:<\/h2>\n<hr>\n<p>&#8211; Mez\u0151gazdas\u00e1g &#8211; \u00c1llattart\u00e1s: l\u00f3k\u00f6t\u0151f\u00e9k, felvet\u0151sz\u00e1r, marha\/borj\u00fak\u00f6t\u00e9l &#8211; \u00c1ltal\u00e1nos, h\u00e1ztart\u00e1si<\/p>\n<h2><span class=\"Apple-style-span\" style=\"font-size: 20px; font-weight: bold; color: #d4000b;\"><strong>PP tex k\u00f6t\u00e9l<\/strong><\/span><\/h2>\n<hr>\n<p>A polipropil\u00e9nb\u0151l k\u00e9sz\u00fclt szintetikus \u201ekender\u201d term\u00e9kek rendelkeznek mind a kender mind a polipropil\u00e9n el\u0151ny\u00f6s tulajdons\u00e1gaival. L\u00e1gyak, f\u00e9nyesek \u00e9s ugyanakkor rajtuk a csom\u00f3k\u00f6t\u00e9s biztons\u00e1gos. PP tex k\u00f6telek legf\u0151bb tulajdons\u00e1gai, hogy v\u00edz-, id\u0151j\u00e1r\u00e1s \u00e9s rothad\u00e1s\u00e1ll\u00f3k.<\/p>\nngg_shortcode_5_placeholder\n<h2>PP tex k\u00f6t\u00e9l jellemz\u0151i (sodrott, 3 p\u00e1szm\u00e1s)<\/h2>\n<hr>\n<table border=\"0\" cellspacing=\"0\" cellpadding=\"0\">\n<tbody>\n<tr class=\"odd2\">\n<td style=\"width: 15%;\">K\u00f6t\u00e9l \u00e1tm\u00e9r\u0151<\/td>\n<td class=\"num\" style=\"width: 15%;\">Sodrat\/m<\/td>\n<td class=\"num\" style=\"width: 15%;\">Fonalsz\u00e1m<\/td>\n<td class=\"num\" style=\"width: 15%;\">S\u00faly (gr\/m)<\/td>\n<td class=\"num\" style=\"width: 15%;\">Szak\u00edt\u00f3er\u0151&nbsp;&nbsp; (kg)<\/td>\n<\/tr>\n<tr>\n<td style=\"width: 15%;\"><strong>4 mm<\/strong><\/td>\n<td class=\"num\" style=\"width: 15%;\">172<\/td>\n<td class=\"num\" style=\"width: 15%;\">6 db<\/td>\n<td class=\"num\" style=\"width: 15%;\">11<\/td>\n<td class=\"num\" style=\"width: 15%;\">120<\/td>\n<\/tr>\n<tr class=\"odd\">\n<td style=\"width: 15%;\"><strong>6 mm<\/strong><\/td>\n<td class=\"num\" style=\"width: 15%;\">114<\/td>\n<td class=\"num\" style=\"width: 15%;\">12 db<\/td>\n<td class=\"num\" style=\"width: 15%;\">20,4<\/td>\n<td class=\"num\" style=\"width: 15%;\">220<\/td>\n<\/tr>\n<tr>\n<td style=\"width: 15%;\"><strong>8&nbsp;mm<\/strong><\/td>\n<td class=\"num\" style=\"width: 15%;\">92<\/td>\n<td class=\"num\" style=\"width: 15%;\">18 db<\/td>\n<td class=\"num\" style=\"width: 15%;\">30<\/td>\n<td class=\"num\" style=\"width: 15%;\">250<\/td>\n<\/tr>\n<tr class=\"odd\">\n<td style=\"width: 15%;\"><strong>10 mm<\/strong><\/td>\n<td class=\"num\" style=\"width: 15%;\">76<\/td>\n<td class=\"num\" style=\"width: 15%;\">21 db<\/td>\n<td class=\"num\" style=\"width: 15%;\">45,8<\/td>\n<td class=\"num\" style=\"width: 15%;\">400<\/td>\n<\/tr>\n<tr>\n<td style=\"width: 15%;\"><strong>12&nbsp;mm<\/strong><\/td>\n<td class=\"num\" style=\"width: 15%;\">70<\/td>\n<td class=\"num\" style=\"width: 15%;\">32 db<\/td>\n<td class=\"num\" style=\"width: 15%;\">60<\/td>\n<td class=\"num\" style=\"width: 15%;\">540<\/td>\n<\/tr>\n<tr class=\"odd\">\n<td style=\"width: 15%;\"><strong>14&nbsp;mm<\/strong><\/td>\n<td class=\"num\" style=\"width: 15%;\">62<\/td>\n<td class=\"num\" style=\"width: 15%;\">45 db<\/td>\n<td class=\"num\" style=\"width: 15%;\">95<\/td>\n<td class=\"num\" style=\"width: 15%;\">920<\/td>\n<\/tr>\n<tr>\n<td style=\"width: 15%;\"><strong>16 mm<\/strong><\/td>\n<td class=\"num\" style=\"width: 15%;\">56<\/td>\n<td class=\"num\" style=\"width: 15%;\">52 db<\/td>\n<td class=\"num\" style=\"width: 15%;\">125<\/td>\n<td class=\"num\" style=\"width: 15%;\">1200<\/td>\n<\/tr>\n<tr class=\"odd\">\n<td style=\"width: 15%;\"><strong>18 mm<\/strong><\/td>\n<td class=\"num\" style=\"width: 15%;\">52<\/td>\n<td class=\"num\" style=\"width: 15%;\">63 db<\/td>\n<td class=\"num\" style=\"width: 15%;\">150<\/td>\n<td class=\"num\" style=\"width: 15%;\">1500<\/td>\n<\/tr>\n<tr>\n<td style=\"width: 15%;\"><strong>20 mm<\/strong><\/td>\n<td class=\"num\" style=\"width: 15%;\">48<\/td>\n<td class=\"num\" style=\"width: 15%;\">78 db<\/td>\n<td class=\"num\" style=\"width: 15%;\">175<\/td>\n<td class=\"num\" style=\"width: 15%;\">1700<\/td>\n<\/tr>\n<tr class=\"odd\">\n<td style=\"width: 15%;\"><strong>22 mm<\/strong><\/td>\n<td class=\"num\" style=\"width: 15%;\">43<\/td>\n<td class=\"num\" style=\"width: 15%;\">95 db<\/td>\n<td class=\"num\" style=\"width: 15%;\">230<\/td>\n<td class=\"num\" style=\"width: 15%;\">2200<\/td>\n<\/tr>\n<tr>\n<td style=\"width: 15%;\"><strong>24 mm<\/strong><\/td>\n<td class=\"num\" style=\"width: 15%;\">40<\/td>\n<td class=\"num\" style=\"width: 15%;\">115 db<\/td>\n<td class=\"num\" style=\"width: 15%;\">280<\/td>\n<td class=\"num\" style=\"width: 15%;\">2600<\/td>\n<\/tr>\n<tr class=\"odd\">\n<td style=\"width: 15%;\"><strong>25 mm<\/strong><\/td>\n<td class=\"num\" style=\"width: 15%;\">44<\/td>\n<td class=\"num\" style=\"width: 15%;\">129 db<\/td>\n<td class=\"num\" style=\"width: 15%;\">320<\/td>\n<td class=\"num\" style=\"width: 15%;\">3200<\/td>\n<\/tr>\n<tr>\n<td style=\"width: 15%;\"><strong>28 mm<\/strong><\/td>\n<td class=\"num\" style=\"width: 15%;\">38<\/td>\n<td class=\"num\" style=\"width: 15%;\">137 db<\/td>\n<td class=\"num\" style=\"width: 15%;\">400<\/td>\n<td class=\"num\" style=\"width: 15%;\">3300<\/td>\n<\/tr>\n<tr class=\"odd\">\n<td style=\"width: 15%;\"><strong>30 mm<\/strong><\/td>\n<td class=\"num\" style=\"width: 15%;\">34<\/td>\n<td class=\"num\" style=\"width: 15%;\">158 db<\/td>\n<td class=\"num\" style=\"width: 15%;\">420<\/td>\n<td class=\"num\" style=\"width: 15%;\">3800<\/td>\n<\/tr>\n<\/tbody>\n<\/table>\n<p>Sz\u00ednv\u00e1laszt\u00e9k: nat\u00far (barna) Kiszerel\u00e9s: 200 illetve a vastag tartom\u00e1ny 100 m\u00e9teres tekercsekben.<\/p>\nngg_shortcode_6_placeholder\n<h2>Felhaszn\u00e1l\u00e1si ter\u00fcletek:<\/h2>\n<hr>\n<p>&#8211; EU-s j\u00e1tsz\u00f3terek \u00e9p\u00edt\u00e9s\u00e9n\u00e9l &#8211; Dekor\u00e1ci\u00f3s, k\u00fclt\u00e9ri j\u00e1t\u00e9kok<\/p>\n<h2><span class=\"Apple-style-span\" style=\"font-size: 20px; font-weight: bold; color: #d4000b;\"><strong>PP tex fon\u00e1l<\/strong><\/span><\/h2>\n<hr>\n<p>2,5 vagy 3 vagy 4,5 vagy 5 kg illetve 23,5 cm \u00e1tm\u00e9r\u0151j\u0171 keresztors\u00f3 kiszerel\u00e9sben gy\u00e1rtjuk. A kiszerel\u00e9sek homog\u00e9n sz\u00edn\u0171ek.<\/p>\nngg_shortcode_7_placeholder\n<h2>PP tex fon\u00e1l el\u0151\u00edrt \u00e9rt\u00e9kei a k\u00f6vetkez\u0151ek:<\/h2>\n<table border=\"0\" cellspacing=\"0\" cellpadding=\"0\">\n<tbody>\n<tr class=\"odd2\">\n<td style=\"width: 15%;\">Finoms\u00e1gi sz\u00e1m\/Nm<\/td>\n<td class=\"num\" style=\"width: 15%;\">Nm elt\u00e9r\u00e9s min.<\/td>\n<td class=\"num\" style=\"width: 15%;\">Nm elt\u00e9r\u00e9s max.<\/td>\n<td class=\"num\" style=\"width: 15%;\">Nm sz\u00f3r\u00e1s( % )<\/td>\n<td class=\"num\" style=\"width: 15%;\">Szak\u00edt\u00f3er\u0151\/ N<\/td>\n<td class=\"num\" style=\"width: 15%;\">Szak\u00edt\u00f3er\u0151 sz\u00f3r\u00e1s( % )<\/td>\n<td class=\"num\" style=\"width: 15%;\">Szak\u00edt\u00f3hossz. ( km )<\/td>\n<\/tr>\n<tr>\n<td style=\"width: 15%;\"><strong>0,5<\/strong><\/td>\n<td class=\"num\" style=\"width: 15%;\">0,47<\/td>\n<td class=\"num\" style=\"width: 15%;\">0,53<\/td>\n<td class=\"num\" style=\"width: 15%;\">&nbsp;<\/td>\n<td class=\"num\" style=\"width: 15%;\">400<\/td>\n<td class=\"num\" style=\"width: 15%;\">&nbsp;<\/td>\n<td class=\"num\" style=\"width: 15%;\">&nbsp;<\/td>\n<\/tr>\n<tr class=\"odd\">\n<td style=\"width: 15%;\"><strong>0,6<\/strong><\/td>\n<td class=\"num\" style=\"width: 15%;\">0,57<\/td>\n<td class=\"num\" style=\"width: 15%;\">0,63<\/td>\n<td class=\"num\" style=\"width: 15%;\">&nbsp;<\/td>\n<td class=\"num\" style=\"width: 15%;\">333<\/td>\n<td class=\"num\" style=\"width: 15%;\">&nbsp;<\/td>\n<td class=\"num\" style=\"width: 15%;\">&nbsp;<\/td>\n<\/tr>\n<tr>\n<td style=\"width: 15%;\"><strong>0,7<\/strong><\/td>\n<td class=\"num\" style=\"width: 15%;\">0,66<\/td>\n<td class=\"num\" style=\"width: 15%;\">0,74<\/td>\n<td class=\"num\" style=\"width: 15%;\">5<\/td>\n<td class=\"num\" style=\"width: 15%;\">285<\/td>\n<td class=\"num\" style=\"width: 15%;\">20<\/td>\n<td class=\"num\" style=\"width: 15%;\">20<\/td>\n<\/tr>\n<tr class=\"odd\">\n<td style=\"width: 15%;\"><strong>0,8<\/strong><\/td>\n<td class=\"num\" style=\"width: 15%;\">0,76<\/td>\n<td class=\"num\" style=\"width: 15%;\">0,84<\/td>\n<td class=\"num\" style=\"width: 15%;\">&nbsp;<\/td>\n<td class=\"num\" style=\"width: 15%;\">250<\/td>\n<td class=\"num\" style=\"width: 15%;\">&nbsp;<\/td>\n<td class=\"num\" style=\"width: 15%;\">&nbsp;<\/td>\n<\/tr>\n<\/tbody>\n<\/table>\n<p>A kiszerel\u00e9sek homog\u00e9n sz\u00edn\u0171ek.<\/p>\n<p>&nbsp;<\/p>\n<h2><span style=\"color: #d4000b;\"><strong>PA fonatolt (k\u00f6rsz\u00f6v\u00f6tt) k\u00f6telek<\/strong><\/span><\/h2>\n<hr>\n<p>Magas szak\u00edt\u00f3 szil\u00e1rds\u00e1g\u00fa, j\u00f3l csom\u00f3zhat\u00f3, kop\u00e1snak legink\u00e1bb ellen\u00e1ll\u00f3 k\u00f6telek. A k\u00f6t\u00e9l szerkezet\u00e9t, 2 r\u00e9sz alkotja a b\u00e9l \u00e9s a bor\u00edt\u00e1s, a b\u00e9l anyaga adja legink\u00e1bb a k\u00f6t\u00e9l teherb\u00edr\u00e1s\u00e1t.<\/p>\nngg_shortcode_8_placeholder\n<table border=\"0\" cellspacing=\"0\" cellpadding=\"0\">\n<tbody>\n<tr class=\"odd2\">\n<td style=\"width: 15%;\">K\u00f6t\u00e9l \u00e1tm\u00e9r\u0151<\/td>\n<td class=\"num\" style=\"width: 15%;\">S\u00faly (gr\/m)<\/td>\n<td class=\"num\" style=\"width: 15%;\">Szak\u00edt\u00f3szil\u00e1rs\u00e1g&nbsp; (kg)<\/td>\n<\/tr>\n<tr>\n<td style=\"width: 15%;\"><strong>2 mm<\/strong><\/td>\n<td class=\"num\" style=\"width: 15%;\">6<\/td>\n<td class=\"num\" style=\"width: 15%;\">90<\/td>\n<\/tr>\n<tr class=\"odd\">\n<td style=\"width: 15%;\"><strong>3 mm<\/strong><\/td>\n<td class=\"num\" style=\"width: 15%;\">8<\/td>\n<td class=\"num\" style=\"width: 15%;\">160<\/td>\n<\/tr>\n<tr>\n<td style=\"width: 15%;\"><strong>4&nbsp;mm<\/strong><\/td>\n<td class=\"num\" style=\"width: 15%;\">9<\/td>\n<td class=\"num\" style=\"width: 15%;\">230<\/td>\n<\/tr>\n<tr class=\"odd\">\n<td style=\"width: 15%;\"><strong>5 mm<\/strong><\/td>\n<td class=\"num\" style=\"width: 15%;\">20<\/td>\n<td class=\"num\" style=\"width: 15%;\">255<\/td>\n<\/tr>\n<tr>\n<td style=\"width: 15%;\"><strong>6&nbsp;mm<\/strong><\/td>\n<td class=\"num\" style=\"width: 15%;\">30<\/td>\n<td class=\"num\" style=\"width: 15%;\">270<\/td>\n<\/tr>\n<tr class=\"odd\">\n<td style=\"width: 15%;\"><strong>8&nbsp;mm<\/strong><\/td>\n<td class=\"num\" style=\"width: 15%;\">45<\/td>\n<td class=\"num\" style=\"width: 15%;\">840<\/td>\n<\/tr>\n<tr>\n<td style=\"width: 15%;\"><strong>10 mm<\/strong><\/td>\n<td class=\"num\" style=\"width: 15%;\">50<\/td>\n<td class=\"num\" style=\"width: 15%;\">950<\/td>\n<\/tr>\n<\/tbody>\n<\/table>\n<p>Kiszerel\u00e9s: 200 m\u00e9teres tekercsekben. Sz\u00ednv\u00e1laszt\u00e9k: feh\u00e9r<\/p>\n<h2><span class=\"Apple-style-span\" style=\"font-size: 20px;\">Felhaszn\u00e1l\u00e1si ter\u00fcletek:<\/span><\/h2>\n<hr>\n<p>&#8211; Sporthaj\u00f3z\u00e1s, hal\u00e1szat &#8211; H\u00e1ztart\u00e1sokban ruhasz\u00e1r\u00edt\u00f3 k\u00f6t\u00e9lk\u00e9nt &#8211; Ber\u00e1nt\u00f3 zsin\u00f3r &#8211; PA hal\u00e1szh\u00e1l\u00f3 r\u00f6gz\u00edt\u00e9se<\/p>","protected":false},"excerpt":{"rendered":"<p>A hagyom\u00e1nyos kenderk\u00f6teleken t\u00fal t\u00f6bbf\u00e9le alapanyagb\u00f3l (PP, PPtex, PA) is gy\u00e1rtunk k\u00f6teleket, melyeket vastags\u00e1gt\u00f3l f\u00fcgg\u0151en 50, 100, 200 m\u00e9teres tekercsekbe szerel\u00fcnk ki. Minden szintetikus alapanyagb\u00f3l k\u00e9sz\u00fclt k\u00f6tel\u00fcnk UV stabil, tart\u00f3ss\u00e1guk kiv\u00e1l\u00f3. Vev\u0151ink hossz\u00fa ideje megel\u00e9gedetts\u00e9ggel alkalmazz\u00e1k \u0151ket az \u00e9let sz\u00e1mos ter\u00fclet\u00e9n. PP k\u00f6t\u00e9l (3 \u00e1g\u00fa, sodrott) K\u00f6t\u00e9l \u00e1tm\u00e9r\u0151 Sodrat\/m Fonalsz\u00e1m S\u00faly (gr\/m) Szak\u00edt\u00f3er\u0151 (kg) 4 [&hellip;]<\/p>\n","protected":false},"author":8,"featured_media":744,"parent":663,"menu_order":8,"comment_status":"open","ping_status":"closed","template":"","meta":{"ngg_post_thumbnail":0,"footnotes":""},"class_list":["post-685","page","type-page","status-publish","has-post-thumbnail","hentry"],"aioseo_notices":[],"_links":{"self":[{"href":"https:\/\/www.kenderfono.hu\/hu\/wp-json\/wp\/v2\/pages\/685","targetHints":{"allow":["GET"]}}],"collection":[{"href":"https:\/\/www.kenderfono.hu\/hu\/wp-json\/wp\/v2\/pages"}],"about":[{"href":"https:\/\/www.kenderfono.hu\/hu\/wp-json\/wp\/v2\/types\/page"}],"author":[{"embeddable":true,"href":"https:\/\/www.kenderfono.hu\/hu\/wp-json\/wp\/v2\/users\/8"}],"replies":[{"embeddable":true,"href":"https:\/\/www.kenderfono.hu\/hu\/wp-json\/wp\/v2\/comments?post=685"}],"version-history":[{"count":84,"href":"https:\/\/www.kenderfono.hu\/hu\/wp-json\/wp\/v2\/pages\/685\/revisions"}],"predecessor-version":[{"id":2572,"href":"https:\/\/www.kenderfono.hu\/hu\/wp-json\/wp\/v2\/pages\/685\/revisions\/2572"}],"up":[{"embeddable":true,"href":"https:\/\/www.kenderfono.hu\/hu\/wp-json\/wp\/v2\/pages\/663"}],"wp:featuredmedia":[{"embeddable":true,"href":"https:\/\/www.kenderfono.hu\/hu\/wp-json\/wp\/v2\/media\/744"}],"wp:attachment":[{"href":"https:\/\/www.kenderfono.hu\/hu\/wp-json\/wp\/v2\/media?parent=685"}],"curies":[{"name":"wp","href":"https:\/\/api.w.org\/{rel}","templated":true}]}}