{"id":687,"date":"2011-07-26T13:58:57","date_gmt":"2011-07-26T13:58:57","guid":{"rendered":"http:\/\/kenderfono.flornatura.hu\/?page_id=687"},"modified":"2015-10-13T15:40:43","modified_gmt":"2015-10-13T15:40:43","slug":"pa-cerna","status":"publish","type":"page","link":"https:\/\/www.kenderfono.hu\/hu\/termekeink\/pa-cerna\/","title":{"rendered":"PA c\u00e9rna"},"content":{"rendered":"<p>Alapanyag: 940\/140 PA UV stabil m\u0171szaki fonal.<\/p>\nngg_shortcode_0_placeholder\n<h2>PA c\u00e9rna jellemz\u0151i:<\/h2>\n<hr \/>\n<table border=\"0\" cellspacing=\"0\" cellpadding=\"0\">\n<tbody>\n<tr class=\"odd2\">\n<td style=\"width: 15%;\">T\u00edpus (\u00e1gak sz\u00e1m)<\/td>\n<td class=\"num\" style=\"width: 15%;\">Vastags\u00e1g<\/td>\n<\/tr>\n<tr>\n<td style=\"width: 15%;\">940\/1&#215;2<\/td>\n<td class=\"num\" style=\"width: 15%;\">0,4 mm<\/td>\n<\/tr>\n<tr class=\"odd\">\n<td style=\"width: 15%;\">940\/1&#215;3<\/td>\n<td class=\"num\" style=\"width: 15%;\">0,6 mm<\/td>\n<\/tr>\n<tr class=\"odd\">\n<td style=\"width: 15%;\">940\/2&#215;2<\/td>\n<td class=\"num\" style=\"width: 15%;\">0,7-0,8 mm<\/td>\n<\/tr>\n<tr>\n<td style=\"width: 15%;\">940\/2&#215;3<\/td>\n<td class=\"num\" style=\"width: 15%;\">0,9 mm<\/td>\n<\/tr>\n<tr class=\"odd\">\n<td style=\"width: 15%;\">940\/2&#215;4<\/td>\n<td class=\"num\" style=\"width: 15%;\">1,1 mm<\/td>\n<\/tr>\n<tr>\n<td style=\"width: 15%;\">940\/2&#215;6<\/td>\n<td class=\"num\" style=\"width: 15%;\">1,3 mm<\/td>\n<\/tr>\n<\/tbody>\n<\/table>\n<p>Sz\u00ednv\u00e1laszt\u00e9k: feh\u00e9r<br \/>\nKiszerel\u00e9s: 500 gr\/cs\u00e9ve<\/p>\n<h2>Felhaszn\u00e1l\u00e1si ter\u00fcletek:<\/h2>\n<p>-labda, cip\u0151varr\u00e1s<br \/>\n-hal\u00e1szh\u00e1l\u00f3k, sz\u00e1kok k\u00e9zi csom\u00f3z\u00e1sa<br \/>\n-\u00e9p\u00edt\u0151ipari falaz\u00f3 zsin\u00f3r<\/p>\n<hr \/>\n<p>ngg_shortcode_1_placeholder<\/p>","protected":false},"excerpt":{"rendered":"<p>Alapanyag: 940\/140 PA UV stabil m\u0171szaki fonal. PA c\u00e9rna jellemz\u0151i: T\u00edpus (\u00e1gak sz\u00e1m) Vastags\u00e1g 940\/1&#215;2 0,4 mm 940\/1&#215;3 0,6 mm 940\/2&#215;2 0,7-0,8 mm 940\/2&#215;3 0,9 mm 940\/2&#215;4 1,1 mm 940\/2&#215;6 1,3 mm Sz\u00ednv\u00e1laszt\u00e9k: feh\u00e9r Kiszerel\u00e9s: 500 gr\/cs\u00e9ve Felhaszn\u00e1l\u00e1si ter\u00fcletek: -labda, cip\u0151varr\u00e1s -hal\u00e1szh\u00e1l\u00f3k, sz\u00e1kok k\u00e9zi csom\u00f3z\u00e1sa -\u00e9p\u00edt\u0151ipari falaz\u00f3 zsin\u00f3r<\/p>\n","protected":false},"author":8,"featured_media":0,"parent":663,"menu_order":9,"comment_status":"open","ping_status":"closed","template":"","meta":{"ngg_post_thumbnail":0,"footnotes":""},"class_list":["post-687","page","type-page","status-publish","hentry"],"aioseo_notices":[],"_links":{"self":[{"href":"https:\/\/www.kenderfono.hu\/hu\/wp-json\/wp\/v2\/pages\/687","targetHints":{"allow":["GET"]}}],"collection":[{"href":"https:\/\/www.kenderfono.hu\/hu\/wp-json\/wp\/v2\/pages"}],"about":[{"href":"https:\/\/www.kenderfono.hu\/hu\/wp-json\/wp\/v2\/types\/page"}],"author":[{"embeddable":true,"href":"https:\/\/www.kenderfono.hu\/hu\/wp-json\/wp\/v2\/users\/8"}],"replies":[{"embeddable":true,"href":"https:\/\/www.kenderfono.hu\/hu\/wp-json\/wp\/v2\/comments?post=687"}],"version-history":[{"count":15,"href":"https:\/\/www.kenderfono.hu\/hu\/wp-json\/wp\/v2\/pages\/687\/revisions"}],"predecessor-version":[{"id":2233,"href":"https:\/\/www.kenderfono.hu\/hu\/wp-json\/wp\/v2\/pages\/687\/revisions\/2233"}],"up":[{"embeddable":true,"href":"https:\/\/www.kenderfono.hu\/hu\/wp-json\/wp\/v2\/pages\/663"}],"wp:attachment":[{"href":"https:\/\/www.kenderfono.hu\/hu\/wp-json\/wp\/v2\/media?parent=687"}],"curies":[{"name":"wp","href":"https:\/\/api.w.org\/{rel}","templated":true}]}}