{"id":728,"date":"2011-08-01T20:28:10","date_gmt":"2011-08-01T20:28:10","guid":{"rendered":"http:\/\/kenderfono.flornatura.hu\/?page_id=728"},"modified":"2011-10-04T13:24:48","modified_gmt":"2011-10-04T13:24:48","slug":"kezmuvesseg","status":"publish","type":"page","link":"https:\/\/www.kenderfono.hu\/hu\/felhasznalas\/kezmuvesseg\/","title":{"rendered":"K\u00e9zm\u0171vess\u00e9g"},"content":{"rendered":"<p><\/p>\n<div>A hazai \u00e9s az eur\u00f3pai k\u00e9zm\u0171vesek is \u00fajra felfedezt\u00e9k ezt az \u0151si term\u00e9szetes anyagot, mely j\u00f3l alkalmazhat\u00f3 nemcsak a hagyom\u00e1nyos k\u00e9zm\u0171ves technik\u00e1khoz, hanem a mai kor modern kreat\u00edv \u00e9s hobbi technik\u00e1inak kieg\u00e9sz\u00edt\u00e9sek\u00e9nt is.<\/div>\n<p>ngg_shortcode_0_placeholder<\/p>","protected":false},"excerpt":{"rendered":"<p>A hazai \u00e9s az eur\u00f3pai k\u00e9zm\u0171vesek is \u00fajra felfedezt\u00e9k ezt az \u0151si term\u00e9szetes anyagot, mely j\u00f3l alkalmazhat\u00f3 nemcsak a hagyom\u00e1nyos k\u00e9zm\u0171ves technik\u00e1khoz, hanem a mai kor modern kreat\u00edv \u00e9s hobbi technik\u00e1inak kieg\u00e9sz\u00edt\u00e9sek\u00e9nt is.<\/p>\n","protected":false},"author":8,"featured_media":0,"parent":665,"menu_order":0,"comment_status":"open","ping_status":"open","template":"","meta":{"ngg_post_thumbnail":0,"footnotes":""},"class_list":["post-728","page","type-page","status-publish","hentry"],"aioseo_notices":[],"_links":{"self":[{"href":"https:\/\/www.kenderfono.hu\/hu\/wp-json\/wp\/v2\/pages\/728","targetHints":{"allow":["GET"]}}],"collection":[{"href":"https:\/\/www.kenderfono.hu\/hu\/wp-json\/wp\/v2\/pages"}],"about":[{"href":"https:\/\/www.kenderfono.hu\/hu\/wp-json\/wp\/v2\/types\/page"}],"author":[{"embeddable":true,"href":"https:\/\/www.kenderfono.hu\/hu\/wp-json\/wp\/v2\/users\/8"}],"replies":[{"embeddable":true,"href":"https:\/\/www.kenderfono.hu\/hu\/wp-json\/wp\/v2\/comments?post=728"}],"version-history":[{"count":5,"href":"https:\/\/www.kenderfono.hu\/hu\/wp-json\/wp\/v2\/pages\/728\/revisions"}],"predecessor-version":[{"id":1314,"href":"https:\/\/www.kenderfono.hu\/hu\/wp-json\/wp\/v2\/pages\/728\/revisions\/1314"}],"up":[{"embeddable":true,"href":"https:\/\/www.kenderfono.hu\/hu\/wp-json\/wp\/v2\/pages\/665"}],"wp:attachment":[{"href":"https:\/\/www.kenderfono.hu\/hu\/wp-json\/wp\/v2\/media?parent=728"}],"curies":[{"name":"wp","href":"https:\/\/api.w.org\/{rel}","templated":true}]}}