{"id":767,"date":"2011-08-08T09:06:42","date_gmt":"2011-08-08T09:06:42","guid":{"rendered":"http:\/\/kenderfono.flornatura.hu\/?page_id=767"},"modified":"2023-09-15T15:29:50","modified_gmt":"2023-09-15T14:29:50","slug":"pp-balazo","status":"publish","type":"page","link":"https:\/\/www.kenderfono.hu\/hu\/termekeink\/pp-balazo\/","title":{"rendered":"PP b\u00e1l\u00e1z\u00f3"},"content":{"rendered":"<p>B\u00e1l\u00e1z\u00f3ink magas min\u0151s\u00e9gi sz\u00ednvonalat k\u00e9pviselnek, a \u201eSzegedi B\u00e1l\u00e1z\u00f3\u201d haz\u00e1nkban fogalom, nemzetk\u00f6zileg pedig referenciak\u00e9nt tartj\u00e1k sz\u00e1mon m\u00e1s hasonl\u00f3 gy\u00e1rtm\u00e1nyok meg\u00edt\u00e9l\u00e9sekor. Kiemelked\u0151 min\u0151s\u00e9g\u0171 term\u00e9k\u00fcnket \u00e9vek \u00f3ta k\u00edn\u00e1ljuk felhaszn\u00e1l\u00f3inknak. ngg_shortcode_0_placeholder Minden t\u00edpus\u00fa mez\u0151gazdas\u00e1gi b\u00e1l\u00e1z\u00f3 g\u00e9phez megfelel\u0151, nagyszil\u00e1rds\u00e1g\u00fa b\u00e1l\u00e1z\u00f3 zsinegeinket a k\u00f6vetkez\u0151 m\u00f3don \u00e1ll\u00edtjuk el\u0151:<\/p>\n<ul>\n<li>polipropil\u00e9n granul\u00e1tumb\u00f3l \u00e9s sz\u00ednez\u00e9kb\u0151l szalagot k\u00e9sz\u00edt\u00fcnk, majd fibriliz\u00e1l\u00f3n (rost\u00edt\u00f3n) kereszt\u00fcl rostos\u00edtjuk. Ez biztos\u00edtja a zsineg \u201epuhas\u00e1g\u00e1t\u201d \u00e9s ugyanakkor magas szak\u00edt\u00f3erej\u00e9t.<\/li>\n<li>A f\u00f3liaszalag sodr\u00e1sa ut\u00e1n keresztors\u00f3z\u00f3 g\u00e9peken alak\u00edtjuk ki term\u00e9keink v\u00e9gs\u0151 kiszerel\u00e9si form\u00e1j\u00e1t.<\/li>\n<li>A k\u00e9szterm\u00e9ket egyedi ig\u00e9ny szerint csomagoljuk, c\u00edmk\u00e9zz\u00fck.<\/li>\n<\/ul>\n<h2>&nbsp;<\/h2>\n<h2><span style=\"color: #d4000b;\"> 0,14 PP b\u00e1l\u00e1z\u00f3 zsineg:<\/span><\/h2>\n<hr>\n<div id=\"tabla\">\n<p><a href=\"http:\/\/www.kenderfono.hu\/wp-content\/gallery\/pp_balazo-01\/szegedi_balazo_05_svedkek.jpg\" rel=\"lightbox\"><img loading=\"lazy\" decoding=\"async\" src=\"http:\/\/www.kenderfono.hu\/wp-content\/gallery\/pp_balazo-01\/szegedi_balazo_05_svedkek.jpg\" alt=\"\" width=\"180\" height=\"135\"><\/a><\/p>\n<table border=\"0\" cellspacing=\"0\" cellpadding=\"0\">\n<tbody>\n<tr class=\"odd\">\n<td style=\"width: 30%;\">T\u00edpus\/vastags\u00e1g:<\/td>\n<td class=\"num\" style=\"width: 70%;\">Nm&nbsp;0,14<\/td>\n<\/tr>\n<tr>\n<td style=\"width: 30%;\">Kiad\u00f3ss\u00e1g:<\/td>\n<td class=\"num\" style=\"width: 70%;\">140 m\/kg<\/td>\n<\/tr>\n<tr class=\"odd\">\n<td style=\"width: 30%;\">Sz\u00edn:<\/td>\n<td class=\"num\" style=\"width: 70%;\">sv\u00e9dk\u00e9k<\/td>\n<\/tr>\n<tr>\n<td style=\"width: 30%;\">Kiszerel\u00e9s:<\/td>\n<td class=\"num\" style=\"width: 70%;\">5 kg xo<\/td>\n<\/tr>\n<tr class=\"odd\">\n<td style=\"width: 30%;\">Szak\u00edt\u00f3er\u0151:<\/td>\n<td class=\"num\" style=\"width: 70%;\">2320 N<\/td>\n<\/tr>\n<\/tbody>\n<\/table>\n<\/div>\n<h2><span style=\"color: #d4000b;\">0,36 PP vegyes b\u00e1l\u00e1z\u00f3 zsineg:<\/span><\/h2>\n<hr>\n<div id=\"tabla\">\n<p><a href=\"http:\/\/www.kenderfono.hu\/wp-content\/gallery\/pp_balazo-01\/szegedi_balazo_04_vegyes.jpg\" rel=\"lightbox\"><img loading=\"lazy\" decoding=\"async\" src=\"http:\/\/www.kenderfono.hu\/wp-content\/gallery\/pp_balazo-01\/szegedi_balazo_04_vegyes.jpg\" alt=\"\" width=\"180\" height=\"135\"><\/a><\/p>\n<table border=\"0\" cellspacing=\"0\" cellpadding=\"0\">\n<tbody>\n<tr class=\"odd\">\n<td style=\"width: 30%;\">T\u00edpus\/vastags\u00e1g:<\/td>\n<td class=\"num\" style=\"width: 70%;\">Nm&nbsp;0,36<\/td>\n<\/tr>\n<tr>\n<td style=\"width: 30%;\">Kiad\u00f3ss\u00e1g:<\/td>\n<td class=\"num\" style=\"width: 70%;\">360 m\/kg<\/td>\n<\/tr>\n<tr class=\"odd\">\n<td style=\"width: 30%;\">Sz\u00edn:<\/td>\n<td class=\"num\" style=\"width: 70%;\">vegyes<\/td>\n<\/tr>\n<tr>\n<td style=\"width: 30%;\">Kiszerel\u00e9s:<\/td>\n<td class=\"num\" style=\"width: 70%;\">4 kg xo<\/td>\n<\/tr>\n<tr class=\"odd\">\n<td style=\"width: 30%;\">Szak\u00edt\u00f3er\u0151:<\/td>\n<td class=\"num\" style=\"width: 70%;\">960 N<\/td>\n<\/tr>\n<\/tbody>\n<\/table>\n<\/div>\n<h2><span style=\"color: #d4000b;\">0,36 PP sz\u00ednes b\u00e1l\u00e1z\u00f3 zsineg:<\/span><\/h2>\n<hr>\n<div id=\"tabla\">\n<p><a href=\"http:\/\/www.kenderfono.hu\/wp-content\/gallery\/pp_balazo-01\/szegedi_balazo_06_7szin.jpg\" rel=\"lightbox\"><img loading=\"lazy\" decoding=\"async\" src=\"http:\/\/www.kenderfono.hu\/wp-content\/gallery\/pp_balazo-01\/szegedi_balazo_06_7szin.jpg\" alt=\"\" width=\"180\" height=\"135\"><\/a><\/p>\n<table border=\"0\" cellspacing=\"0\" cellpadding=\"0\">\n<tbody>\n<tr class=\"odd\">\n<td style=\"width: 30%;\">T\u00edpus\/vastags\u00e1g:<\/td>\n<td class=\"num\" style=\"width: 70%;\">Nm&nbsp;0,36<\/td>\n<\/tr>\n<tr>\n<td style=\"width: 30%;\">Kiad\u00f3ss\u00e1g:<\/td>\n<td class=\"num\" style=\"width: 70%;\">360&nbsp;m\/kg<\/td>\n<\/tr>\n<tr class=\"odd\">\n<td style=\"width: 30%;\">Sz\u00edn:<\/td>\n<td class=\"num\" style=\"width: 70%;\">7 sz\u00ednben<\/td>\n<\/tr>\n<tr>\n<td style=\"width: 30%;\">Kiszerel\u00e9s:<\/td>\n<td class=\"num\" style=\"width: 70%;\">4 kg xo<\/td>\n<\/tr>\n<tr class=\"odd\">\n<td style=\"width: 30%;\">Szak\u00edt\u00f3er\u0151:<\/td>\n<td class=\"num\" style=\"width: 70%;\">990 N<\/td>\n<\/tr>\n<\/tbody>\n<\/table>\n<\/div>\n<h2><span style=\"color: #d4000b;\">0,60 PP vegyes b\u00e1l\u00e1z\u00f3 zsineg:<\/span><\/h2>\n<hr>\n<div id=\"tabla\">\n<p><a href=\"https:\/\/www.kenderfono.hu\/wp-content\/uploads\/2023\/09\/vegyes-balazo.jpg\"><img loading=\"lazy\" decoding=\"async\" class=\"alignnone wp-image-2550\" src=\"https:\/\/www.kenderfono.hu\/wp-content\/uploads\/2023\/09\/vegyes-balazo-300x240.jpg\" alt=\"\" width=\"180\" height=\"144\" srcset=\"https:\/\/www.kenderfono.hu\/wp-content\/uploads\/2023\/09\/vegyes-balazo-300x240.jpg 300w, https:\/\/www.kenderfono.hu\/wp-content\/uploads\/2023\/09\/vegyes-balazo.jpg 600w\" sizes=\"auto, (max-width: 180px) 100vw, 180px\" \/><\/a><\/p>\n<table border=\"0\" cellspacing=\"0\" cellpadding=\"0\">\n<tbody>\n<tr class=\"odd\">\n<td style=\"width: 30%;\">T\u00edpus\/vastags\u00e1g:<\/td>\n<td class=\"num\" style=\"width: 70%;\">Nm 0,60<\/td>\n<\/tr>\n<tr>\n<td style=\"width: 30%;\">Kiad\u00f3ss\u00e1g:<\/td>\n<td class=\"num\" style=\"width: 70%;\">600 m\/kg<\/td>\n<\/tr>\n<tr class=\"odd\">\n<td style=\"width: 30%;\">Sz\u00edn:<\/td>\n<td class=\"num\" style=\"width: 70%;\">vegyes<\/td>\n<\/tr>\n<tr>\n<td style=\"width: 30%;\">Kiszerel\u00e9s:<\/td>\n<td class=\"num\" style=\"width: 70%;\">4 kg\/keresztors\u00f3<\/td>\n<\/tr>\n<tr class=\"odd\">\n<td style=\"width: 30%;\">Szak\u00edt\u00f3er\u0151:<\/td>\n<td class=\"num\" style=\"width: 70%;\">560 N<\/td>\n<\/tr>\n<\/tbody>\n<\/table>\n<\/div>\n<h2>&nbsp;<\/h2>\n<h2>Felhaszn\u00e1l\u00e1si ter\u00fcletek:<\/h2>\n<hr>\n<p>A PP b\u00e1l\u00e1z\u00f3zsineg a b\u00e1l\u00e1z\u00e1si folyamat elengedhetetlen kell\u00e9ke. ngg_shortcode_1_placeholder<\/p>","protected":false},"excerpt":{"rendered":"<p>B\u00e1l\u00e1z\u00f3ink magas min\u0151s\u00e9gi sz\u00ednvonalat k\u00e9pviselnek, a \u201eSzegedi B\u00e1l\u00e1z\u00f3\u201d haz\u00e1nkban fogalom, nemzetk\u00f6zileg pedig referenciak\u00e9nt tartj\u00e1k sz\u00e1mon m\u00e1s hasonl\u00f3 gy\u00e1rtm\u00e1nyok meg\u00edt\u00e9l\u00e9sekor. Kiemelked\u0151 min\u0151s\u00e9g\u0171 term\u00e9k\u00fcnket \u00e9vek \u00f3ta k\u00edn\u00e1ljuk felhaszn\u00e1l\u00f3inknak. Minden t\u00edpus\u00fa mez\u0151gazdas\u00e1gi b\u00e1l\u00e1z\u00f3 g\u00e9phez megfelel\u0151, nagyszil\u00e1rds\u00e1g\u00fa b\u00e1l\u00e1z\u00f3 zsinegeinket a k\u00f6vetkez\u0151 m\u00f3don \u00e1ll\u00edtjuk el\u0151: polipropil\u00e9n granul\u00e1tumb\u00f3l \u00e9s sz\u00ednez\u00e9kb\u0151l szalagot k\u00e9sz\u00edt\u00fcnk, majd fibriliz\u00e1l\u00f3n (rost\u00edt\u00f3n) kereszt\u00fcl rostos\u00edtjuk. Ez biztos\u00edtja a zsineg [&hellip;]<\/p>\n","protected":false},"author":8,"featured_media":0,"parent":663,"menu_order":4,"comment_status":"open","ping_status":"closed","template":"","meta":{"ngg_post_thumbnail":0,"footnotes":""},"class_list":["post-767","page","type-page","status-publish","hentry"],"aioseo_notices":[],"_links":{"self":[{"href":"https:\/\/www.kenderfono.hu\/hu\/wp-json\/wp\/v2\/pages\/767","targetHints":{"allow":["GET"]}}],"collection":[{"href":"https:\/\/www.kenderfono.hu\/hu\/wp-json\/wp\/v2\/pages"}],"about":[{"href":"https:\/\/www.kenderfono.hu\/hu\/wp-json\/wp\/v2\/types\/page"}],"author":[{"embeddable":true,"href":"https:\/\/www.kenderfono.hu\/hu\/wp-json\/wp\/v2\/users\/8"}],"replies":[{"embeddable":true,"href":"https:\/\/www.kenderfono.hu\/hu\/wp-json\/wp\/v2\/comments?post=767"}],"version-history":[{"count":72,"href":"https:\/\/www.kenderfono.hu\/hu\/wp-json\/wp\/v2\/pages\/767\/revisions"}],"predecessor-version":[{"id":2552,"href":"https:\/\/www.kenderfono.hu\/hu\/wp-json\/wp\/v2\/pages\/767\/revisions\/2552"}],"up":[{"embeddable":true,"href":"https:\/\/www.kenderfono.hu\/hu\/wp-json\/wp\/v2\/pages\/663"}],"wp:attachment":[{"href":"https:\/\/www.kenderfono.hu\/hu\/wp-json\/wp\/v2\/media?parent=767"}],"curies":[{"name":"wp","href":"https:\/\/api.w.org\/{rel}","templated":true}]}}